{"id":8850,"date":"2021-08-09T14:36:54","date_gmt":"2021-08-09T11:36:54","guid":{"rendered":"https:\/\/orbislog.com\/get-in-touch\/"},"modified":"2025-03-03T14:39:08","modified_gmt":"2025-03-03T11:39:08","slug":"irtibat-bilgileri","status":"publish","type":"page","link":"https:\/\/orbislog.com\/tr\/irtibat-bilgileri","title":{"rendered":"\u0130rtibat Bilgileri"},"content":{"rendered":"\t\t<div data-elementor-type=\"wp-page\" data-elementor-id=\"8850\" class=\"elementor elementor-8850 elementor-3235\">\n\t\t\t\t\t\t<section class=\"elementor-section elementor-top-section elementor-element elementor-element-7c560f4 elementor-section-full_width elementor-section-height-default elementor-section-height-default qodef-elementor-content-no\" data-id=\"7c560f4\" data-element_type=\"section\" data-e-type=\"section\">\n\t\t\t\t\t\t<div class=\"elementor-container elementor-column-gap-no\">\n\t\t\t\t\t<div class=\"elementor-column elementor-col-100 elementor-top-column elementor-element elementor-element-d9837a0\" data-id=\"d9837a0\" data-element_type=\"column\" data-e-type=\"column\">\n\t\t\t<div class=\"elementor-widget-wrap elementor-element-populated\">\n\t\t\t\t\t\t<div class=\"elementor-element elementor-element-1befe17 elementor-widget elementor-widget-globefarer_core_google_map\" data-id=\"1befe17\" data-element_type=\"widget\" data-e-type=\"widget\" data-widget_type=\"globefarer_core_google_map.default\">\n\t\t\t\t<div class=\"elementor-widget-container\">\n\t\t\t\t\t<div class=\"qodef-shortcode qodef-m  qodef-google-map\">\n\t<div class=\"qodef-m-map\" id=\"qodef-map-id--544\" data-addresses='[\"https:\/\/www.google.com\/maps\/place\/Pitkin+Ave,+Brooklyn,+NY,+USA\/@40.6744164,-73.8812223,17z\/data=!3m1!4b1!4m5!3m4!1s0x89c25db047b4d133:0x22abf5527f7c7e0a!8m2!3d40.6744124!4d-73.8790336\"]' data-pin=https:\/\/orbislog.com\/wp-includes\/images\/media\/default.svg data-unique-id=544 data-height=700><\/div>\n<\/div>\n\t\t\t\t<\/div>\n\t\t\t\t<\/div>\n\t\t\t\t\t<\/div>\n\t\t<\/div>\n\t\t\t\t\t<\/div>\n\t\t<\/section>\n\t\t\t\t<section class=\"elementor-section elementor-top-section elementor-element elementor-element-d3f4823 elementor-section-full_width elementor-section-height-default elementor-section-height-default qodef-elementor-content-no\" data-id=\"d3f4823\" data-element_type=\"section\" data-e-type=\"section\">\n\t\t\t\t\t\t<div class=\"elementor-container elementor-column-gap-default\">\n\t\t\t\t\t<div class=\"elementor-column elementor-col-50 elementor-top-column elementor-element elementor-element-affefe8\" data-id=\"affefe8\" data-element_type=\"column\" data-e-type=\"column\">\n\t\t\t<div class=\"elementor-widget-wrap elementor-element-populated\">\n\t\t\t\t\t\t<div class=\"elementor-element elementor-element-bc0a846 elementor-widget elementor-widget-globefarer_core_section_title\" data-id=\"bc0a846\" data-element_type=\"widget\" data-e-type=\"widget\" data-widget_type=\"globefarer_core_section_title.default\">\n\t\t\t\t<div class=\"elementor-widget-container\">\n\t\t\t\t\t<div class=\"qodef-shortcode qodef-m  qodef-section-title qodef-alignment--left   qodef-appear-animation--no\">\n\t\t\t<h2 class=\"qodef-m-title\" >\n\t\t\t\t\tBizimle ileti\u015fime ge\u00e7in\t\t\t<\/h2>\n\t\t<p class=\"qodef-m-text\" style=\"margin-top: 27px\">Hizmetlerimiz hakk\u0131nda sormak istediklerinizi a\u015fa\u011f\u0131daki bilgiler arac\u0131l\u0131\u011f\u0131 ile bize iletebilirsiniz.<\/p>\n\t<\/div>\n\t\t\t\t<\/div>\n\t\t\t\t<\/div>\n\t\t\t\t<div class=\"elementor-element elementor-element-c9b103b elementor-widget__width-initial elementor-widget-mobile__width-inherit elementor-widget elementor-widget-globefarer_core_contact_info\" data-id=\"c9b103b\" data-element_type=\"widget\" data-e-type=\"widget\" data-widget_type=\"globefarer_core_contact_info.default\">\n\t\t\t\t<div class=\"elementor-widget-container\">\n\t\t\t\t\t<div class=\"qodef-shortcode qodef-m  qodef-contact-info qodef-layout--type-1 \">\n\t\t<div class=\"qodef-m-phone\">\n\t\t\t<h6 class=\"qodef-m-phone-tagline\">\n\t\tDestek Hatt\u0131\t<\/h6>\n\t\t<h2 class=\"qodef-m-phone-item\">\t<a itemprop=\"telephone\" href=\"tel:+902128017711\">\n\t\t+90 212 801 7711\t<\/a>\n\t<\/h2>\t<\/div>\n\t<div class=\"qodef-m-address\">\n\t\t\t<h6 class=\"qodef-m-address-tagline\">\n\t\tT\u00fcrkiye Adresimiz\t<\/h6>\n\t<h5 class=\"qodef-m-address-item\">\t<a href=\"https:\/\/www.google.com\/maps\/place\/Premier+Kamp%C3%BCs+Ka%C4%9F%C4%B1thane\/@41.0716157,28.9656962,17z\/data=!4m5!3m4!1s0x14cab71ce5a32e9b:0x7114444d601775c7!8m2!3d41.0715995!4d28.9671661\" target=\"_blank\" rel=\"noopener\">Premier Kamp\u00fcs, A Blok Floor: 3 Flat: 123<br\/>Istanbul - Turkey<\/a>\t<\/h5>\t<\/div>\n\t<div class=\"qodef-m-email\">\n\t\t\t<h6 class=\"qodef-m-email-tagline\">\n\t\tBize Yaz\u0131n\t<\/h6>\n\t<h5 class=\"qodef-m-email-item\">\t<a itemprop=\"email\" href=\"mailto:info@orbislog.com\">\n\t\tinfo@orbislog.com\t<\/a>\n\t<\/h5>\t<\/div>\n<\/div>\n\t\t\t\t<\/div>\n\t\t\t\t<\/div>\n\t\t\t\t\t<\/div>\n\t\t<\/div>\n\t\t\t\t<div class=\"elementor-column elementor-col-50 elementor-top-column elementor-element elementor-element-8106849\" data-id=\"8106849\" data-element_type=\"column\" data-e-type=\"column\">\n\t\t\t<div class=\"elementor-widget-wrap elementor-element-populated\">\n\t\t\t\t\t\t<div class=\"elementor-element elementor-element-31d8633 elementor-widget__width-inherit elementor-widget elementor-widget-html\" data-id=\"31d8633\" data-element_type=\"widget\" data-e-type=\"widget\" data-widget_type=\"html.default\">\n\t\t\t\t<div class=\"elementor-widget-container\">\n\t\t\t\t\t\n<div class=\"wpcf7 no-js\" id=\"wpcf7-f10860-o1\" lang=\"en-US\" dir=\"ltr\" data-wpcf7-id=\"10860\">\n<div class=\"screen-reader-response\"><p role=\"status\" aria-live=\"polite\" aria-atomic=\"true\"><\/p> <ul><\/ul><\/div>\n<form action=\"\/tr\/wp-json\/wp\/v2\/pages\/8850#wpcf7-f10860-o1\" method=\"post\" class=\"wpcf7-form init 33ae8767ad80 cmatic-conn cmatic-aud-1 cmatic-mapd0-0 cmatic-v0978 cmatic-sent-0 cmatic-total-55232\" aria-label=\"Contact form\" novalidate=\"novalidate\" data-status=\"init\">\n<fieldset class=\"hidden-fields-container\"><input type=\"hidden\" name=\"_wpcf7\" value=\"10860\" \/><input type=\"hidden\" name=\"_wpcf7_version\" value=\"6.1.5\" \/><input type=\"hidden\" name=\"_wpcf7_locale\" value=\"en_US\" \/><input type=\"hidden\" name=\"_wpcf7_unit_tag\" value=\"wpcf7-f10860-o1\" \/><input type=\"hidden\" name=\"_wpcf7_container_post\" value=\"0\" \/><input type=\"hidden\" name=\"_wpcf7_posted_data_hash\" value=\"\" \/>\n<\/fieldset>\n<label> Your name\n    <span class=\"wpcf7-form-control-wrap\" data-name=\"your-name\"><input size=\"40\" maxlength=\"400\" class=\"wpcf7-form-control wpcf7-text wpcf7-validates-as-required\" autocomplete=\"name\" aria-required=\"true\" aria-invalid=\"false\" value=\"\" type=\"text\" name=\"your-name\" \/><\/span> <\/label>\n\n<label> Your email\n    <span class=\"wpcf7-form-control-wrap\" data-name=\"your-email\"><input size=\"40\" maxlength=\"400\" class=\"wpcf7-form-control wpcf7-email wpcf7-validates-as-required wpcf7-text wpcf7-validates-as-email\" autocomplete=\"email\" aria-required=\"true\" aria-invalid=\"false\" value=\"\" type=\"email\" name=\"your-email\" \/><\/span> <\/label>\n\n<label> Your message (optional)\n    <span class=\"wpcf7-form-control-wrap\" data-name=\"your-message\"><textarea cols=\"40\" rows=\"10\" maxlength=\"2000\" class=\"wpcf7-form-control wpcf7-textarea\" aria-invalid=\"false\" name=\"your-message\"><\/textarea><\/span> <\/label>\n\n<button class=\"wpcf7-form-control wpcf7-submit qodef-button qodef-size--normal qodef-layout--filled qodef-m\" type=\"submit\"><span class=\"qodef-m-button-icon\"><svg class=\"qodef-svg--plus\" xmlns=\"http:\/\/www.w3.org\/2000\/svg\" xmlns:xlink=\"http:\/\/www.w3.org\/1999\/xlink\" width=\"14\" height=\"14\" viewBox=\"0 0 14 14\"><path class=\"qodef-m-horizontal\" d=\"M0,0H14V2H0Z\" transform=\"translate(0 6)\" \/><path class=\"qodef-m-vertical\" d=\"M0,0H2V14H0Z\" transform=\"translate(6)\" \/><\/svg><\/span><span class=\"qodef-m-button-text\">Submit<\/span><\/button><div class=\"wpcf7-response-output\" aria-hidden=\"true\"><\/div>\n<\/form>\n<\/div>\n\t\t\t\t<\/div>\n\t\t\t\t<\/div>\n\t\t\t\t\t<\/div>\n\t\t<\/div>\n\t\t\t\t\t<\/div>\n\t\t<\/section>\n\t\t\t\t<section class=\"elementor-section elementor-top-section elementor-element elementor-element-c6a8cc8 elementor-section-full_width elementor-section-content-middle elementor-section-height-default elementor-section-height-default qodef-elementor-content-no\" data-id=\"c6a8cc8\" data-element_type=\"section\" data-e-type=\"section\">\n\t\t\t\t\t\t<div class=\"elementor-container elementor-column-gap-no\">\n\t\t\t\t\t<div class=\"elementor-column elementor-col-100 elementor-top-column elementor-element elementor-element-760d07f\" data-id=\"760d07f\" data-element_type=\"column\" data-e-type=\"column\">\n\t\t\t<div class=\"elementor-widget-wrap elementor-element-populated\">\n\t\t\t\t\t\t<div class=\"elementor-element elementor-element-a03cfc2 elementor-widget elementor-widget-html\" data-id=\"a03cfc2\" data-element_type=\"widget\" data-e-type=\"widget\" data-widget_type=\"html.default\">\n\t\t\t\t<div class=\"elementor-widget-container\">\n\t\t\t\t\t<div class=\"elementor-container elementor-column-gap-default\">\r\n<div class=\"elementor-column elementor-col-100 elementor-top-column elementor-element elementor-element-a76a239\" data-id=\"a76a239\" data-element_type=\"column\">\r\n<div class=\"elementor-widget-wrap elementor-element-populated\">\r\n<div class=\"elementor-element elementor-element-069d01f elementor-widget elementor-widget-globefarer_core_blog_list\" data-id=\"069d01f\" data-element_type=\"widget\" data-widget_type=\"globefarer_core_blog_list.default\">\r\n<div class=\"elementor-widget-container\">\r\n<div class=\"qodef-shortcode qodef-m  qodef-blog qodef-item-layout--info-on-image qodef-hover-animation--no qodef-grid qodef-layout--columns  qodef-gutter--no qodef-col-num--4 qodef-item-layout--info-on-image qodef--no-bottom-space qodef-pagination--off qodef-responsive--custom qodef-col-num--1440--4 qodef-col-num--1366--4 qodef-col-num--1024--2 qodef-col-num--768--2 qodef-col-num--680--1 qodef-col-num--480--1\" data-options=\"{&quot;plugin&quot;:&quot;globefarer_core&quot;,&quot;module&quot;:&quot;blog\\\/shortcodes&quot;,&quot;shortcode&quot;:&quot;blog-list&quot;,&quot;post_type&quot;:&quot;post&quot;,&quot;next_page&quot;:&quot;2&quot;,&quot;max_pages_num&quot;:1,&quot;behavior&quot;:&quot;columns&quot;,&quot;images_proportion&quot;:&quot;full&quot;,&quot;columns&quot;:&quot;4&quot;,&quot;columns_responsive&quot;:&quot;custom&quot;,&quot;columns_1440&quot;:&quot;4&quot;,&quot;columns_1366&quot;:&quot;4&quot;,&quot;columns_1024&quot;:&quot;2&quot;,&quot;columns_768&quot;:&quot;2&quot;,&quot;columns_680&quot;:&quot;1&quot;,&quot;columns_480&quot;:&quot;1&quot;,&quot;space&quot;:&quot;no&quot;,&quot;posts_per_page&quot;:&quot;4&quot;,&quot;orderby&quot;:&quot;date&quot;,&quot;order&quot;:&quot;ASC&quot;,&quot;additional_params&quot;:&quot;tax&quot;,&quot;tax&quot;:&quot;category&quot;,&quot;tax_slug&quot;:&quot;Infrastructure&quot;,&quot;layout&quot;:&quot;info-on-image&quot;,&quot;title_tag&quot;:&quot;h3&quot;,&quot;excerpt_length&quot;:&quot;114&quot;,&quot;button_text&quot;:&quot;Read more about this case&quot;,&quot;line_break_positions&quot;:&quot;2&quot;,&quot;hover_animation&quot;:&quot;no&quot;,&quot;pagination_type&quot;:&quot;no-pagination&quot;,&quot;object_class_name&quot;:&quot;GlobeFarerCore_Blog_List_Shortcode&quot;,&quot;taxonomy_filter&quot;:&quot;category&quot;,&quot;additional_query_args&quot;:{&quot;tax_query&quot;:[{&quot;taxonomy&quot;:&quot;category&quot;,&quot;field&quot;:&quot;slug&quot;,&quot;terms&quot;:&quot;Infrastructure&quot;}]}}\">\r\n<div class=\"qodef-grid-inner clear\">\r\n\r\n<article class=\"qodef-e qodef-blog-item qodef-grid-item qodef-item--full post type-post status-publish format-video has-post-thumbnail hentry category-infrastructure tag-containers post_format-post-format-video\">\r\n<div class=\"qodef-e-inner\">\r\n<div class=\"qodef-e-media\">\r\n<div class=\"qodef-e-media-image\">\r\n<a href=\"#\">\r\n<img fetchpriority=\"high\" width=\"1400\" height=\"1950\" src=\"https:\/\/orbislog.com\/wp-content\/uploads\/ing\/1-1.jpg\" class=\"attachment-full size-full wp-post-image\" alt=\"\" decoding=\"async\" srcset=\"https:\/\/orbislog.com\/wp-content\/uploads\/ing\/1-i.jpg 1400w, https:\/\/orbislog.com\/wp-content\/uploads\/ing\/1-i.jpg 215w, https:\/\/orbislog.com\/wp-content\/uploads\/ing\/1-i.jpg 735w, https:\/\/orbislog.com\/wp-content\/uploads\/ing\/1-i.jpg 768w, https:\/\/orbislog.com\/wp-content\/uploads\/ing\/1-i.jpg 1103w\" sizes=\"(max-width: 1400px) 100vw, 1400px\"> <\/a>\r\n<\/div>\r\n<\/div>\r\n\r\n<div class=\"qodef-e-content qodef--initial\">\r\n<div class=\"qodef-e-text\">\r\n<h3 class=\"qodef-e-title entry-title\" style=\"color:#ffffff !important\">\u0130stanbul<\/h3>\r\n<\/div>\r\n<div class=\"qodef-e-top-holder\">\r\n<div class=\"qodef-e-info\" style=\"color: white !important;\"><div class=\"qodef-info-separator-end\"><\/div> <\/div>\r\n<\/div>\r\n<\/div>\r\n\r\n<div class=\"qodef-e-content qodef--hover\">\r\n<div class=\"qodef-e-text\">\r\n<div class=\"qodef-shortcode qodef-m  qodef-contact-info qodef-layout--type-1 \">\r\n<div class=\"qodef-m-phone\">\r\n<h6 class=\"qodef-m-phone-tagline\">Support Center 24\/7<\/h6>\r\n<h2 class=\"qodef-m-phone-item\"> <a itemprop=\"telephone\" style=\"color: white !important; font-size: x-large;\" href=\"tel:+902128017711\">\r\n+90 212 801 7711<\/a>\r\n<\/h2> <\/div>\r\n<div class=\"qodef-m-address\">\r\n<h6 class=\"qodef-m-address-tagline\">Our Address in Turkey<\/h6>\r\n<h5 class=\"qodef-m-address-item\"> <a style=\"color: white !important;\" href=\"https:\/\/www.google.com\/maps\/place\/Premier+Kamp%C3%BCs+Ka%C4%9F%C4%B1thane\/@41.0716157,28.9656962,17z\/data=!4m5!3m4!1s0x14cab71ce5a32e9b:0x7114444d601775c7!8m2!3d41.0715995!4d28.9671661\" target=\"_blank\" rel=\"noopener\">Premier Kamp\u00fcs, A Blok Floor: 3 Flat: 123<br>Istanbul - Turkey<\/a><\/h5><\/div>\r\n<div class=\"qodef-m-email\">\r\n<h6 class=\"qodef-m-email-tagline\">Write To Us\t<\/h6>\r\n<h5 class=\"qodef-m-email-item\"> <a itemprop=\"email\"  style=\"color: white !important;\" href=\"mailto:info@orbislog.com\">info@orbislog.com <\/a>\r\n<\/h5> <\/div>\r\n<\/div><\/div>\r\n<\/div>\r\n<\/article>\r\n\r\n\r\n<article class=\"qodef-e qodef-blog-item qodef-grid-item qodef-item--full post type-post status-publish format-video has-post-thumbnail hentry category-infrastructure tag-containers post_format-post-format-video\">\r\n<div class=\"qodef-e-inner\">\r\n<div class=\"qodef-e-media\">\r\n<div class=\"qodef-e-media-image\">\r\n<a href=\"#\">\r\n<img width=\"1400\" height=\"1950\" src=\"https:\/\/orbislog.com\/wp-content\/uploads\/ing\/3-3.jpg\" class=\"attachment-full size-full wp-post-image\" alt=\"\" decoding=\"async\" srcset=\"https:\/\/orbislog.com\/wp-content\/uploads\/ing\/3-iz.jpg 1400w, https:\/\/orbislog.com\/wp-content\/uploads\/ing\/3-iz.jpg 215w, https:\/\/orbislog.com\/wp-content\/uploads\/ing\/3-iz.jpg 735w, https:\/\/orbislog.com\/wp-content\/uploads\/ing\/3-iz.jpg 768w, https:\/\/orbislog.com\/wp-content\/uploads\/ing\/3-iz.jpg 1103w\" sizes=\"(max-width: 1400px) 100vw, 1400px\"> <\/a>\r\n<\/div>\r\n<\/div>\r\n\r\n<div class=\"qodef-e-content qodef--initial\">\r\n<div class=\"qodef-e-text\">\r\n<h3 class=\"qodef-e-title entry-title\" style=\"color:#ffffff !important\">\u0130zmir<\/h3>\r\n<\/div>\r\n<div class=\"qodef-e-top-holder\">\r\n<div class=\"qodef-e-info\" style=\"color: white !important;\"><div class=\"qodef-info-separator-end\"><\/div> <\/div>\r\n<\/div>\r\n<\/div>\r\n\r\n<div class=\"qodef-e-content qodef--hover\">\r\n<div class=\"qodef-e-text\">\r\n<div class=\"qodef-shortcode qodef-m  qodef-contact-info qodef-layout--type-1 \">\r\n<div class=\"qodef-m-phone\">\r\n<h6 class=\"qodef-m-phone-tagline\">Support Center 24\/7<\/h6>\r\n<h2 class=\"qodef-m-phone-item\"> <a itemprop=\"telephone\" style=\"color: white !important; font-size: x-large;\" href=\"tel:+447553653982\">\r\n+90 212 801 7711<\/a><\/h2> <\/div>\r\n<div class=\"qodef-m-address\">\r\n<h6 class=\"qodef-m-address-tagline\">Our Address in Turkey<\/h6>\r\n<h5 class=\"qodef-m-address-item\"> <a style=\"color: white !important;\" href=\"https:\/\/www.google.com\/maps\/place\/The+Nucleus+Business+and+Innovation+Centre\/@51.4609361,0.229003,17z\/data=!3m1!4b1!4m5!3m4!1s0x47d8b1a6381585eb:0xfb771147f480a522!8m2!3d51.4609361!4d0.2311917\" target=\"_blank\" rel=\"noopener\">Premier Kamp\u00fcs, A Blok Floor: 3 Flat: 123<br>Istanbul - Turkey<\/a><\/h5><\/div>\r\n<div class=\"qodef-m-email\">\r\n<h6 class=\"qodef-m-email-tagline\">Write To Us\t<\/h6>\r\n<h5 class=\"qodef-m-email-item\"> <a itemprop=\"email\"  style=\"color: white !important;\" href=\"mailto:info@orbislog.uk\">info@orbislog.com<\/a>\r\n<\/h5> <\/div>\r\n<\/div><\/div>\r\n<\/div>\r\n<\/article>\r\n\r\n\r\n<article class=\"qodef-e qodef-blog-item qodef-grid-item qodef-item--full post type-post status-publish format-video has-post-thumbnail hentry category-infrastructure tag-containers post_format-post-format-video\">\r\n<div class=\"qodef-e-inner\">\r\n<div class=\"qodef-e-media\">\r\n<div class=\"qodef-e-media-image\">\r\n<a href=\"#\">\r\n<img width=\"1400\" height=\"1950\" src=\"https:\/\/orbislog.com\/wp-content\/uploads\/ing\/4-4.jpg\" class=\"attachment-full size-full wp-post-image\" alt=\"\" decoding=\"async\" srcset=\"https:\/\/orbislog.com\/wp-content\/uploads\/ing\/2-m.jpg 1400w, https:\/\/orbislog.com\/wp-content\/uploads\/ing\/2-m.jpg 215w, https:\/\/orbislog.com\/wp-content\/uploads\/ing\/2-m.jpg 735w, https:\/\/orbislog.com\/wp-content\/uploads\/ing\/2-m.jpg 768w, https:\/\/orbislog.com\/wp-content\/uploads\/ing\/2-m.jpg 1103w\" sizes=\"(max-width: 1400px) 100vw, 1400px\"> <\/a>\r\n<\/div>\r\n<\/div>\r\n\r\n<div class=\"qodef-e-content qodef--initial\">\r\n<div class=\"qodef-e-text\">\r\n<h3 class=\"qodef-e-title entry-title\" style=\"color:#ffffff !important\">Mersin<\/h3>\r\n<\/div>\r\n<div class=\"qodef-e-top-holder\">\r\n<div class=\"qodef-e-info\" style=\"color: white !important;\"><div class=\"qodef-info-separator-end\"><\/div> <\/div>\r\n<\/div>\r\n<\/div>\r\n\r\n<div class=\"qodef-e-content qodef--hover\">\r\n<div class=\"qodef-e-text\">\r\n<div class=\"qodef-shortcode qodef-m  qodef-contact-info qodef-layout--type-1 \">\r\n<div class=\"qodef-m-phone\">\r\n<h6 class=\"qodef-m-phone-tagline\">\r\nSupport Center 24\/7<\/h6>\r\n<h2 class=\"qodef-m-phone-item\"> <a itemprop=\"telephone\" style=\"color: white !important; font-size: x-large;\" href=\"tel:+902128017711\">\r\n+90 212 801 7711<\/a>\r\n<\/h2> <\/div>\r\n<div class=\"qodef-m-address\">\r\n<h6 class=\"qodef-m-address-tagline\">\r\nOur Address in Turkey<\/h6>\r\n<h5 class=\"qodef-m-address-item\"> <a style=\"color: white !important;\" href=\"https:\/\/www.google.com\/maps\/place\/Premier+Kamp%C3%BCs+Ka%C4%9F%C4%B1thane\/@41.0716157,28.9656962,17z\/data=!4m5!3m4!1s0x14cab71ce5a32e9b:0x7114444d601775c7!8m2!3d41.0715995!4d28.9671661\" target=\"_blank\" rel=\"noopener\">Premier Kamp\u00fcs, A Blok Floor: 3 Flat: 123<br>Istanbul - Turkey<\/a><\/h5><\/div>\r\n<div class=\"qodef-m-email\">\r\n<h6 class=\"qodef-m-email-tagline\">\r\nWrite To Us\t<\/h6>\r\n<h5 class=\"qodef-m-email-item\"> <a itemprop=\"email\"  style=\"color: white !important;\" href=\"mailto:info@orbislog.com\">\r\ninfo@orbislog.com <\/a>\r\n<\/h5> <\/div>\r\n<\/div><\/div>\r\n<\/div>\r\n<\/article>\r\n\r\n\r\n<article class=\"qodef-e qodef-blog-item qodef-grid-item qodef-item--full post type-post status-publish format-video has-post-thumbnail hentry category-infrastructure tag-containers post_format-post-format-video\">\r\n<div class=\"qodef-e-inner\">\r\n<div class=\"qodef-e-media\">\r\n<div class=\"qodef-e-media-image\">\r\n<a href=\"#\">\r\n<img loading=\"lazy\" width=\"1400\" height=\"1950\" src=\"https:\/\/orbislog.com\/wp-content\/uploads\/ing\/2-2.jpg\" class=\"attachment-full size-full wp-post-image\" alt=\"\" decoding=\"async\" srcset=\"https:\/\/orbislog.com\/wp-content\/uploads\/ing\/4-in.jpg 1400w, https:\/\/orbislog.com\/wp-content\/uploads\/ing\/4-in.jpg 215w, https:\/\/orbislog.com\/wp-content\/uploads\/ing\/4-in.jpg 735w, https:\/\/orbislog.com\/wp-content\/uploads\/ing\/4-in.jpg 768w, https:\/\/orbislog.com\/wp-content\/uploads\/ing\/4-in.jpg 1103w\" sizes=\"(max-width: 1400px) 100vw, 1400px\"> <\/a>\r\n<\/div>\r\n<\/div>\r\n\r\n<div class=\"qodef-e-content qodef--initial\">\r\n<div class=\"qodef-e-text\">\r\n<h3 class=\"qodef-e-title entry-title\" style=\"color:#ffffff !important\">United Kingdom<\/h3>\r\n<\/div>\r\n<div class=\"qodef-e-top-holder\">\r\n<div class=\"qodef-e-info\" style=\"color: white !important;\"><div class=\"qodef-info-separator-end\"><\/div> <\/div>\r\n<\/div>\r\n<\/div>\r\n\r\n<div class=\"qodef-e-content qodef--hover\">\r\n<div class=\"qodef-e-text\">\r\n<div class=\"qodef-shortcode qodef-m  qodef-contact-info qodef-layout--type-1 \">\r\n<div class=\"qodef-m-phone\">\r\n<h6 class=\"qodef-m-phone-tagline\">\r\nSupport Center 24\/7<\/h6>\r\n<h2 class=\"qodef-m-phone-item\"> <a itemprop=\"telephone\" style=\"color: white !important; font-size: x-large;\" href=\"tel:+902128017711\">\r\n+44 755 365 3982<\/a>\r\n<\/h2> <\/div>\r\n<div class=\"qodef-m-address\">\r\n<h6 class=\"qodef-m-address-tagline\">\r\nOur Address in UK<\/h6>\r\n<h5 class=\"qodef-m-address-item\"> <a style=\"color: white !important;\" href=\"https:\/\/www.google.com\/maps\/place\/Premier+Kamp%C3%BCs+Ka%C4%9F%C4%B1thane\/@41.0716157,28.9656962,17z\/data=!4m5!3m4!1s0x14cab71ce5a32e9b:0x7114444d601775c7!8m2!3d41.0715995!4d28.9671661\" target=\"_blank\" rel=\"noopener\">New London House, Office 616, 6 London Street, EC3R 7AD <br>London, England<\/a><\/h5><\/div>\r\n<div class=\"qodef-m-email\">\r\n<h6 class=\"qodef-m-email-tagline\">\r\nWrite To Us\t<\/h6>\r\n<h5 class=\"qodef-m-email-item\"> <a itemprop=\"email\"  style=\"color: white !important;\" href=\"mailto:info@orbislog.com\">\r\ninfo@orbislog.uk <\/a>\r\n<\/h5> <\/div>\r\n<\/div><\/div>\r\n<\/div>\r\n<\/article>\r\n\r\n\r\n\r\n<\/div>\r\n<\/div>\r\n<\/div>\r\n<\/div>\r\n<\/div>\r\n<\/div>\r\n<\/div>\t\t\t\t<\/div>\n\t\t\t\t<\/div>\n\t\t\t\t\t<\/div>\n\t\t<\/div>\n\t\t\t\t\t<\/div>\n\t\t<\/section>\n\t\t\t\t<\/div>\n\t\t","protected":false},"excerpt":{"rendered":"<p>Bizimle ileti\u015fime ge\u00e7in Hizmetlerimiz hakk\u0131nda sormak istediklerinizi a\u015fa\u011f\u0131daki bilgiler arac\u0131l\u0131\u011f\u0131 ile bize iletebilirsiniz. Destek Hatt\u0131 +90 212 801 7711 T\u00fcrkiye Adresimiz Premier Kamp\u00fcs, A Blok Floor: 3 Flat: 123Istanbul &#8211; Turkey Bize Yaz\u0131n info@orbislog.com \u0130stanbul Support Center 24\/7 +90 212 801 7711 Our Address in Turkey Premier Kamp\u00fcs, A Blok Floor: 3 Flat: 123Istanbul &#8211; [&hellip;]<\/p>\n","protected":false},"author":1,"featured_media":0,"parent":0,"menu_order":0,"comment_status":"closed","ping_status":"closed","template":"page-full-width.php","meta":{"footnotes":""},"class_list":["post-8850","page","type-page","status-publish","hentry"],"_links":{"self":[{"href":"https:\/\/orbislog.com\/tr\/wp-json\/wp\/v2\/pages\/8850","targetHints":{"allow":["GET"]}}],"collection":[{"href":"https:\/\/orbislog.com\/tr\/wp-json\/wp\/v2\/pages"}],"about":[{"href":"https:\/\/orbislog.com\/tr\/wp-json\/wp\/v2\/types\/page"}],"author":[{"embeddable":true,"href":"https:\/\/orbislog.com\/tr\/wp-json\/wp\/v2\/users\/1"}],"replies":[{"embeddable":true,"href":"https:\/\/orbislog.com\/tr\/wp-json\/wp\/v2\/comments?post=8850"}],"version-history":[{"count":11,"href":"https:\/\/orbislog.com\/tr\/wp-json\/wp\/v2\/pages\/8850\/revisions"}],"predecessor-version":[{"id":11398,"href":"https:\/\/orbislog.com\/tr\/wp-json\/wp\/v2\/pages\/8850\/revisions\/11398"}],"wp:attachment":[{"href":"https:\/\/orbislog.com\/tr\/wp-json\/wp\/v2\/media?parent=8850"}],"curies":[{"name":"wp","href":"https:\/\/api.w.org\/{rel}","templated":true}]}}