{"id":8769,"date":"2021-08-11T11:11:16","date_gmt":"2021-08-11T08:11:16","guid":{"rendered":"https:\/\/orbislog.com\/available-positions\/"},"modified":"2023-03-21T12:20:45","modified_gmt":"2023-03-21T09:20:45","slug":"kariyer","status":"publish","type":"page","link":"https:\/\/orbislog.com\/tr\/kariyer","title":{"rendered":"Kariyer"},"content":{"rendered":"\t\t<div data-elementor-type=\"wp-page\" data-elementor-id=\"8769\" class=\"elementor elementor-8769 elementor-3772\">\n\t\t\t\t\t\t<section class=\"elementor-section elementor-top-section elementor-element elementor-element-98bfbc1 qodef-elementor-content-grid elementor-section-full_width elementor-section-height-default elementor-section-height-default\" data-id=\"98bfbc1\" data-element_type=\"section\" data-e-type=\"section\">\n\t\t\t\t\t\t<div class=\"elementor-container elementor-column-gap-no\">\n\t\t\t\t\t<div class=\"elementor-column elementor-col-100 elementor-top-column elementor-element elementor-element-24d88fe\" data-id=\"24d88fe\" data-element_type=\"column\" data-e-type=\"column\">\n\t\t\t<div class=\"elementor-widget-wrap elementor-element-populated\">\n\t\t\t\t\t\t<div class=\"elementor-element elementor-element-8d8f946 elementor-widget elementor-widget-globefarer_core_divided_image_info\" data-id=\"8d8f946\" data-element_type=\"widget\" data-e-type=\"widget\" data-widget_type=\"globefarer_core_divided_image_info.default\">\n\t\t\t\t<div class=\"elementor-widget-container\">\n\t\t\t\t\t<div class=\"qodef-shortcode qodef-m  qodef-divided-image-info qodef-layout--image-left qodef-separator--on qodef-vertically-centered--on qodef-breakpoint--1024 qodef-appear-animation--no \">\n\t\t<div class=\"qodef-m-image\" style=\"width: 51.5%\">\n\t\t<img fetchpriority=\"high\" decoding=\"async\" width=\"800\" height=\"479\" src=\"https:\/\/orbislog.com\/wp-content\/uploads\/2021\/08\/careers-img.jpg\" class=\"attachment-full size-full\" alt=\"d\" srcset=\"https:\/\/orbislog.com\/wp-content\/uploads\/2021\/08\/careers-img.jpg 800w, https:\/\/orbislog.com\/wp-content\/uploads\/2021\/08\/careers-img-300x180.jpg 300w, https:\/\/orbislog.com\/wp-content\/uploads\/2021\/08\/careers-img-768x460.jpg 768w\" sizes=\"(max-width: 800px) 100vw, 800px\" \/>\t<\/div>\n<div class=\"qodef-m-content\" >\n\t\t\t<h2 itemprop=\"name\" class=\"qodef-m-title\" style=\"margin-bottom: 30px\">\n\tSiz de ailemizin bir par\u00e7as\u0131 olmak istiyorsan\u0131z a\u015fa\u011f\u0131daki pozisyonlar i\u00e7in ba\u015fvurabilirsiniz\t<\/h2>\n\t<p class=\"qodef-m-text\" >\n\t\tOrbis&#039;te sundu\u011fumuz tekliflerimizi geli\u015ftirmek i\u00e7in personelimizi her zaman iyile\u015ftirmeye \u00e7al\u0131\u015f\u0131yoruz. Bizimle \u00e7al\u0131\u015fmaya gelen herkesin sunacak bir \u015feyleri oldu\u011funa ve \u015firket i\u00e7in e\u015fsiz birer varl\u0131k olduklar\u0131na inan\u0131yoruz. \t<\/p>\n<\/div>\n<\/div>\n\t\t\t\t<\/div>\n\t\t\t\t<\/div>\n\t\t\t\t\t<\/div>\n\t\t<\/div>\n\t\t\t\t\t<\/div>\n\t\t<\/section>\n\t\t\t\t<\/div>\n\t\t","protected":false},"excerpt":{"rendered":"<p>Siz de ailemizin bir par\u00e7as\u0131 olmak istiyorsan\u0131z a\u015fa\u011f\u0131daki pozisyonlar i\u00e7in ba\u015fvurabilirsiniz Orbis&#039;te sundu\u011fumuz tekliflerimizi geli\u015ftirmek i\u00e7in personelimizi her zaman iyile\u015ftirmeye \u00e7al\u0131\u015f\u0131yoruz. Bizimle \u00e7al\u0131\u015fmaya gelen herkesin sunacak bir \u015feyleri oldu\u011funa ve \u015firket i\u00e7in e\u015fsiz birer varl\u0131k olduklar\u0131na inan\u0131yoruz.<\/p>\n","protected":false},"author":1,"featured_media":0,"parent":0,"menu_order":0,"comment_status":"closed","ping_status":"closed","template":"page-full-width.php","meta":{"footnotes":""},"class_list":["post-8769","page","type-page","status-publish","hentry"],"_links":{"self":[{"href":"https:\/\/orbislog.com\/tr\/wp-json\/wp\/v2\/pages\/8769","targetHints":{"allow":["GET"]}}],"collection":[{"href":"https:\/\/orbislog.com\/tr\/wp-json\/wp\/v2\/pages"}],"about":[{"href":"https:\/\/orbislog.com\/tr\/wp-json\/wp\/v2\/types\/page"}],"author":[{"embeddable":true,"href":"https:\/\/orbislog.com\/tr\/wp-json\/wp\/v2\/users\/1"}],"replies":[{"embeddable":true,"href":"https:\/\/orbislog.com\/tr\/wp-json\/wp\/v2\/comments?post=8769"}],"version-history":[{"count":1,"href":"https:\/\/orbislog.com\/tr\/wp-json\/wp\/v2\/pages\/8769\/revisions"}],"predecessor-version":[{"id":10735,"href":"https:\/\/orbislog.com\/tr\/wp-json\/wp\/v2\/pages\/8769\/revisions\/10735"}],"wp:attachment":[{"href":"https:\/\/orbislog.com\/tr\/wp-json\/wp\/v2\/media?parent=8769"}],"curies":[{"name":"wp","href":"https:\/\/api.w.org\/{rel}","templated":true}]}}