{"id":8760,"date":"2021-08-09T12:35:00","date_gmt":"2021-08-09T09:35:00","guid":{"rendered":"https:\/\/orbislog.com\/our-clients\/"},"modified":"2023-03-09T11:32:49","modified_gmt":"2023-03-09T08:32:49","slug":"referanslarimiz","status":"publish","type":"page","link":"https:\/\/orbislog.com\/tr\/referanslarimiz","title":{"rendered":"Referanslar\u0131m\u0131z"},"content":{"rendered":"\t\t<div data-elementor-type=\"wp-page\" data-elementor-id=\"8760\" class=\"elementor elementor-8760 elementor-3094\">\n\t\t\t\t\t\t<section class=\"elementor-section elementor-top-section elementor-element elementor-element-f5a7570 elementor-section-full_width elementor-reverse-tablet elementor-reverse-mobile qodef-elementor-content-grid elementor-section-height-default elementor-section-height-default\" data-id=\"f5a7570\" data-element_type=\"section\" data-e-type=\"section\" data-settings=\"{&quot;background_background&quot;:&quot;classic&quot;}\">\n\t\t\t\t\t\t<div class=\"elementor-container elementor-column-gap-no\">\n\t\t\t\t\t<div class=\"elementor-column elementor-col-100 elementor-top-column elementor-element elementor-element-764306d\" data-id=\"764306d\" data-element_type=\"column\" data-e-type=\"column\">\n\t\t\t<div class=\"elementor-widget-wrap elementor-element-populated\">\n\t\t\t\t\t\t<div class=\"elementor-element elementor-element-8e9a0a1 elementor-widget elementor-widget-globefarer_core_section_title\" data-id=\"8e9a0a1\" data-element_type=\"widget\" data-e-type=\"widget\" data-widget_type=\"globefarer_core_section_title.default\">\n\t\t\t\t<div class=\"elementor-widget-container\">\n\t\t\t\t\t<div class=\"qodef-shortcode qodef-m  qodef-section-title qodef-alignment--left   qodef-appear-animation--no\">\n\t\t\t<h2 class=\"qodef-m-title\" style=\"color: #000000\">\n\t\t\t\t\t\u00c7\u00f6z\u00fcmlerimizin nas\u0131l fark yaratt\u0131\u011f\u0131n\u0131 ke\u015ffedin.\t\t\t<\/h2>\n\t\t<\/div>\n\t\t\t\t<\/div>\n\t\t\t\t<\/div>\n\t\t\t\t<div class=\"elementor-element elementor-element-694aca6 elementor-widget__width-inherit elementor-widget elementor-widget-text-editor\" data-id=\"694aca6\" data-element_type=\"widget\" data-e-type=\"widget\" data-widget_type=\"text-editor.default\">\n\t\t\t\t<div class=\"elementor-widget-container\">\n\t\t\t\t\t\t\t\t\t<p>Yurtd\u0131\u015f\u0131 ya da yurti\u00e7inde ta\u015f\u0131nmas\u0131 gereken \u00fcr\u00fcnleriniz mi var?<\/p><p>Deniz, hava ve kara ta\u015f\u0131mac\u0131l\u0131k hizmetleri ile <a href=\"https:\/\/www.linkedin.com\/company\/orbis-logistics-solutions\/\" target=\"_blank\" rel=\"noopener\">ORBIS Lojistik<\/a> olarak \u00fcr\u00fcnlerinizi h\u0131zl\u0131 ve verimli bir \u015fekilde teslim etmenizi garanti ediyoruz. Deneyimli ekibimiz, i\u015finizi b\u00fcy\u00fctmeye odaklanabilmeniz i\u00e7in her bir konteynerin g\u00fcvenli bir \u015fekilde adrese ula\u015fmas\u0131n\u0131 sa\u011flayacakt\u0131r.<\/p>\t\t\t\t\t\t\t\t<\/div>\n\t\t\t\t<\/div>\n\t\t\t\t<div class=\"elementor-element elementor-element-d0535cf elementor-widget elementor-widget-globefarer_core_button\" data-id=\"d0535cf\" data-element_type=\"widget\" data-e-type=\"widget\" data-widget_type=\"globefarer_core_button.default\">\n\t\t\t\t<div class=\"elementor-widget-container\">\n\t\t\t\t\t<a class=\"qodef-shortcode qodef-m  qodef-button qodef-layout--filled  qodef-html--link\" href=\"https:\/\/orbislog.com\/tr\/irtibat-bilgileri\" target=\"_self\" style=\"color: #FFFFFF\">\n\t\t\t<span class=\"qodef-m-button-icon\"><svg class=\"qodef-svg--plus\" xmlns=\"http:\/\/www.w3.org\/2000\/svg\" xmlns:xlink=\"http:\/\/www.w3.org\/1999\/xlink\" width=\"14\" height=\"14\" viewBox=\"0 0 14 14\"><path class=\"qodef-m-horizontal\" d=\"M0,0H14V2H0Z\" transform=\"translate(0 6)\" \/><path class=\"qodef-m-vertical\" d=\"M0,0H2V14H0Z\" transform=\"translate(6)\" \/><\/svg><\/span>\n\t\t\t\t<span class=\"qodef-m-button-text\">\u0130leti\u015fime Ge\u00e7<\/span>\n\t<\/a>\n\t\t\t\t<\/div>\n\t\t\t\t<\/div>\n\t\t\t\t\t<\/div>\n\t\t<\/div>\n\t\t\t\t\t<\/div>\n\t\t<\/section>\n\t\t\t\t<section class=\"elementor-section elementor-top-section elementor-element elementor-element-523548c elementor-section-full_width elementor-section-height-default elementor-section-height-default qodef-elementor-content-no\" data-id=\"523548c\" data-element_type=\"section\" data-e-type=\"section\">\n\t\t\t\t\t\t<div class=\"elementor-container elementor-column-gap-no\">\n\t\t\t\t\t<div class=\"elementor-column elementor-col-100 elementor-top-column elementor-element elementor-element-487a49c\" data-id=\"487a49c\" data-element_type=\"column\" data-e-type=\"column\">\n\t\t\t<div class=\"elementor-widget-wrap elementor-element-populated\">\n\t\t\t\t\t\t<div class=\"elementor-element elementor-element-4ae986a elementor-widget elementor-widget-globefarer_core_clients_list\" data-id=\"4ae986a\" data-element_type=\"widget\" data-e-type=\"widget\" data-widget_type=\"globefarer_core_clients_list.default\">\n\t\t\t\t<div class=\"elementor-widget-container\">\n\t\t\t\t\t<div class=\"qodef-shortcode qodef-m  qodef-clients-list qodef-grid qodef-layout--columns  qodef-gutter--no qodef-col-num--5 qodef-item-layout--image-only qodef-responsive--custom qodef-col-num--1440--5 qodef-col-num--1366--5 qodef-col-num--1024--2 qodef-col-num--768--2 qodef-col-num--680--1 qodef-col-num--480--1 qodef-hover-animation--fade-in\">\n\t<div class=\"qodef-grid-inner clear\">\n\t\t<span class=\"qodef-e qodef-grid-item \">\n\t<span class=\"qodef-e-inner\" style=\"outline-color: #FFFFFF26\">\n\t\t\t<span class=\"qodef-e-image\">\n\t\t\t\t\t\t\t<span class=\"qodef-e-hover-logo\">\n\t\t\t\t\t<img fetchpriority=\"high\" decoding=\"async\" width=\"600\" height=\"500\" src=\"https:\/\/orbislog.com\/wp-content\/uploads\/2021\/08\/1.png\" class=\"attachment-full size-full\" alt=\"getir-logistics\" srcset=\"https:\/\/orbislog.com\/wp-content\/uploads\/2021\/08\/1.png 600w, https:\/\/orbislog.com\/wp-content\/uploads\/2021\/08\/1-300x250.png 300w\" sizes=\"(max-width: 600px) 100vw, 600px\" \/>\t\t\t\t<\/span>\n\t\t\t\t\t\t\t\t\t\t<span class=\"qodef-e-logo\">\n\t\t\t\t\t<img decoding=\"async\" width=\"864\" height=\"486\" src=\"https:\/\/orbislog.com\/wp-content\/uploads\/2021\/08\/C-05-1.png\" class=\"attachment-full size-full\" alt=\"getir-logo\" srcset=\"https:\/\/orbislog.com\/wp-content\/uploads\/2021\/08\/C-05-1.png 864w, https:\/\/orbislog.com\/wp-content\/uploads\/2021\/08\/C-05-1-300x169.png 300w, https:\/\/orbislog.com\/wp-content\/uploads\/2021\/08\/C-05-1-768x432.png 768w\" sizes=\"(max-width: 864px) 100vw, 864px\" \/>\t\t\t\t<\/span>\n\t\t\t\t\t\t\t\t<a itemprop=\"url\" href=\"#\" target=\"_blank\"><\/a>\n\t\t\t<\/span>\n\t<\/span>\n<\/span>\n<span class=\"qodef-e qodef-grid-item \">\n\t<span class=\"qodef-e-inner\" style=\"outline-color: #FFFFFF26\">\n\t\t\t<span class=\"qodef-e-image\">\n\t\t\t\t\t\t\t<span class=\"qodef-e-hover-logo\">\n\t\t\t\t\t<img decoding=\"async\" width=\"600\" height=\"500\" src=\"https:\/\/orbislog.com\/wp-content\/uploads\/2021\/08\/4-1.png\" class=\"attachment-full size-full\" alt=\"glass\" srcset=\"https:\/\/orbislog.com\/wp-content\/uploads\/2021\/08\/4-1.png 600w, https:\/\/orbislog.com\/wp-content\/uploads\/2021\/08\/4-1-300x250.png 300w\" sizes=\"(max-width: 600px) 100vw, 600px\" \/>\t\t\t\t<\/span>\n\t\t\t\t\t\t\t\t\t\t<span class=\"qodef-e-logo\">\n\t\t\t\t\t<img loading=\"lazy\" decoding=\"async\" width=\"864\" height=\"486\" src=\"https:\/\/orbislog.com\/wp-content\/uploads\/2021\/08\/C-04-1.png\" class=\"attachment-full size-full\" alt=\"sisecam-logo\" srcset=\"https:\/\/orbislog.com\/wp-content\/uploads\/2021\/08\/C-04-1.png 864w, https:\/\/orbislog.com\/wp-content\/uploads\/2021\/08\/C-04-1-300x169.png 300w, https:\/\/orbislog.com\/wp-content\/uploads\/2021\/08\/C-04-1-768x432.png 768w\" sizes=\"(max-width: 864px) 100vw, 864px\" \/>\t\t\t\t<\/span>\n\t\t\t\t\t\t\t\t<a itemprop=\"url\" href=\"#\" target=\"_blank\"><\/a>\n\t\t\t<\/span>\n\t<\/span>\n<\/span>\n<span class=\"qodef-e qodef-grid-item \">\n\t<span class=\"qodef-e-inner\" style=\"outline-color: #FFFFFF26\">\n\t\t\t<span class=\"qodef-e-image\">\n\t\t\t\t\t\t\t<span class=\"qodef-e-hover-logo\">\n\t\t\t\t\t<img loading=\"lazy\" decoding=\"async\" width=\"600\" height=\"500\" src=\"https:\/\/orbislog.com\/wp-content\/uploads\/2021\/08\/1-1.png\" class=\"attachment-full size-full\" alt=\"arcelik-robots\" srcset=\"https:\/\/orbislog.com\/wp-content\/uploads\/2021\/08\/1-1.png 600w, https:\/\/orbislog.com\/wp-content\/uploads\/2021\/08\/1-1-300x250.png 300w\" sizes=\"(max-width: 600px) 100vw, 600px\" \/>\t\t\t\t<\/span>\n\t\t\t\t\t\t\t\t\t\t<span class=\"qodef-e-logo\">\n\t\t\t\t\t<img loading=\"lazy\" decoding=\"async\" width=\"200\" height=\"52\" src=\"https:\/\/orbislog.com\/wp-content\/uploads\/2021\/08\/C-02-1.png\" class=\"attachment-full size-full\" alt=\"arcelik-logo\" \/>\t\t\t\t<\/span>\n\t\t\t\t\t\t\t\t<a itemprop=\"url\" href=\"#\" target=\"_blank\"><\/a>\n\t\t\t<\/span>\n\t<\/span>\n<\/span>\n<span class=\"qodef-e qodef-grid-item \">\n\t<span class=\"qodef-e-inner\" style=\"outline-color: #FFFFFF26\">\n\t\t\t<span class=\"qodef-e-image\">\n\t\t\t\t\t\t\t<span class=\"qodef-e-hover-logo\">\n\t\t\t\t\t<img loading=\"lazy\" decoding=\"async\" width=\"600\" height=\"500\" src=\"https:\/\/orbislog.com\/wp-content\/uploads\/2021\/08\/8.png\" class=\"attachment-full size-full\" alt=\"biscuit\" srcset=\"https:\/\/orbislog.com\/wp-content\/uploads\/2021\/08\/8.png 600w, https:\/\/orbislog.com\/wp-content\/uploads\/2021\/08\/8-300x250.png 300w\" sizes=\"(max-width: 600px) 100vw, 600px\" \/>\t\t\t\t<\/span>\n\t\t\t\t\t\t\t\t\t\t<span class=\"qodef-e-logo\">\n\t\t\t\t\t<img loading=\"lazy\" decoding=\"async\" width=\"864\" height=\"486\" src=\"https:\/\/orbislog.com\/wp-content\/uploads\/2021\/08\/C-03-1-1.png\" class=\"attachment-full size-full\" alt=\"eti-logo\" srcset=\"https:\/\/orbislog.com\/wp-content\/uploads\/2021\/08\/C-03-1-1.png 864w, https:\/\/orbislog.com\/wp-content\/uploads\/2021\/08\/C-03-1-1-300x169.png 300w, https:\/\/orbislog.com\/wp-content\/uploads\/2021\/08\/C-03-1-1-768x432.png 768w\" sizes=\"(max-width: 864px) 100vw, 864px\" \/>\t\t\t\t<\/span>\n\t\t\t\t\t\t\t\t<a itemprop=\"url\" href=\"#\" target=\"_blank\"><\/a>\n\t\t\t<\/span>\n\t<\/span>\n<\/span>\n<span class=\"qodef-e qodef-grid-item \">\n\t<span class=\"qodef-e-inner\" style=\"outline-color: #FFFFFF26\">\n\t\t\t<span class=\"qodef-e-image\">\n\t\t\t\t\t\t\t<span class=\"qodef-e-hover-logo\">\n\t\t\t\t\t<img loading=\"lazy\" decoding=\"async\" width=\"600\" height=\"500\" src=\"https:\/\/orbislog.com\/wp-content\/uploads\/2021\/08\/2.png\" class=\"attachment-full size-full\" alt=\"vestel-products\" srcset=\"https:\/\/orbislog.com\/wp-content\/uploads\/2021\/08\/2.png 600w, https:\/\/orbislog.com\/wp-content\/uploads\/2021\/08\/2-300x250.png 300w\" sizes=\"(max-width: 600px) 100vw, 600px\" \/>\t\t\t\t<\/span>\n\t\t\t\t\t\t\t\t\t\t<span class=\"qodef-e-logo\">\n\t\t\t\t\t<img loading=\"lazy\" decoding=\"async\" width=\"200\" height=\"52\" src=\"https:\/\/orbislog.com\/wp-content\/uploads\/2021\/08\/C-01-1.png\" class=\"attachment-full size-full\" alt=\"vestel-logo\" \/>\t\t\t\t<\/span>\n\t\t\t\t\t\t\t\t<a itemprop=\"url\" href=\"#\" target=\"_blank\"><\/a>\n\t\t\t<\/span>\n\t<\/span>\n<\/span>\n<span class=\"qodef-e qodef-grid-item \">\n\t<span class=\"qodef-e-inner\" style=\"outline-color: #FFFFFF26\">\n\t\t\t<span class=\"qodef-e-image\">\n\t\t\t\t\t\t\t<span class=\"qodef-e-hover-logo\">\n\t\t\t\t\t<img loading=\"lazy\" decoding=\"async\" width=\"600\" height=\"500\" src=\"https:\/\/orbislog.com\/wp-content\/uploads\/2021\/08\/9.png\" class=\"attachment-full size-full\" alt=\"special-containers\" srcset=\"https:\/\/orbislog.com\/wp-content\/uploads\/2021\/08\/9.png 600w, https:\/\/orbislog.com\/wp-content\/uploads\/2021\/08\/9-300x250.png 300w\" sizes=\"(max-width: 600px) 100vw, 600px\" \/>\t\t\t\t<\/span>\n\t\t\t\t\t\t\t\t\t\t<span class=\"qodef-e-logo\">\n\t\t\t\t\t<img loading=\"lazy\" decoding=\"async\" width=\"736\" height=\"552\" src=\"https:\/\/orbislog.com\/wp-content\/uploads\/2021\/08\/C-08-2.png\" class=\"attachment-full size-full\" alt=\"aksa-jenerator\" srcset=\"https:\/\/orbislog.com\/wp-content\/uploads\/2021\/08\/C-08-2.png 736w, https:\/\/orbislog.com\/wp-content\/uploads\/2021\/08\/C-08-2-300x225.png 300w\" sizes=\"(max-width: 736px) 100vw, 736px\" \/>\t\t\t\t<\/span>\n\t\t\t\t\t\t\t\t<a itemprop=\"url\" href=\"#\" target=\"_blank\"><\/a>\n\t\t\t<\/span>\n\t<\/span>\n<\/span>\n<span class=\"qodef-e qodef-grid-item \">\n\t<span class=\"qodef-e-inner\" style=\"outline-color: #FFFFFF26\">\n\t\t\t<span class=\"qodef-e-image\">\n\t\t\t\t\t\t\t<span class=\"qodef-e-hover-logo\">\n\t\t\t\t\t<img loading=\"lazy\" decoding=\"async\" width=\"600\" height=\"500\" src=\"https:\/\/orbislog.com\/wp-content\/uploads\/2021\/08\/3.png\" class=\"attachment-full size-full\" alt=\"pasta\" srcset=\"https:\/\/orbislog.com\/wp-content\/uploads\/2021\/08\/3.png 600w, https:\/\/orbislog.com\/wp-content\/uploads\/2021\/08\/3-300x250.png 300w\" sizes=\"(max-width: 600px) 100vw, 600px\" \/>\t\t\t\t<\/span>\n\t\t\t\t\t\t\t\t\t\t<span class=\"qodef-e-logo\">\n\t\t\t\t\t<img loading=\"lazy\" decoding=\"async\" width=\"735\" height=\"552\" src=\"https:\/\/orbislog.com\/wp-content\/uploads\/2021\/08\/C-06-1.png\" class=\"attachment-full size-full\" alt=\"mutlu-makarna-pasta\" srcset=\"https:\/\/orbislog.com\/wp-content\/uploads\/2021\/08\/C-06-1.png 735w, https:\/\/orbislog.com\/wp-content\/uploads\/2021\/08\/C-06-1-300x225.png 300w\" sizes=\"(max-width: 735px) 100vw, 735px\" \/>\t\t\t\t<\/span>\n\t\t\t\t\t\t\t\t<a itemprop=\"url\" href=\"#\" target=\"_blank\"><\/a>\n\t\t\t<\/span>\n\t<\/span>\n<\/span>\n<span class=\"qodef-e qodef-grid-item \">\n\t<span class=\"qodef-e-inner\" style=\"outline-color: #FFFFFF26\">\n\t\t\t<span class=\"qodef-e-image\">\n\t\t\t\t\t\t\t<span class=\"qodef-e-hover-logo\">\n\t\t\t\t\t<img loading=\"lazy\" decoding=\"async\" width=\"600\" height=\"500\" src=\"https:\/\/orbislog.com\/wp-content\/uploads\/2021\/08\/3-1.png\" class=\"attachment-full size-full\" alt=\"wood-logistics\" srcset=\"https:\/\/orbislog.com\/wp-content\/uploads\/2021\/08\/3-1.png 600w, https:\/\/orbislog.com\/wp-content\/uploads\/2021\/08\/3-1-300x250.png 300w\" sizes=\"(max-width: 600px) 100vw, 600px\" \/>\t\t\t\t<\/span>\n\t\t\t\t\t\t\t\t\t\t<span class=\"qodef-e-logo\">\n\t\t\t\t\t<img loading=\"lazy\" decoding=\"async\" width=\"2232\" height=\"668\" src=\"https:\/\/orbislog.com\/wp-content\/uploads\/2021\/08\/128092.png\" class=\"attachment-full size-full\" alt=\"kastamonu-logistics\" srcset=\"https:\/\/orbislog.com\/wp-content\/uploads\/2021\/08\/128092.png 2232w, https:\/\/orbislog.com\/wp-content\/uploads\/2021\/08\/128092-300x90.png 300w, https:\/\/orbislog.com\/wp-content\/uploads\/2021\/08\/128092-1024x306.png 1024w, https:\/\/orbislog.com\/wp-content\/uploads\/2021\/08\/128092-768x230.png 768w, https:\/\/orbislog.com\/wp-content\/uploads\/2021\/08\/128092-1536x460.png 1536w, https:\/\/orbislog.com\/wp-content\/uploads\/2021\/08\/128092-2048x613.png 2048w\" sizes=\"(max-width: 2232px) 100vw, 2232px\" \/>\t\t\t\t<\/span>\n\t\t\t\t\t\t\t\t<a itemprop=\"url\" href=\"#\" target=\"_blank\"><\/a>\n\t\t\t<\/span>\n\t<\/span>\n<\/span>\n<span class=\"qodef-e qodef-grid-item \">\n\t<span class=\"qodef-e-inner\" style=\"outline-color: #FFFFFF26\">\n\t\t\t<span class=\"qodef-e-image\">\n\t\t\t\t\t\t\t<span class=\"qodef-e-hover-logo\">\n\t\t\t\t\t<img loading=\"lazy\" decoding=\"async\" width=\"600\" height=\"500\" src=\"https:\/\/orbislog.com\/wp-content\/uploads\/2021\/08\/4.png\" class=\"attachment-full size-full\" alt=\"pasta-food\" srcset=\"https:\/\/orbislog.com\/wp-content\/uploads\/2021\/08\/4.png 600w, https:\/\/orbislog.com\/wp-content\/uploads\/2021\/08\/4-300x250.png 300w\" sizes=\"(max-width: 600px) 100vw, 600px\" \/>\t\t\t\t<\/span>\n\t\t\t\t\t\t\t\t\t\t<span class=\"qodef-e-logo\">\n\t\t\t\t\t<img loading=\"lazy\" decoding=\"async\" width=\"6880\" height=\"4362\" src=\"https:\/\/orbislog.com\/wp-content\/uploads\/2021\/08\/C-09-1.png\" class=\"attachment-full size-full\" alt=\"oba-makarna\" srcset=\"https:\/\/orbislog.com\/wp-content\/uploads\/2021\/08\/C-09-1.png 6880w, https:\/\/orbislog.com\/wp-content\/uploads\/2021\/08\/C-09-1-300x190.png 300w, https:\/\/orbislog.com\/wp-content\/uploads\/2021\/08\/C-09-1-1024x649.png 1024w, https:\/\/orbislog.com\/wp-content\/uploads\/2021\/08\/C-09-1-768x487.png 768w, https:\/\/orbislog.com\/wp-content\/uploads\/2021\/08\/C-09-1-1536x974.png 1536w, https:\/\/orbislog.com\/wp-content\/uploads\/2021\/08\/C-09-1-2048x1298.png 2048w\" sizes=\"(max-width: 6880px) 100vw, 6880px\" \/>\t\t\t\t<\/span>\n\t\t\t\t\t\t\t\t<a itemprop=\"url\" href=\"#\" target=\"_blank\"><\/a>\n\t\t\t<\/span>\n\t<\/span>\n<\/span>\n<span class=\"qodef-e qodef-grid-item \">\n\t<span class=\"qodef-e-inner\" style=\"outline-color: #FFFFFF26\">\n\t\t\t<span class=\"qodef-e-image\">\n\t\t\t\t\t\t\t<span class=\"qodef-e-hover-logo\">\n\t\t\t\t\t<img loading=\"lazy\" decoding=\"async\" width=\"600\" height=\"500\" src=\"https:\/\/orbislog.com\/wp-content\/uploads\/2021\/08\/5.png\" class=\"attachment-full size-full\" alt=\"pasta-food-logistics\" srcset=\"https:\/\/orbislog.com\/wp-content\/uploads\/2021\/08\/5.png 600w, https:\/\/orbislog.com\/wp-content\/uploads\/2021\/08\/5-300x250.png 300w\" sizes=\"(max-width: 600px) 100vw, 600px\" \/>\t\t\t\t<\/span>\n\t\t\t\t\t\t\t\t\t\t<span class=\"qodef-e-logo\">\n\t\t\t\t\t<img loading=\"lazy\" decoding=\"async\" width=\"380\" height=\"231\" src=\"https:\/\/orbislog.com\/wp-content\/uploads\/2021\/08\/C-07-2.png\" class=\"attachment-full size-full\" alt=\"tat-makarna-logo\" srcset=\"https:\/\/orbislog.com\/wp-content\/uploads\/2021\/08\/C-07-2.png 380w, https:\/\/orbislog.com\/wp-content\/uploads\/2021\/08\/C-07-2-300x182.png 300w\" sizes=\"(max-width: 380px) 100vw, 380px\" \/>\t\t\t\t<\/span>\n\t\t\t\t\t\t\t\t<a itemprop=\"url\" href=\"#\" target=\"_blank\"><\/a>\n\t\t\t<\/span>\n\t<\/span>\n<\/span>\n\t<\/div>\n<\/div>\n\t\t\t\t<\/div>\n\t\t\t\t<\/div>\n\t\t\t\t\t<\/div>\n\t\t<\/div>\n\t\t\t\t\t<\/div>\n\t\t<\/section>\n\t\t\t\t<section class=\"elementor-section elementor-top-section elementor-element elementor-element-e83b186 elementor-section-boxed elementor-section-height-default elementor-section-height-default qodef-elementor-content-no\" data-id=\"e83b186\" data-element_type=\"section\" data-e-type=\"section\">\n\t\t\t\t\t\t<div class=\"elementor-container elementor-column-gap-default\">\n\t\t\t\t\t<div class=\"elementor-column elementor-col-100 elementor-top-column elementor-element elementor-element-ae7f19a\" data-id=\"ae7f19a\" data-element_type=\"column\" data-e-type=\"column\">\n\t\t\t<div class=\"elementor-widget-wrap elementor-element-populated\">\n\t\t\t\t\t\t<div class=\"elementor-element elementor-element-112759f elementor-widget elementor-widget-spacer\" data-id=\"112759f\" data-element_type=\"widget\" data-e-type=\"widget\" data-widget_type=\"spacer.default\">\n\t\t\t\t<div class=\"elementor-widget-container\">\n\t\t\t\t\t\t\t<div class=\"elementor-spacer\">\n\t\t\t<div class=\"elementor-spacer-inner\"><\/div>\n\t\t<\/div>\n\t\t\t\t\t\t<\/div>\n\t\t\t\t<\/div>\n\t\t\t\t\t<\/div>\n\t\t<\/div>\n\t\t\t\t\t<\/div>\n\t\t<\/section>\n\t\t\t\t<\/div>\n\t\t","protected":false},"excerpt":{"rendered":"<p>\u00c7\u00f6z\u00fcmlerimizin nas\u0131l fark yaratt\u0131\u011f\u0131n\u0131 ke\u015ffedin. Yurtd\u0131\u015f\u0131 ya da yurti\u00e7inde ta\u015f\u0131nmas\u0131 gereken \u00fcr\u00fcnleriniz mi var? Deniz, hava ve kara ta\u015f\u0131mac\u0131l\u0131k hizmetleri ile ORBIS Lojistik olarak \u00fcr\u00fcnlerinizi h\u0131zl\u0131 ve verimli bir \u015fekilde teslim etmenizi garanti ediyoruz. Deneyimli ekibimiz, i\u015finizi b\u00fcy\u00fctmeye odaklanabilmeniz i\u00e7in her bir konteynerin g\u00fcvenli bir \u015fekilde adrese ula\u015fmas\u0131n\u0131 sa\u011flayacakt\u0131r. \u0130leti\u015fime Ge\u00e7<\/p>\n","protected":false},"author":1,"featured_media":0,"parent":0,"menu_order":0,"comment_status":"closed","ping_status":"closed","template":"page-full-width.php","meta":{"footnotes":""},"class_list":["post-8760","page","type-page","status-publish","hentry"],"_links":{"self":[{"href":"https:\/\/orbislog.com\/tr\/wp-json\/wp\/v2\/pages\/8760","targetHints":{"allow":["GET"]}}],"collection":[{"href":"https:\/\/orbislog.com\/tr\/wp-json\/wp\/v2\/pages"}],"about":[{"href":"https:\/\/orbislog.com\/tr\/wp-json\/wp\/v2\/types\/page"}],"author":[{"embeddable":true,"href":"https:\/\/orbislog.com\/tr\/wp-json\/wp\/v2\/users\/1"}],"replies":[{"embeddable":true,"href":"https:\/\/orbislog.com\/tr\/wp-json\/wp\/v2\/comments?post=8760"}],"version-history":[{"count":4,"href":"https:\/\/orbislog.com\/tr\/wp-json\/wp\/v2\/pages\/8760\/revisions"}],"predecessor-version":[{"id":10657,"href":"https:\/\/orbislog.com\/tr\/wp-json\/wp\/v2\/pages\/8760\/revisions\/10657"}],"wp:attachment":[{"href":"https:\/\/orbislog.com\/tr\/wp-json\/wp\/v2\/media?parent=8760"}],"curies":[{"name":"wp","href":"https:\/\/api.w.org\/{rel}","templated":true}]}}