{"id":8744,"date":"2021-08-06T14:15:13","date_gmt":"2021-08-06T11:15:13","guid":{"rendered":"https:\/\/orbislog.com\/about-us\/"},"modified":"2024-05-10T11:25:59","modified_gmt":"2024-05-10T08:25:59","slug":"hakkimizda","status":"publish","type":"page","link":"https:\/\/orbislog.com\/tr\/hakkimizda","title":{"rendered":"Hakk\u0131m\u0131zda"},"content":{"rendered":"\t\t<div data-elementor-type=\"wp-page\" data-elementor-id=\"8744\" class=\"elementor elementor-8744 elementor-2602\">\n\t\t\t\t\t\t<section class=\"elementor-section elementor-top-section elementor-element elementor-element-7432458 elementor-section-full_width elementor-section-height-default elementor-section-height-default qodef-elementor-content-no\" data-id=\"7432458\" data-element_type=\"section\" data-e-type=\"section\">\n\t\t\t\t\t\t<div class=\"elementor-container elementor-column-gap-no\">\n\t\t\t\t\t<div class=\"elementor-column elementor-col-100 elementor-top-column elementor-element elementor-element-16d08e0\" data-id=\"16d08e0\" data-element_type=\"column\" data-e-type=\"column\">\n\t\t\t<div class=\"elementor-widget-wrap elementor-element-populated\">\n\t\t\t\t\t\t<div class=\"elementor-element elementor-element-1bf879a elementor-widget elementor-widget-text-editor\" data-id=\"1bf879a\" data-element_type=\"widget\" data-e-type=\"widget\" data-widget_type=\"text-editor.default\">\n\t\t\t\t<div class=\"elementor-widget-container\">\n\t\t\t\t\t\t\t\t\t<p>2017 y\u0131l\u0131nda kurulan \u015firketimiz; uzman, gen\u00e7 ve dinamik kadrosu ile konteyner ta\u015f\u0131mac\u0131l\u0131\u011f\u0131 ve depolama alanlar\u0131nda T\u00fcrkiye merkezli olmak \u00fczere b\u00fct\u00fcn limanlara hizmet sunmaktad\u0131r. Orbis Lojistik, 2022 y\u0131l\u0131nda \u0130ngiltere ofisini faaliyete ge\u00e7irmi\u015ftir.<\/p><p>Kendini i\u015fine adam\u0131\u015f ve profesyonellerden olu\u015fan kadromuz, ithalat ve ihracatla ilgili her konuda yard\u0131mc\u0131 olmaya haz\u0131r durumdad\u0131r. \u0130\u015finiz b\u00fcy\u00fcrken, lojistik ile ilgili do\u011fru kararlar verebilmeniz i\u00e7in A&#8217;dan Z&#8217;ye s\u00fcre\u00e7 boyunca size rehberlik etmek i\u00e7in buraday\u0131z.<\/p><p>Uluslararas\u0131 ta\u015f\u0131mac\u0131l\u0131k, nakliye ve lojistik alanlar\u0131nda eksiksiz, y\u00fcksek kaliteli hizmet yelpazesi sunuyoruz. Katma de\u011ferli hizmetlerimiz ve uzmanl\u0131\u011f\u0131m\u0131z sayesinde, mal veya g\u00f6nderilerinizin \u00f6zel gereksinimlerini kar\u015f\u0131layan \u00f6zel \u00e7\u00f6z\u00fcmler sunuyoruz. Uluslararas\u0131 bir g\u00f6nderi olu\u015fturma s\u00fcrecinin tamam\u0131 boyunca ideal orta\u011f\u0131n\u0131z olarak bize g\u00fcvenebilmeniz i\u00e7in hizmetlerimizin kalitesini s\u00fcrekli olarak izliyoruz.<\/p>\t\t\t\t\t\t\t\t<\/div>\n\t\t\t\t<\/div>\n\t\t\t\t\t<\/div>\n\t\t<\/div>\n\t\t\t\t\t<\/div>\n\t\t<\/section>\n\t\t\t\t<section class=\"elementor-section elementor-top-section elementor-element elementor-element-94e4a01 elementor-section-full_width elementor-section-height-min-height elementor-section-content-middle qodef-elementor-content-grid elementor-section-height-default elementor-section-items-middle\" data-id=\"94e4a01\" data-element_type=\"section\" data-e-type=\"section\" data-settings=\"{&quot;background_background&quot;:&quot;classic&quot;}\">\n\t\t\t\t\t\t<div class=\"elementor-container elementor-column-gap-no\">\n\t\t\t\t\t<div class=\"elementor-column elementor-col-100 elementor-top-column elementor-element elementor-element-8d3e40f\" data-id=\"8d3e40f\" data-element_type=\"column\" data-e-type=\"column\">\n\t\t\t<div class=\"elementor-widget-wrap elementor-element-populated\">\n\t\t\t\t\t\t<div class=\"elementor-element elementor-element-3956164 elementor-widget__width-initial elementor-widget-tablet__width-initial elementor-widget-mobile__width-inherit elementor-widget elementor-widget-globefarer_core_testimonials_list\" data-id=\"3956164\" data-element_type=\"widget\" data-e-type=\"widget\" data-widget_type=\"globefarer_core_testimonials_list.default\">\n\t\t\t\t<div class=\"elementor-widget-container\">\n\t\t\t\t\t<div class=\"qodef-shortcode qodef-m  qodef-testimonials-list qodef-skin--light qodef-grid qodef-swiper-container  qodef-gutter--normal qodef-col-num--1 qodef-item-layout--info-below qodef-responsive--predefined\" data-options=\"{&quot;slidesPerView&quot;:&quot;1&quot;,&quot;spaceBetween&quot;:30,&quot;loop&quot;:false,&quot;autoplay&quot;:false,&quot;speed&quot;:&quot;&quot;,&quot;speedAnimation&quot;:&quot;&quot;,&quot;slideAnimation&quot;:&quot;&quot;,&quot;outsideNavigation&quot;:&quot;yes&quot;,&quot;unique&quot;:143}\">\n\t<div class=\"qodef-m-icon\" style=\"color: #FFFFFF\">\n\t<svg class=\"qodef-svg--quote\" xmlns=\"http:\/\/www.w3.org\/2000\/svg\" width=\"75.172\" height=\"62.462\" viewBox=\"0 0 75.172 62.462\"><g transform=\"translate(-762.938 -1079.129)\"><g transform=\"translate(763.438 1079.634)\"><g><path d=\"M808.7,1141.091H837.61v-27.657H824.424a1.159,1.159,0,0,1-1.149-1.17v-2.83c0-10.565,3.98-16.034,11.832-16.261v-13.538c-10.007.106-17.7,3.274-22.865,9.421-5.278,6.275-7.954,14.69-7.954,25.01A89.185,89.185,0,0,0,808.7,1141.091Zm-40.631,0h28.921v-27.657H783.574a1.159,1.159,0,0,1-1.15-1.17v-2.83c0-10.57,4.056-16.039,12.06-16.262v-13.537c-10.01.105-17.739,3.275-22.984,9.424-5.351,6.277-8.063,14.691-8.063,25.008A84.046,84.046,0,0,0,768.065,1141.091Z\" transform=\"translate(-763.438 -1079.634)\" \/><\/g><\/g><\/g><\/svg><\/div>\n\n\t<div class=\"swiper-wrapper\">\n\t\t<div class=\"qodef-e swiper-slide \">\n\t<div class=\"qodef-e-inner\">\n\t\t\t<h2 itemprop=\"description\" class=\"qodef-e-text\">Ortaklar ve ba\u011fl\u0131 kurulu\u015flardan olu\u015fan k\u00fcresel a\u011f\u0131m\u0131zla \u00fcr\u00fcnlerinizi hedeflenen noktalara ta\u015f\u0131ma ve teslim etme niteli\u011fine sahibiz.<\/h2>\n\t\t<div class=\"qodef-e-content\">\n\t\t\t\t\t\t\t\t<\/div>\n\t<\/div>\n<\/div>\n\t<\/div>\n\t<\/div>\n\t\t\t\t<\/div>\n\t\t\t\t<\/div>\n\t\t\t\t\t<\/div>\n\t\t<\/div>\n\t\t\t\t\t<\/div>\n\t\t<\/section>\n\t\t\t\t<section class=\"elementor-section elementor-top-section elementor-element elementor-element-6bd079b qodef-elementor-content-grid qodef-custom-cursor-section elementor-section-boxed elementor-section-height-default elementor-section-height-default\" data-id=\"6bd079b\" data-element_type=\"section\" data-e-type=\"section\" data-settings=\"{&quot;background_background&quot;:&quot;classic&quot;}\">\n\t\t\t\t\t\t<div class=\"elementor-container elementor-column-gap-no\">\n\t\t\t\t\t<div class=\"elementor-column elementor-col-33 elementor-top-column elementor-element elementor-element-1ebb381\" data-id=\"1ebb381\" data-element_type=\"column\" data-e-type=\"column\">\n\t\t\t<div class=\"elementor-widget-wrap elementor-element-populated\">\n\t\t\t\t\t\t<div class=\"elementor-element elementor-element-76d6ae0 elementor-widget elementor-widget-globefarer_core_counter\" data-id=\"76d6ae0\" data-element_type=\"widget\" data-e-type=\"widget\" data-widget_type=\"globefarer_core_counter.default\">\n\t\t\t\t<div class=\"elementor-widget-container\">\n\t\t\t\t\t<div class=\"qodef-shortcode qodef-m  qodef-counter qodef-layout--simple\" data-start-digit=\"3\" data-end-digit=\"2017\" data-step-digit=\"100\" data-step-delay=\"60\" style=\"border-left: 1px solid;border-color: #1B1B1B;padding-left: 40px\">\n\t<div class=\"qodef-m-content\">\n\t\t\t<h6 class=\"qodef-m-title\" style=\"color: #FFFFFF\">\n\t\t\t\t\tBu Yana\t\t\t<\/h6>\n\t\t\t<\/div>\n\t<div class=\"qodef-m-digit-wrapper\">\n\t\t<span class=\"qodef-m-digit\" style=\"color: #FFFFFF\"><\/span>\n\t<\/div>\n<\/div>\n\t\t\t\t<\/div>\n\t\t\t\t<\/div>\n\t\t\t\t\t<\/div>\n\t\t<\/div>\n\t\t\t\t<div class=\"elementor-column elementor-col-33 elementor-top-column elementor-element elementor-element-a7305f9\" data-id=\"a7305f9\" data-element_type=\"column\" data-e-type=\"column\">\n\t\t\t<div class=\"elementor-widget-wrap elementor-element-populated\">\n\t\t\t\t\t\t<div class=\"elementor-element elementor-element-bd56aad elementor-widget elementor-widget-globefarer_core_counter\" data-id=\"bd56aad\" data-element_type=\"widget\" data-e-type=\"widget\" data-widget_type=\"globefarer_core_counter.default\">\n\t\t\t\t<div class=\"elementor-widget-container\">\n\t\t\t\t\t<div class=\"qodef-shortcode qodef-m  qodef-counter qodef-layout--simple\" data-end-digit=\"4\" data-step-digit=\"1670\" data-step-delay=\"670\" style=\"border-left: 1px solid;border-color: #1B1B1B;padding-left: 40px\">\n\t<div class=\"qodef-m-content\">\n\t\t\t<h6 class=\"qodef-m-title\" style=\"color: #FFFFFF\">\n\t\t\t\t\tD\u00fcnya \u00c7ap\u0131nda Ofisler\t\t\t<\/h6>\n\t\t\t<\/div>\n\t<div class=\"qodef-m-digit-wrapper\">\n\t\t<span class=\"qodef-m-digit\" style=\"color: #FFFFFF\"><\/span>\n\t<\/div>\n<\/div>\n\t\t\t\t<\/div>\n\t\t\t\t<\/div>\n\t\t\t\t\t<\/div>\n\t\t<\/div>\n\t\t\t\t<div class=\"elementor-column elementor-col-33 elementor-top-column elementor-element elementor-element-fae3f5c\" data-id=\"fae3f5c\" data-element_type=\"column\" data-e-type=\"column\">\n\t\t\t<div class=\"elementor-widget-wrap elementor-element-populated\">\n\t\t\t\t\t\t<div class=\"elementor-element elementor-element-e860035 elementor-widget elementor-widget-globefarer_core_counter\" data-id=\"e860035\" data-element_type=\"widget\" data-e-type=\"widget\" data-widget_type=\"globefarer_core_counter.default\">\n\t\t\t\t<div class=\"elementor-widget-container\">\n\t\t\t\t\t<div class=\"qodef-shortcode qodef-m  qodef-counter qodef-layout--simple\" data-start-digit=\"3\" data-end-digit=\"6000\" data-step-digit=\"90\" data-step-delay=\"60\" style=\"border-left: 1px solid;border-color: #1B1B1B;padding-left: 40px\">\n\t<div class=\"qodef-m-content\">\n\t\t\t<h6 class=\"qodef-m-title\" style=\"color: #FFFFFF\">\n\t\t\t\t\tY\u00fckleme Say\u0131s\u0131 T\u0130O\t\t\t<\/h6>\n\t\t\t<\/div>\n\t<div class=\"qodef-m-digit-wrapper\">\n\t\t<span class=\"qodef-m-digit\" style=\"color: #FFFFFF\"><\/span>\n\t<\/div>\n<\/div>\n\t\t\t\t<\/div>\n\t\t\t\t<\/div>\n\t\t\t\t\t<\/div>\n\t\t<\/div>\n\t\t\t\t\t<\/div>\n\t\t<\/section>\n\t\t\t\t<section class=\"elementor-section elementor-top-section elementor-element elementor-element-6126ec6 elementor-section-full_width qodef-elementor-content-grid elementor-section-height-default elementor-section-height-default\" data-id=\"6126ec6\" data-element_type=\"section\" data-e-type=\"section\" data-settings=\"{&quot;background_background&quot;:&quot;classic&quot;}\">\n\t\t\t\t\t\t<div class=\"elementor-container elementor-column-gap-no\">\n\t\t\t\t\t<div class=\"elementor-column elementor-col-100 elementor-top-column elementor-element elementor-element-111948d\" data-id=\"111948d\" data-element_type=\"column\" data-e-type=\"column\">\n\t\t\t<div class=\"elementor-widget-wrap elementor-element-populated\">\n\t\t\t\t\t\t<div class=\"elementor-element elementor-element-d1b2694 elementor-widget elementor-widget-globefarer_core_divided_image_info\" data-id=\"d1b2694\" data-element_type=\"widget\" data-e-type=\"widget\" data-widget_type=\"globefarer_core_divided_image_info.default\">\n\t\t\t\t<div class=\"elementor-widget-container\">\n\t\t\t\t\t<div class=\"qodef-shortcode qodef-m  qodef-divided-image-info qodef-layout--image-right qodef-separator--on qodef-vertically-centered--on qodef-breakpoint--1024 qodef-appear-animation--no \">\n\t<div class=\"qodef-m-content\" style=\"margin-top: 0px;padding-left: 0px;padding-right: 4%\">\n\t\t\t<h2 itemprop=\"name\" class=\"qodef-m-title\" style=\"margin-bottom: 29px\">\n\tBa\u015ftan sona; t\u00fcm ihtiya\u00e7lar\u0131n\u0131z i\u00e7in...\t<\/h2>\n\t<p class=\"qodef-m-text\" >\n\t\tHer i\u015fletmenin benzersin oldu\u011funu biliyoruz. Do\u011fru stratejilerle sizin i\u00e7in do\u011fru olan \u00e7\u00f6z\u00fcm\u00fc buluyoruz. \t<\/p>\n\t<a class=\"qodef-shortcode qodef-m qodef-m-button qodef-button qodef-layout--textual  qodef-html--link\" href=\"https:\/\/orbislog.com\/tr\/irtibat-bilgileri\" target=\"_self\"  >\t\t\t<span class=\"qodef-m-button-icon\"><svg class=\"qodef-svg--plus\" xmlns=\"http:\/\/www.w3.org\/2000\/svg\" xmlns:xlink=\"http:\/\/www.w3.org\/1999\/xlink\" width=\"14\" height=\"14\" viewBox=\"0 0 14 14\"><path class=\"qodef-m-horizontal\" d=\"M0,0H14V2H0Z\" transform=\"translate(0 6)\" \/><path class=\"qodef-m-vertical\" d=\"M0,0H2V14H0Z\" transform=\"translate(6)\" \/><\/svg><\/span>\t\t\t\t<span class=\"qodef-m-button-text\">Hizmetlerimiz Hakk\u0131nda<br \/> Detayl\u0131 Bilgi Al\u0131n<\/span>\t<\/a><\/div>\n\t<div class=\"qodef-m-image\" style=\"width: 63%;padding-left: 5.8%;padding-right: 0px\">\n\t\t<img fetchpriority=\"high\" decoding=\"async\" width=\"800\" height=\"408\" src=\"https:\/\/orbislog.com\/wp-content\/uploads\/2021\/08\/main-home-img-2.jpg\" class=\"attachment-full size-full\" alt=\"d\" srcset=\"https:\/\/orbislog.com\/wp-content\/uploads\/2021\/08\/main-home-img-2.jpg 800w, https:\/\/orbislog.com\/wp-content\/uploads\/2021\/08\/main-home-img-2-300x153.jpg 300w, https:\/\/orbislog.com\/wp-content\/uploads\/2021\/08\/main-home-img-2-768x392.jpg 768w\" sizes=\"(max-width: 800px) 100vw, 800px\" \/>\t<\/div>\n<\/div>\n\t\t\t\t<\/div>\n\t\t\t\t<\/div>\n\t\t\t\t\t<\/div>\n\t\t<\/div>\n\t\t\t\t\t<\/div>\n\t\t<\/section>\n\t\t\t\t<section class=\"elementor-section elementor-top-section elementor-element elementor-element-c291d29 elementor-section-boxed elementor-section-height-default elementor-section-height-default qodef-elementor-content-no\" data-id=\"c291d29\" data-element_type=\"section\" data-e-type=\"section\">\n\t\t\t\t\t\t<div class=\"elementor-container elementor-column-gap-default\">\n\t\t\t\t\t<div class=\"elementor-column elementor-col-100 elementor-top-column elementor-element elementor-element-da208fb\" data-id=\"da208fb\" data-element_type=\"column\" data-e-type=\"column\">\n\t\t\t<div class=\"elementor-widget-wrap elementor-element-populated\">\n\t\t\t\t\t\t<div class=\"elementor-element elementor-element-9a2cc50 elementor-widget elementor-widget-heading\" data-id=\"9a2cc50\" data-element_type=\"widget\" data-e-type=\"widget\" data-widget_type=\"heading.default\">\n\t\t\t\t<div class=\"elementor-widget-container\">\n\t\t\t\t\t<h2 class=\"elementor-heading-title elementor-size-default\">\u0130\u015f Ortaklar\u0131m\u0131z<\/h2>\t\t\t\t<\/div>\n\t\t\t\t<\/div>\n\t\t\t\t\t<\/div>\n\t\t<\/div>\n\t\t\t\t\t<\/div>\n\t\t<\/section>\n\t\t\t\t<section class=\"elementor-section elementor-top-section elementor-element elementor-element-91921a6 elementor-section-boxed elementor-section-height-default elementor-section-height-default qodef-elementor-content-no\" data-id=\"91921a6\" data-element_type=\"section\" data-e-type=\"section\">\n\t\t\t\t\t\t<div class=\"elementor-container elementor-column-gap-wider\">\n\t\t\t\t\t<div class=\"elementor-column elementor-col-33 elementor-top-column elementor-element elementor-element-c317324\" data-id=\"c317324\" data-element_type=\"column\" data-e-type=\"column\">\n\t\t\t<div class=\"elementor-widget-wrap elementor-element-populated\">\n\t\t\t\t\t\t<div class=\"elementor-element elementor-element-24c7c2e elementor-widget elementor-widget-image\" data-id=\"24c7c2e\" data-element_type=\"widget\" data-e-type=\"widget\" data-widget_type=\"image.default\">\n\t\t\t\t<div class=\"elementor-widget-container\">\n\t\t\t\t\t\t\t\t\t\t\t\t\t\t\t<img decoding=\"async\" width=\"500\" height=\"500\" src=\"https:\/\/orbislog.com\/wp-content\/uploads\/2022\/11\/Partner-03.png\" class=\"attachment-large size-large wp-image-8975\" alt=\"\" srcset=\"https:\/\/orbislog.com\/wp-content\/uploads\/2022\/11\/Partner-03.png 500w, https:\/\/orbislog.com\/wp-content\/uploads\/2022\/11\/Partner-03-300x300.png 300w, https:\/\/orbislog.com\/wp-content\/uploads\/2022\/11\/Partner-03-150x150.png 150w\" sizes=\"(max-width: 500px) 100vw, 500px\">\t\t\t\t\t\t\t\t\t\t\t\t\t\t\t<\/div>\n\t\t\t\t<\/div>\n\t\t\t\t\t<\/div>\n\t\t<\/div>\n\t\t\t\t<div class=\"elementor-column elementor-col-33 elementor-top-column elementor-element elementor-element-9fd73af\" data-id=\"9fd73af\" data-element_type=\"column\" data-e-type=\"column\">\n\t\t\t<div class=\"elementor-widget-wrap elementor-element-populated\">\n\t\t\t\t\t\t<div class=\"elementor-element elementor-element-ad4e542 elementor-widget elementor-widget-image\" data-id=\"ad4e542\" data-element_type=\"widget\" data-e-type=\"widget\" data-widget_type=\"image.default\">\n\t\t\t\t<div class=\"elementor-widget-container\">\n\t\t\t\t\t\t\t\t\t\t\t\t\t\t\t<img decoding=\"async\" width=\"500\" height=\"500\" src=\"https:\/\/orbislog.com\/wp-content\/uploads\/2022\/11\/Partner-04-1.png\" class=\"attachment-large size-large wp-image-8991\" alt=\"\" srcset=\"https:\/\/orbislog.com\/wp-content\/uploads\/2022\/11\/Partner-04-1.png 500w, https:\/\/orbislog.com\/wp-content\/uploads\/2022\/11\/Partner-04-1-300x300.png 300w, https:\/\/orbislog.com\/wp-content\/uploads\/2022\/11\/Partner-04-1-150x150.png 150w\" sizes=\"(max-width: 500px) 100vw, 500px\">\t\t\t\t\t\t\t\t\t\t\t\t\t\t\t<\/div>\n\t\t\t\t<\/div>\n\t\t\t\t\t<\/div>\n\t\t<\/div>\n\t\t\t\t<div class=\"elementor-column elementor-col-33 elementor-top-column elementor-element elementor-element-d0399bc\" data-id=\"d0399bc\" data-element_type=\"column\" data-e-type=\"column\">\n\t\t\t<div class=\"elementor-widget-wrap elementor-element-populated\">\n\t\t\t\t\t\t<div class=\"elementor-element elementor-element-43bec67 elementor-widget elementor-widget-image\" data-id=\"43bec67\" data-element_type=\"widget\" data-e-type=\"widget\" data-widget_type=\"image.default\">\n\t\t\t\t<div class=\"elementor-widget-container\">\n\t\t\t\t\t\t\t\t\t\t\t\t\t\t\t<img loading=\"lazy\" decoding=\"async\" width=\"500\" height=\"500\" src=\"https:\/\/orbislog.com\/wp-content\/uploads\/2022\/11\/Partner-01.png\" class=\"attachment-large size-large wp-image-8969\" alt=\"\" srcset=\"https:\/\/orbislog.com\/wp-content\/uploads\/2022\/11\/Partner-01.png 500w, https:\/\/orbislog.com\/wp-content\/uploads\/2022\/11\/Partner-01-300x300.png 300w, https:\/\/orbislog.com\/wp-content\/uploads\/2022\/11\/Partner-01-150x150.png 150w\" sizes=\"(max-width: 500px) 100vw, 500px\">\t\t\t\t\t\t\t\t\t\t\t\t\t\t\t<\/div>\n\t\t\t\t<\/div>\n\t\t\t\t\t<\/div>\n\t\t<\/div>\n\t\t\t\t\t<\/div>\n\t\t<\/section>\n\t\t\t\t<section class=\"elementor-section elementor-top-section elementor-element elementor-element-4433c40 elementor-section-boxed elementor-section-height-default elementor-section-height-default qodef-elementor-content-no\" data-id=\"4433c40\" data-element_type=\"section\" data-e-type=\"section\">\n\t\t\t\t\t\t<div class=\"elementor-container elementor-column-gap-default\">\n\t\t\t\t\t<div class=\"elementor-column elementor-col-33 elementor-top-column elementor-element elementor-element-421c1c0\" data-id=\"421c1c0\" data-element_type=\"column\" data-e-type=\"column\">\n\t\t\t<div class=\"elementor-widget-wrap elementor-element-populated\">\n\t\t\t\t\t\t<div class=\"elementor-element elementor-element-17b9002 elementor-widget elementor-widget-image\" data-id=\"17b9002\" data-element_type=\"widget\" data-e-type=\"widget\" data-widget_type=\"image.default\">\n\t\t\t\t<div class=\"elementor-widget-container\">\n\t\t\t\t\t\t\t\t\t\t\t\t\t\t\t<img loading=\"lazy\" decoding=\"async\" width=\"500\" height=\"500\" src=\"https:\/\/orbislog.com\/wp-content\/uploads\/2022\/11\/Partner-05-1.png\" class=\"attachment-large size-large wp-image-8981\" alt=\"\" srcset=\"https:\/\/orbislog.com\/wp-content\/uploads\/2022\/11\/Partner-05-1.png 500w, https:\/\/orbislog.com\/wp-content\/uploads\/2022\/11\/Partner-05-1-300x300.png 300w, https:\/\/orbislog.com\/wp-content\/uploads\/2022\/11\/Partner-05-1-150x150.png 150w\" sizes=\"(max-width: 500px) 100vw, 500px\">\t\t\t\t\t\t\t\t\t\t\t\t\t\t\t<\/div>\n\t\t\t\t<\/div>\n\t\t\t\t\t<\/div>\n\t\t<\/div>\n\t\t\t\t<div class=\"elementor-column elementor-col-33 elementor-top-column elementor-element elementor-element-2ea044f\" data-id=\"2ea044f\" data-element_type=\"column\" data-e-type=\"column\">\n\t\t\t<div class=\"elementor-widget-wrap elementor-element-populated\">\n\t\t\t\t\t\t<div class=\"elementor-element elementor-element-8a002d6 elementor-widget elementor-widget-image\" data-id=\"8a002d6\" data-element_type=\"widget\" data-e-type=\"widget\" data-widget_type=\"image.default\">\n\t\t\t\t<div class=\"elementor-widget-container\">\n\t\t\t\t\t\t\t\t\t\t\t\t\t\t\t<img loading=\"lazy\" decoding=\"async\" width=\"500\" height=\"500\" src=\"https:\/\/orbislog.com\/wp-content\/uploads\/2022\/11\/Partner-02.png\" class=\"attachment-large size-large wp-image-8972\" alt=\"\" srcset=\"https:\/\/orbislog.com\/wp-content\/uploads\/2022\/11\/Partner-02.png 500w, https:\/\/orbislog.com\/wp-content\/uploads\/2022\/11\/Partner-02-300x300.png 300w, https:\/\/orbislog.com\/wp-content\/uploads\/2022\/11\/Partner-02-150x150.png 150w\" sizes=\"(max-width: 500px) 100vw, 500px\">\t\t\t\t\t\t\t\t\t\t\t\t\t\t\t<\/div>\n\t\t\t\t<\/div>\n\t\t\t\t\t<\/div>\n\t\t<\/div>\n\t\t\t\t<div class=\"elementor-column elementor-col-33 elementor-top-column elementor-element elementor-element-4fa3c1d\" data-id=\"4fa3c1d\" data-element_type=\"column\" data-e-type=\"column\">\n\t\t\t<div class=\"elementor-widget-wrap elementor-element-populated\">\n\t\t\t\t\t\t<div class=\"elementor-element elementor-element-22cda5c elementor-widget elementor-widget-image\" data-id=\"22cda5c\" data-element_type=\"widget\" data-e-type=\"widget\" data-widget_type=\"image.default\">\n\t\t\t\t<div class=\"elementor-widget-container\">\n\t\t\t\t\t\t\t\t\t\t\t\t\t\t\t<img loading=\"lazy\" decoding=\"async\" width=\"500\" height=\"500\" src=\"https:\/\/orbislog.com\/wp-content\/uploads\/2022\/11\/Partner-06-1.png\" class=\"attachment-large size-large wp-image-8987\" alt=\"\" srcset=\"https:\/\/orbislog.com\/wp-content\/uploads\/2022\/11\/Partner-06-1.png 500w, https:\/\/orbislog.com\/wp-content\/uploads\/2022\/11\/Partner-06-1-300x300.png 300w, https:\/\/orbislog.com\/wp-content\/uploads\/2022\/11\/Partner-06-1-150x150.png 150w\" sizes=\"(max-width: 500px) 100vw, 500px\">\t\t\t\t\t\t\t\t\t\t\t\t\t\t\t<\/div>\n\t\t\t\t<\/div>\n\t\t\t\t\t<\/div>\n\t\t<\/div>\n\t\t\t\t\t<\/div>\n\t\t<\/section>\n\t\t\t\t<\/div>\n\t\t","protected":false},"excerpt":{"rendered":"<p>2017 y\u0131l\u0131nda kurulan \u015firketimiz; uzman, gen\u00e7 ve dinamik kadrosu ile konteyner ta\u015f\u0131mac\u0131l\u0131\u011f\u0131 ve depolama alanlar\u0131nda T\u00fcrkiye merkezli olmak \u00fczere b\u00fct\u00fcn limanlara hizmet sunmaktad\u0131r. Orbis Lojistik, 2022 y\u0131l\u0131nda \u0130ngiltere ofisini faaliyete ge\u00e7irmi\u015ftir. Kendini i\u015fine adam\u0131\u015f ve profesyonellerden olu\u015fan kadromuz, ithalat ve ihracatla ilgili her konuda yard\u0131mc\u0131 olmaya haz\u0131r durumdad\u0131r. \u0130\u015finiz b\u00fcy\u00fcrken, lojistik ile ilgili do\u011fru kararlar [&hellip;]<\/p>\n","protected":false},"author":1,"featured_media":0,"parent":0,"menu_order":0,"comment_status":"closed","ping_status":"closed","template":"page-full-width.php","meta":{"footnotes":""},"class_list":["post-8744","page","type-page","status-publish","hentry"],"_links":{"self":[{"href":"https:\/\/orbislog.com\/tr\/wp-json\/wp\/v2\/pages\/8744","targetHints":{"allow":["GET"]}}],"collection":[{"href":"https:\/\/orbislog.com\/tr\/wp-json\/wp\/v2\/pages"}],"about":[{"href":"https:\/\/orbislog.com\/tr\/wp-json\/wp\/v2\/types\/page"}],"author":[{"embeddable":true,"href":"https:\/\/orbislog.com\/tr\/wp-json\/wp\/v2\/users\/1"}],"replies":[{"embeddable":true,"href":"https:\/\/orbislog.com\/tr\/wp-json\/wp\/v2\/comments?post=8744"}],"version-history":[{"count":5,"href":"https:\/\/orbislog.com\/tr\/wp-json\/wp\/v2\/pages\/8744\/revisions"}],"predecessor-version":[{"id":11323,"href":"https:\/\/orbislog.com\/tr\/wp-json\/wp\/v2\/pages\/8744\/revisions\/11323"}],"wp:attachment":[{"href":"https:\/\/orbislog.com\/tr\/wp-json\/wp\/v2\/media?parent=8744"}],"curies":[{"name":"wp","href":"https:\/\/api.w.org\/{rel}","templated":true}]}}