{"id":11357,"date":"2022-10-25T14:44:38","date_gmt":"2022-10-25T11:44:38","guid":{"rendered":"https:\/\/orbislog.com\/gizlilik-politikasi"},"modified":"2024-09-19T17:25:53","modified_gmt":"2024-09-19T14:25:53","slug":"gizlilik-politikasi-cerezler","status":"publish","type":"page","link":"https:\/\/orbislog.com\/tr\/gizlilik-politikasi-cerezler","title":{"rendered":"Gizlilik Politikas\u0131 ve \u00c7erezler"},"content":{"rendered":"\r\n<p><strong>Gizlilik \u015eartlar\u0131 ve \u00c7erez Politikas\u0131<\/strong><br \/><br \/>Orbis Uluslararas\u0131 Ta\u015f\u0131mac\u0131l\u0131k Ve D\u0131\u015f Ticaret Anonim \u015eirketi (\u201c\u015eirket\u201d) taraf\u0131ndan i\u015fletilen \u201corbislog.com adresindeki internet sitesinde (\u201c\u0130nternet Sitesi\u201d) kullan\u0131c\u0131lardan (\u201cKullan\u0131c\u0131\u201d) daha iyi hizmet verebilmek amac\u0131yla baz\u0131 ki\u015fisel bilgiler (ad-soyad, , e-posta adresi, vb.) talep edilmektedir. \u0130nternet Sitesi ile toplanan bu veriler; a\u00e7\u0131k izin bulunmas\u0131 durumunda kampanya \u00e7al\u0131\u015fmalar\u0131 veya Kullan\u0131c\u0131\u2019n\u0131n hesab\u0131na y\u00f6nelik \u00f6zel promosyon faaliyetlerinin yap\u0131labilmesi i\u00e7in \u0130nternet Sitesi b\u00fcnyesinde kullan\u0131lmaktad\u0131r. Ki\u015fisel bilgiler haricinde; \u0130nternet Sitesi veya Mobil Uygulama \u00fczerinden yap\u0131lan i\u015flemlere ait istatistiksel veriler analiz edilmekte ve saklanmaktad\u0131r.<\/p>\r\n<p>\u015eirket,kendisine iletilen bilgileri, Kullan\u0131c\u0131lar\u2019\u0131n izni olmaks\u0131z\u0131n, \u00fc\u00e7\u00fcnc\u00fc \u015fah\u0131slarla kesinlikle payla\u015fmamakta, faaliyet d\u0131\u015f\u0131 hi\u00e7bir nedenle ticari ama\u00e7la kullanmamakta ve satmamaktad\u0131r.<br \/>\u0130nternet Sitesi i\u00e7eri\u011finde \u00e7erez kullan\u0131m\u0131na onay veren ki\u015filer i\u00e7in Google Analytics\u2019in Yeniden Pazarlama &amp; Demografi ve \u0130lgi Alan\u0131 Raporlamas\u0131 \u00f6zellikleri kullan\u0131lmaktad\u0131r. Reklam ayarlar\u0131 kullan\u0131larak G\u00f6r\u00fcnt\u00fcl\u00fc Reklamc\u0131l\u0131k i\u00e7in Google Analytics\u2019in kapsam\u0131 d\u0131\u015f\u0131nda kalabilir ve Google G\u00f6r\u00fcnt\u00fcl\u00fc Reklam A\u011f\u0131 reklamlar\u0131 \u00f6zelle\u015ftirilebilir. Google Analytics ile sa\u011flanan bilgiler, \u0130nternet Sitesi\u2019ni ve varsa \u0130nternet Sitesi \u00fczerinden verilen reklamlar\u0131, Kullan\u0131c\u0131lar\u2019\u0131n ilgi alanlar\u0131na g\u00f6re \u00f6zelle\u015ftirmek i\u00e7in kullan\u0131lmaktad\u0131r. \u0130\u015fbu bilgiler, hedef kitle \u00e7al\u0131\u015fmalar\u0131nda kullan\u0131l\u0131rken di\u011fer Kullan\u0131c\u0131lar\u2019a ait bilgilerle birlikte olmak \u00fczere reklam yay\u0131nc\u0131lar\u0131 ile payla\u015f\u0131labilir. Bu bilgiler herhangi bir \u015fekilde ki\u015fisel bilgi (isim, soyad\u0131, T.C Kimlik No, cinsiyet, ya\u015f vb.) i\u00e7ermeyip, grup olarak Kullan\u0131c\u0131 e\u011filimleri ile ilgili \u00e7al\u0131\u015fmalar yapmak ve hedef kitleyi derlemek etmek amac\u0131yla kullan\u0131lmaktad\u0131r. Bu i\u015flemler i\u00e7in de kullan\u0131c\u0131dan onay talep edilmektedir.<\/p>\r\n<p>Google dahil \u00fc\u00e7\u00fcnc\u00fc taraf sa\u011flay\u0131c\u0131lar, \u0130nternet Sitesi ve Mobil Uygulama reklamlar\u0131n\u0131 internet \u00fczerindeki yay\u0131nc\u0131 sitelerde yer verdikleri banner alanlar\u0131nda g\u00f6sterecektir. \u00c7erez kullan\u0131m\u0131na onay veren ki\u015filerin \u0130nternet Sitesi\u2019ne ge\u00e7mi\u015fte yapt\u0131\u011f\u0131 ziyaretleri temel alarak reklamlarla ilgili bilgi toplamak, reklamlar\u0131 optimize etmek ve yay\u0131nlamak \u00fczere \u0130nternet Sitesi taraf\u0131ndan ve Google dahil \u00fc\u00e7\u00fcnc\u00fc taraf sa\u011flay\u0131c\u0131larca birinci taraf \u00e7erezler ile \u00fc\u00e7\u00fcnc\u00fc taraf \u00e7erezler birlikte kullan\u0131lmaktad\u0131r.<br \/><br \/><br \/><br \/><strong>\u00c7erezler<\/strong><\/p>\r\n<p>Orbis Uluslararas\u0131 Ta\u015f\u0131mac\u0131l\u0131k Ve D\u0131\u015f Ticaret Anonim \u015eirketi (Orbis Lojistik) olarak, web sitemizin kullan\u0131m\u0131n\u0131 kolayla\u015ft\u0131rmak ve sitemizin kullan\u0131m\u0131n\u0131 ki\u015fiselle\u015ftirmek amac\u0131yla \u00e7erezler, piksel etiketleri (&#8220;pikseller&#8221;) ve yerel saklama teknolojileri kullanmaktay\u0131z. Bu sayfan\u0131n, an\u0131lan teknolojilerin ni\u00e7in kullan\u0131ld\u0131klar\u0131n\u0131 ve bunlar\u0131 kontrol etmeyi veya -tercihiniz bu y\u00f6ndeyse- silmeyi anlaman\u0131za yard\u0131mc\u0131 olmas\u0131n\u0131 istiyoruz.\u00a0<\/p>\r\n<p><strong>\u00c7erez Nedir? Kullan\u0131m amac\u0131 ve hukuki gerek\u00e7esi nedir?<\/strong><\/p>\r\n<p>M\u00fc\u015fterilerine web siteleri \u00fczerinden \u00fcr\u00fcn veya hizmet sunan neredeyse b\u00fct\u00fcn firmalar, bu web sitelerinde \u00e7erezler kullanmaktad\u0131rlar. Sizlere daha iyi, h\u0131zl\u0131 ve g\u00fcvenli bir al\u0131\u015f veri\u015f deneyimi ya\u015fatmak ve \u00fcr\u00fcn ve hizmetlerimizi sizlerin talep ve ihtiya\u00e7lar\u0131 do\u011frultusunda geli\u015ftirmek i\u00e7in, biz de \u00e7erezler kullan\u0131yoruz. \u00c7erez, bir web sitesini ziyaret etti\u011finizde cihaz\u0131n\u0131za (\u00f6rne\u011fin; bilgisayar veya cep telefonu) depolanan k\u00fc\u00e7\u00fck bir metin dosyas\u0131d\u0131r. \u00c7erezler, bir web sitesini ilk ziyaretiniz s\u0131ras\u0131nda taray\u0131c\u0131n\u0131z arac\u0131l\u0131\u011f\u0131yla cihaz\u0131n\u0131za depolanabilirler. Ayn\u0131 siteyi ayn\u0131 cihazla tekrar ziyaret etti\u011finizde taray\u0131c\u0131n\u0131z cihaz\u0131n\u0131zda site ad\u0131na kay\u0131tl\u0131 bir \u00e7erez olup olmad\u0131\u011f\u0131n\u0131 kontrol eder. E\u011fer kay\u0131t var ise, kayd\u0131n i\u00e7indeki veriyi ziyaret etmekte oldu\u011funuz web sitesine iletir. Bu sayede web sitesi, sizin siteyi daha \u00f6nce ziyaret etti\u011finizi anlar ve size iletilecek i\u00e7eri\u011fi de ona g\u00f6re tayin eder. \u0130zin verilmesi halinde kullan\u0131lan \u00e7erezler ile elde edilen bilgiler herhangi bir \u015fekilde \u015fu bilgileri (isim, soyad\u0131, T.C Kimlik No, cinsiyet, ya\u015f vb.) i\u00e7ermez<\/p>\r\n<p>\u00c7erezler, (i) taraflar\u0131, (ii) kullan\u0131m s\u00fcreleri ve (iii) kullan\u0131m ama\u00e7lar\u0131 bak\u0131m\u0131ndan s\u0131n\u0131fland\u0131r\u0131labilir. Bu kapsamda, a\u015fa\u011f\u0131da kullan\u0131lan \u00e7erezlere dair detayl\u0131 a\u00e7\u0131klamalarda bulunulacakt\u0131r.<\/p>\r\n<p>Web sitemizin \u00e7al\u0131\u015ft\u0131r\u0131labilmesi, \u015eirketin m\u00fc\u015fteri, ziyaret\u00e7i ve \u00fcye say\u0131s\u0131 ile ilgili \u00f6l\u00e7\u00fcmleme yapmas\u0131, \u00fcr\u00fcn ve hizmet \u00fcretimleri ilgili istatistiki \u00e7al\u0131\u015fmalar yap\u0131labilmesi, \u015eirket taraf\u0131ndan sunulan \u00fcr\u00fcn ve hizmetlerden sizleri faydaland\u0131rmak i\u00e7in gerekli \u00e7al\u0131\u015fmalar\u0131n i\u015f birimlerimiz taraf\u0131ndan yap\u0131lmas\u0131, \u015eirket taraf\u0131ndan sunulan \u00fcr\u00fcn ve hizmetlerin sizlerin be\u011feni, kullan\u0131m al\u0131\u015fkanl\u0131klar\u0131 ve ihtiya\u00e7lar\u0131na g\u00f6re \u00f6zelle\u015ftirilerek sizlere \u00f6nerilmesi, \u015eirket ve\/veya y\u00f6netti\u011fimiz m\u00fc\u015fteri memnuniyeti programlar\u0131na \u00fcye \u015firketler\/ markalar taraf\u0131ndan analiz edilerek size \u00f6zel reklam, kampanya ve di\u011fer faydalar\u0131n sunulmas\u0131 ama\u00e7lar\u0131yla KVKK\u2019n\u0131n 5. maddesinde belirtilen ve yukar\u0131da detaylar\u0131 verilen h\u00fck\u00fcmler dahilinde \u00e7erezler vas\u0131tas\u0131yla veriler i\u015flenebilmektedir<\/p>\r\n<p>Zorunlu \u00e7erezler web sitemizin \u00e7al\u0131\u015fmas\u0131 i\u00e7in zorunlu olarak kullan\u0131ld\u0131klar\u0131ndan buradaki veri i\u015fleme gerek\u00e7esi kanunun 5\/2 maddesinde belirtilen Bir hakk\u0131n tesisi, kullan\u0131lmas\u0131 veya korunmas\u0131 i\u00e7in veri i\u015flemenin zorunlu olmas\u0131 ve Temel hak ve \u00f6zg\u00fcrl\u00fcklerine zarar vermemek kayd\u0131yla, \u015eirket\u2019in me\u015fru menfaatleri i\u00e7in veri i\u015flenmesinin zorunlu olmas\u0131d\u0131r. \u00a0Zorunlu \u00e7erezler d\u0131\u015f\u0131ndaki \u00e7erezler i\u00e7in veri i\u015fleme gerek\u00e7emiz a\u00e7\u0131k izninizdir.<br \/>\u00a0<\/p>\r\n<p><strong>\u00c7erezler Neden Kullan\u0131l\u0131r?<\/strong><\/p>\r\n<p>Baz\u0131 \u00e7erezler, daha \u00f6nceki ziyaretlerinizde kulland\u0131\u011f\u0131n\u0131z tercihlerin web sitesi taraf\u0131ndan hat\u0131rlanmas\u0131n\u0131 sa\u011flayarak, sonraki ziyaretlerinizin \u00e7ok daha kullan\u0131c\u0131 dostu ve ki\u015fiselle\u015ftirilmi\u015f bir deneyim sunmas\u0131n\u0131 sa\u011flar.<\/p>\r\n<p><strong>\u00c7erezleri Kontrol Etme ve Silme<\/strong><\/p>\r\n<p>Web sitemizde bulunan \u00e7erez tercihleri y\u00f6netim arac\u0131 \u00fczerinden t\u00fcm \u00e7erez tercihlerinizi kontrol edebilir ve izinlerinizi verebilir\/kald\u0131rabilirsiniz. Web sitemizde gerekli \u00e7erezler, sitenin hizmet verebilmesi i\u00e7in kullan\u0131lmakta ve ki\u015fisel veri mahiyetine haiz olmayan veri \u00fcretmektedir. Di\u011fer \u00e7erez t\u00fcrleri ile ilgili a\u00e7\u0131klamalar ve bu \u00e7erezler i\u00e7in izinlerinizin y\u00f6netimi i\u00e7in \u00e7erez y\u00f6netim arac\u0131m\u0131z\u0131 kullanman\u0131z gerekir. Gerekli \u00e7erezler d\u0131\u015f\u0131ndaki \u00e7erezler i\u00e7in A\u00e7\u0131k izninizi talep ediyoruz.<\/p>\r\n<p>Yan\u0131 s\u0131ra \u00e7erezlerin kullan\u0131m\u0131na ili\u015fkin tercihlerinizi de\u011fi\u015ftirmek ya da \u00e7erezleri engellemek veya silmek i\u00e7in internet taray\u0131c\u0131n\u0131z\u0131n ayarlar\u0131n\u0131 de\u011fi\u015ftirmeniz yeterlidir. Bir\u00e7ok taray\u0131c\u0131 \u00e7erezleri kontrol edebilmeniz i\u00e7in size \u00e7erezleri kabul etme veya reddetme, yaln\u0131zca belirli t\u00fcrdeki \u00e7erezleri kabul etme ya da bir web sitesi cihaz\u0131n\u0131za \u00e7erez depolamay\u0131 talep etti\u011finde taray\u0131c\u0131 taraf\u0131ndan uyar\u0131lma se\u00e7ene\u011fi sunar. Ayn\u0131 zamanda daha \u00f6nce taray\u0131c\u0131n\u0131za kaydedilmi\u015f \u00e7erezlerin silinmesi de m\u00fcmk\u00fcnd\u00fcr. \u00c7erezleri kontrol edilmesine veya silinmesine ili\u015fkin i\u015flemler kulland\u0131\u011f\u0131n\u0131z taray\u0131c\u0131ya g\u00f6re de\u011fi\u015febilmektedir<br \/>\u00a0<\/p>\r\n<p><strong>Google Chrome<\/strong><br \/>https:\/\/support.google.com\/chrome\/answer\/95647?co=GENIE.Platform%3DDesktop&amp;hl=tr<\/p>\r\n<p><strong>Internet Explorer\u00a0<\/strong><br \/>https:\/\/support.microsoft.com\/tr-tr\/help\/17442\/windows-internet-explorer-delete-manage-cookies<\/p>\r\n<p><strong>Mozilla Firefox\u00a0<\/strong><br \/>https:\/\/support.mozilla.org\/tr\/kb\/cerezleri-silme-web-sitelerinin-bilgilerini-kaldirma<\/p>\r\n<p><strong>Yandex<\/strong><br \/>https:\/\/yandex.com.tr\/support\/browser-classic\/personal-data-protection\/cookies.xml<\/p>\r\n<p><strong>Safari<\/strong><br \/>https:\/\/support.apple.com\/tr-tr\/guide\/safari\/sfri11471\/mac<br \/>\u00a0<\/p>\r\n<p>Kategori 1- Kesinlikle Gerekli \u00c7erezler<\/p>\r\n<p>\u00c7erezleri Kontrol Etme ve Silme<\/p>\r\n<p>Bu \u00e7erezler web sitesini dola\u015f\u0131m\u0131n\u0131z, web sitesinin g\u00fcvenli alanlar\u0131na eri\u015fimin sa\u011flanmas\u0131 ve izinlerin ortaya konulmas\u0131 i\u00e7in \u00f6nemlidir.\u00a0<\/p>\r\n<table width=\"633\">\r\n<tbody>\r\n<tr>\r\n<td width=\"306\">\r\n<p><strong>\u00c7erez<\/strong><\/p>\r\n<\/td>\r\n<td width=\"327\">\r\n<p><strong>\u00c7erez&#8217;in Tan\u0131m\u0131<\/strong><\/p>\r\n<\/td>\r\n<\/tr>\r\n<tr>\r\n<td width=\"306\">\r\n<p><strong>ORBSUserInfo<\/strong><\/p>\r\n<\/td>\r\n<td width=\"327\">\r\n<p>Sayfa i\u00e7i kod ve uygulamalar\u0131n y\u00f6netimi i\u00e7in konulmu\u015f bir \u00e7erezdir<\/p>\r\n<\/td>\r\n<\/tr>\r\n<tr>\r\n<td width=\"306\">\r\n<p>orbislog.comMemberInfo<\/p>\r\n<\/td>\r\n<td width=\"327\">\r\n<p>\u00dcye giri\u015f i\u015flemleri i\u00e7in kullan\u0131lmaktad\u0131r.<\/p>\r\n<\/td>\r\n<\/tr>\r\n<\/tbody>\r\n<\/table>\r\n<p><strong>\u00a0<\/strong><\/p>\r\n<p><strong>Kategori 1- \u201c\u0130statistik&#8217; \u00c7erezleri<\/strong><\/p>\r\n<p>Bu \u00e7erezler, ziyaret\u00e7ilerimizin web sitesini nas\u0131l kulland\u0131klar\u0131 hakk\u0131nda bilgi toplamaktad\u0131r. \u00d6rne\u011fin, hangi ziyaret\u00e7ilerin en s\u0131k gidecekleri sayfalar\u0131 ve web sayfalar\u0131ndan hata mesajlar\u0131 al\u0131p almad\u0131klar\u0131n\u0131 bilmemizi sa\u011flar. Bu \u00e7erezler, bir ziyaret\u00e7iyi tan\u0131mlayan bilgileri de\u011fil anonim olarak bilgi toplama i\u015flemi yapmaktad\u0131r.\u00a0<strong>Bu \u00e7erezler ancak kullan\u0131c\u0131 izin verdi\u011fi takdirde kullan\u0131labilir.<\/strong><\/p>\r\n<p>&nbsp;<\/p>\r\n<table width=\"633\">\r\n<tbody>\r\n<tr>\r\n<td width=\"302\">\r\n<p>\u00c7erez<\/p>\r\n<\/td>\r\n<td width=\"331\">\r\n<p>\u00c7erez&#8217;in Tan\u0131m\u0131<\/p>\r\n<\/td>\r\n<\/tr>\r\n<tr>\r\n<td width=\"302\">\r\n<p><strong>_ga<\/strong><\/p>\r\n<\/td>\r\n<td width=\"331\">\r\n<p>Google Universal Analytics ile ili\u015fkisi olan bir \u00e7erezdir. Bu \u00e7erez, istemci tan\u0131mlay\u0131c\u0131s\u0131 olarak rastgele olu\u015fturulmu\u015f bir numara atayarak benzersiz kullan\u0131c\u0131lar\u0131 ay\u0131rmak i\u00e7in kullan\u0131l\u0131r. Sitelerin analiz raporlar\u0131 i\u00e7in ziyaret\u00e7i, oturum ve kampanya verilerini hesaplamak i\u00e7in kullan\u0131l\u0131r.\u00a0<\/p>\r\n<\/td>\r\n<\/tr>\r\n<tr>\r\n<td width=\"302\">\r\n<p>_gat<\/p>\r\n<\/td>\r\n<td width=\"331\">\r\n<p>Google Universal Analytics ile ili\u015fkilidir &#8211; y\u00fcksek trafik alanlar\u0131ndaki verilerin toplanmas\u0131n\u0131 s\u0131n\u0131rlar<\/p>\r\n<\/td>\r\n<\/tr>\r\n<tr>\r\n<td width=\"302\">\r\n<p>_gid<\/p>\r\n<\/td>\r\n<td width=\"331\">\r\n<p>24 saatlik bir kullan\u0131c\u0131 analiti\u011fi depolamas\u0131 yapmaktad\u0131r.<\/p>\r\n<\/td>\r\n<\/tr>\r\n<\/tbody>\r\n<\/table>\r\n<p><strong>\u00a0<\/strong><\/p>\r\n<p><strong>Kategori 2: Hedefleme \/ Reklam \u00c7erezleri<\/strong><\/p>\r\n<p>Bu \u00e7erezler, reklamlar\u0131 sizinle ilgi alanlar\u0131n\u0131za uygun olarak reklam kampanyas\u0131n\u0131n etkinli\u011fini ve reklam say\u0131s\u0131n\u0131 \u00f6l\u00e7mek i\u00e7in kullan\u0131lmaktad\u0131r. Genellikle web sitesi operat\u00f6r\u00fcn\u00fcn izniyle reklam a\u011flar\u0131 taraf\u0131ndan yerle\u015ftirilirler. Ziyaret etti\u011finiz web sitelerini hat\u0131rlayarak bu bilgileri 3. Ki\u015fi niteli\u011findeki reklam verenler gibi di\u011fer kurulu\u015flarla payla\u015f\u0131lmaktad\u0131r. \u00c7ok s\u0131kl\u0131kla \u00e7erezler hedefleme amac\u0131yla di\u011fer reklamlar\u0131n sitelerine link vermektedir. \u0130\u015f bu \u00e7erezler Orbis\u2019in birinci parti i\u015fletici oldu\u011fu \u00e7erezler olmay\u0131p, kullan\u0131c\u0131lar\u0131n daha \u00f6nce verdi\u011fi izinler \u00fczerinden hedefleme yap\u0131lmaktad\u0131r.\u00a0<strong>Bu \u00e7erezler ancak kullan\u0131c\u0131 izin verdi\u011fi takdirde kullan\u0131labilir.<\/strong><\/p>\r\n<p>&nbsp;<\/p>\r\n<table width=\"633\">\r\n<tbody>\r\n<tr>\r\n<td width=\"347\">\r\n<p>\u00c7erez<\/p>\r\n<\/td>\r\n<td width=\"286\">\r\n<p>\u00c7erez&#8217;in Tan\u0131m\u0131<\/p>\r\n<\/td>\r\n<\/tr>\r\n<tr>\r\n<td width=\"347\">\r\n<p>Fr, Fbp,tr<\/p>\r\n<\/td>\r\n<td width=\"286\">\r\n<p>Facebook taraf\u0131ndan sa\u011flanan \u00e7erezler olup, reklam ama\u00e7l\u0131 kullan\u0131lan \u00e7erezlerdir<\/p>\r\n<\/td>\r\n<\/tr>\r\n<tr>\r\n<td width=\"347\">\r\n<p>Ads<\/p>\r\n<\/td>\r\n<td width=\"286\">\r\n<p>Google Adwords \u00e7erezi olup ziyaret\u00e7i datas\u0131 vermektedir.<\/p>\r\n<\/td>\r\n<\/tr>\r\n<\/tbody>\r\n<\/table>\r\n<p><strong>Saklama S\u00fcresi ve Verilerin Payla\u015f\u0131m\u0131<\/strong><\/p>\r\n<p>\u0130\u015fbu Ayd\u0131nlatma metninde belirtilen ama\u00e7lar\u0131 sa\u011flamak \u00fczere \u015eirket\u2019in hizmet alaca\u011f\u0131 i\u015f ortaklar\u0131na, kamu kurum ve kurulu\u015flar\u0131na ve ki\u015fisel verilerin depolanmas\u0131 amac\u0131yla yurti\u00e7indeki ve izniniz olmas\u0131 halinde yurtd\u0131\u015f\u0131ndaki hizmet sunucular\u0131na aktar\u0131labilecek ve aktar\u0131m yap\u0131lan bu kurulu\u015flar taraf\u0131ndan da verileriniz i\u015flenebilecektir.<br \/>\u00c7erezler, farkl\u0131 s\u00fcreler boyunca saklanmaktad\u0131r ve bu s\u00fcreler yukar\u0131da ilgili kategorilerde g\u00f6sterilmi\u015ftir.\u00a0<\/p>\r\n<p><br \/>Kanun Kapsam\u0131ndaki Haklar\u0131n\u0131z<br \/>\u2022 Ki\u015fisel veri i\u015flenip i\u015flenmedi\u011fini \u00f6\u011frenme,<\/p>\r\n<ul>\r\n<li>Ki\u015fisel verileri i\u015flenmi\u015fse buna ili\u015fkin bilgi talep etme,<\/li>\r\n<li>Ki\u015fisel verilerin i\u015flenme amac\u0131n\u0131 ve bunlar\u0131n amac\u0131na uygun kullan\u0131l\u0131p kullan\u0131lmad\u0131\u011f\u0131n\u0131 \u00f6\u011frenme,<\/li>\r\n<li>Yurt i\u00e7inde veya yurt d\u0131\u015f\u0131nda ki\u015fisel verilerin aktar\u0131ld\u0131\u011f\u0131 \u00fc\u00e7\u00fcnc\u00fc ki\u015fileri bilme,<\/li>\r\n<li>Ki\u015fisel verilerin eksik veya yanl\u0131\u015f i\u015flenmi\u015f olmas\u0131 h\u00e2linde bunlar\u0131n d\u00fczeltilmesini isteme ve bu kapsamda yap\u0131lan i\u015flemin ki\u015fisel verilerin aktar\u0131ld\u0131\u011f\u0131 \u00fc\u00e7\u00fcnc\u00fc ki\u015filere bildirilmesini isteme,<\/li>\r\n<li>6698 say\u0131l\u0131 Kanun ve ilgili di\u011fer kanun h\u00fck\u00fcmlerine uygun olarak i\u015flenmi\u015f olmas\u0131na ra\u011fmen, i\u015flenmesini gerektiren sebeplerin ortadan kalkmas\u0131 h\u00e2linde ki\u015fisel verilerin silinmesini veya yok edilmesini isteme ve bu kapsamda yap\u0131lan i\u015flemin ki\u015fisel verilerin aktar\u0131ld\u0131\u011f\u0131 \u00fc\u00e7\u00fcnc\u00fc ki\u015filere bildirilmesini isteme,<\/li>\r\n<li>\u0130\u015flenen verilerin m\u00fcnhas\u0131ran otomatik sistemler vas\u0131tas\u0131yla analiz edilmesi suretiyle ki\u015finin kendisi aleyhine bir sonucun ortaya \u00e7\u0131kmas\u0131na itiraz etme, Ki\u015fisel verilerin kanuna ayk\u0131r\u0131 olarak i\u015flenmesi sebebiyle zarara u\u011framas\u0131 h\u00e2linde zarar\u0131n giderilmesini talep etme<\/li>\r\n<\/ul>\r\n","protected":false},"excerpt":{"rendered":"<p>Gizlilik \u015eartlar\u0131 ve \u00c7erez Politikas\u0131 Orbis Uluslararas\u0131 Ta\u015f\u0131mac\u0131l\u0131k Ve D\u0131\u015f Ticaret Anonim \u015eirketi (\u201c\u015eirket\u201d) taraf\u0131ndan i\u015fletilen \u201corbislog.com adresindeki internet sitesinde (\u201c\u0130nternet Sitesi\u201d) kullan\u0131c\u0131lardan (\u201cKullan\u0131c\u0131\u201d) daha iyi hizmet verebilmek amac\u0131yla baz\u0131 ki\u015fisel bilgiler (ad-soyad, , e-posta adresi, vb.) talep edilmektedir. \u0130nternet Sitesi ile toplanan bu veriler; a\u00e7\u0131k izin bulunmas\u0131 durumunda kampanya \u00e7al\u0131\u015fmalar\u0131 veya Kullan\u0131c\u0131\u2019n\u0131n hesab\u0131na y\u00f6nelik [&hellip;]<\/p>\n","protected":false},"author":1,"featured_media":0,"parent":0,"menu_order":0,"comment_status":"closed","ping_status":"closed","template":"","meta":{"footnotes":""},"class_list":["post-11357","page","type-page","status-publish","hentry"],"_links":{"self":[{"href":"https:\/\/orbislog.com\/tr\/wp-json\/wp\/v2\/pages\/11357","targetHints":{"allow":["GET"]}}],"collection":[{"href":"https:\/\/orbislog.com\/tr\/wp-json\/wp\/v2\/pages"}],"about":[{"href":"https:\/\/orbislog.com\/tr\/wp-json\/wp\/v2\/types\/page"}],"author":[{"embeddable":true,"href":"https:\/\/orbislog.com\/tr\/wp-json\/wp\/v2\/users\/1"}],"replies":[{"embeddable":true,"href":"https:\/\/orbislog.com\/tr\/wp-json\/wp\/v2\/comments?post=11357"}],"version-history":[{"count":4,"href":"https:\/\/orbislog.com\/tr\/wp-json\/wp\/v2\/pages\/11357\/revisions"}],"predecessor-version":[{"id":11368,"href":"https:\/\/orbislog.com\/tr\/wp-json\/wp\/v2\/pages\/11357\/revisions\/11368"}],"wp:attachment":[{"href":"https:\/\/orbislog.com\/tr\/wp-json\/wp\/v2\/media?parent=11357"}],"curies":[{"name":"wp","href":"https:\/\/api.w.org\/{rel}","templated":true}]}}