{"id":11262,"date":"2022-12-04T17:09:26","date_gmt":"2022-12-04T14:09:26","guid":{"rendered":"https:\/\/orbislog.com\/track-your-order"},"modified":"2024-05-10T12:02:26","modified_gmt":"2024-05-10T09:02:26","slug":"track-your-order","status":"publish","type":"page","link":"https:\/\/orbislog.com\/tr\/track-your-order","title":{"rendered":"Track Your Order"},"content":{"rendered":"\t\t<div data-elementor-type=\"wp-page\" data-elementor-id=\"11262\" class=\"elementor elementor-11262 elementor-9947\">\n\t\t\t\t\t\t<section class=\"elementor-section elementor-top-section elementor-element elementor-element-98bfbc1 qodef-elementor-content-grid elementor-section-full_width elementor-section-height-default elementor-section-height-default\" data-id=\"98bfbc1\" data-element_type=\"section\" data-e-type=\"section\" data-settings=\"{&quot;background_background&quot;:&quot;classic&quot;}\">\n\t\t\t\t\t\t<div class=\"elementor-container elementor-column-gap-no\">\n\t\t\t\t\t<div class=\"elementor-column elementor-col-100 elementor-top-column elementor-element elementor-element-24d88fe\" data-id=\"24d88fe\" data-element_type=\"column\" data-e-type=\"column\">\n\t\t\t<div class=\"elementor-widget-wrap elementor-element-populated\">\n\t\t\t\t\t\t<div class=\"elementor-element elementor-element-3bba214 elementor-widget elementor-widget-heading\" data-id=\"3bba214\" data-element_type=\"widget\" data-e-type=\"widget\" data-widget_type=\"heading.default\">\n\t\t\t\t<div class=\"elementor-widget-container\">\n\t\t\t\t\t<h2 class=\"elementor-heading-title elementor-size-default\">Shipping Information<\/h2>\t\t\t\t<\/div>\n\t\t\t\t<\/div>\n\t\t\t\t<div class=\"elementor-element elementor-element-14ccf2a elementor-widget elementor-widget-html\" data-id=\"14ccf2a\" data-element_type=\"widget\" data-e-type=\"widget\" data-widget_type=\"html.default\">\n\t\t\t\t<div class=\"elementor-widget-container\">\n\t\t\t\t\t<iframe src=\"https:\/\/shipsgo.com\/iframe\/where-is-my-container\/TEST1234567\" id=\"IframeShipsgoLiveMap\" style=\"height: 550px;width: 100%;\"><\/iframe>\n\n\n<script>\n\n \n\n    if (window.addEventListener) {\n\n \n\n        window.addEventListener(\"message\", ShipsgoMessagesListener);\n\n \n\n    }\n\n \n\n    function ShipsgoMessagesListener() {\n\n \n\n        if (event.data.Action === \"LoadNewContainerCode\") {\n\n \n\n            document.getElementById(\"IframeShipsgoLiveMap\").src = \"https:\/\/shipsgo.com\/iframe\/where-is-my-container\/\" + event.data.Parameters.ContainerCode;\n\n \n\n        }\n\n \n\n    }\n\n \n\n    var urlParams = new URLSearchParams(window.location.search);\n\n    var defaultQuery = urlParams.get('query');\n\n    if (defaultQuery === undefined || defaultQuery === null) {\n\n        defaultQuery = \"default-container-code\";\n\n    }\n\n    document.getElementById(\"IframeShipsgoLiveMap\").src = \"https:\/\/shipsgo.com\/iframe\/where-is-my-container\/\" + defaultQuery;\n\n \n\n<\/script>\t\t\t\t<\/div>\n\t\t\t\t<\/div>\n\t\t\t\t\t<\/div>\n\t\t<\/div>\n\t\t\t\t\t<\/div>\n\t\t<\/section>\n\t\t\t\t<section class=\"elementor-section elementor-top-section elementor-element elementor-element-20452ee elementor-section-boxed elementor-section-height-default elementor-section-height-default qodef-elementor-content-no\" data-id=\"20452ee\" data-element_type=\"section\" data-e-type=\"section\">\n\t\t\t\t\t\t<div class=\"elementor-container elementor-column-gap-default\">\n\t\t\t\t\t<div class=\"elementor-column elementor-col-100 elementor-top-column elementor-element elementor-element-63fadcf\" data-id=\"63fadcf\" data-element_type=\"column\" data-e-type=\"column\">\n\t\t\t<div class=\"elementor-widget-wrap elementor-element-populated\">\n\t\t\t\t\t\t<div class=\"elementor-element elementor-element-8df7fdb elementor-widget elementor-widget-heading\" data-id=\"8df7fdb\" data-element_type=\"widget\" data-e-type=\"widget\" data-widget_type=\"heading.default\">\n\t\t\t\t<div class=\"elementor-widget-container\">\n\t\t\t\t\t<h2 class=\"elementor-heading-title elementor-size-default\">Latest Blog Posts From Orbis LS\n<\/h2>\t\t\t\t<\/div>\n\t\t\t\t<\/div>\n\t\t\t\t\t<\/div>\n\t\t<\/div>\n\t\t\t\t\t<\/div>\n\t\t<\/section>\n\t\t\t\t<section class=\"elementor-section elementor-top-section elementor-element elementor-element-77adb3e elementor-section-boxed elementor-section-height-default elementor-section-height-default qodef-elementor-content-no\" data-id=\"77adb3e\" data-element_type=\"section\" data-e-type=\"section\">\n\t\t\t\t\t\t<div class=\"elementor-container elementor-column-gap-default\">\n\t\t\t\t\t<div class=\"elementor-column elementor-col-100 elementor-top-column elementor-element elementor-element-18772bb\" data-id=\"18772bb\" data-element_type=\"column\" data-e-type=\"column\">\n\t\t\t<div class=\"elementor-widget-wrap elementor-element-populated\">\n\t\t\t\t\t\t<div class=\"elementor-element elementor-element-38ff09a elementor-widget elementor-widget-globefarer_core_blog_list\" data-id=\"38ff09a\" data-element_type=\"widget\" data-e-type=\"widget\" data-widget_type=\"globefarer_core_blog_list.default\">\n\t\t\t\t<div class=\"elementor-widget-container\">\n\t\t\t\t\t<div class=\"qodef-shortcode qodef-m  qodef-blog qodef--list qodef-item-layout--standard qodef-hover-animation--no qodef-grid qodef-layout--columns  qodef-gutter--normal qodef-col-num--3 qodef-item-layout--standard qodef--no-bottom-space qodef-pagination--off qodef-responsive--predefined\" data-options=\"{&quot;plugin&quot;:&quot;globefarer_core&quot;,&quot;module&quot;:&quot;blog\\\/shortcodes&quot;,&quot;shortcode&quot;:&quot;blog-list&quot;,&quot;post_type&quot;:&quot;post&quot;,&quot;next_page&quot;:&quot;2&quot;,&quot;max_pages_num&quot;:1,&quot;behavior&quot;:&quot;columns&quot;,&quot;images_proportion&quot;:&quot;full&quot;,&quot;columns&quot;:&quot;3&quot;,&quot;columns_responsive&quot;:&quot;predefined&quot;,&quot;space&quot;:&quot;normal&quot;,&quot;posts_per_page&quot;:&quot;9&quot;,&quot;orderby&quot;:&quot;date&quot;,&quot;order&quot;:&quot;DESC&quot;,&quot;layout&quot;:&quot;standard&quot;,&quot;title_tag&quot;:&quot;h4&quot;,&quot;button_text&quot;:&quot;Read more&quot;,&quot;hover_animation&quot;:&quot;no&quot;,&quot;pagination_type&quot;:&quot;no-pagination&quot;,&quot;object_class_name&quot;:&quot;GlobeFarerCore_Blog_List_Shortcode&quot;,&quot;taxonomy_filter&quot;:&quot;category&quot;,&quot;additional_query_args&quot;:[],&quot;space_value&quot;:15}\">\n\t\t<div class=\"qodef-grid-inner clear\">\n\t\t<article class=\"qodef-e qodef-blog-item qodef-grid-item qodef-item--full post-10328 post type-post status-publish format-standard has-post-thumbnail hentry category-infrastructure-tr\">\n\t<div class=\"qodef-e-inner\">\n\t\t<div class=\"qodef-e-media\">\n\t\t<div class=\"qodef-e-media-image\">\n\t\t\t\t\t<a itemprop=\"url\" href=\"https:\/\/orbislog.com\/tr\/konteyner-boyutlari\">\n\t\t\t\t\t<img fetchpriority=\"high\" decoding=\"async\" width=\"1024\" height=\"1429\" src=\"https:\/\/orbislog.com\/wp-content\/uploads\/2024\/04\/Container-Sizing-101.jpg\" class=\"attachment-full size-full wp-post-image\" alt=\"\" srcset=\"https:\/\/orbislog.com\/wp-content\/uploads\/2024\/04\/Container-Sizing-101.jpg 1024w, https:\/\/orbislog.com\/wp-content\/uploads\/2024\/04\/Container-Sizing-101-215x300.jpg 215w, https:\/\/orbislog.com\/wp-content\/uploads\/2024\/04\/Container-Sizing-101-734x1024.jpg 734w, https:\/\/orbislog.com\/wp-content\/uploads\/2024\/04\/Container-Sizing-101-768x1072.jpg 768w\" sizes=\"(max-width: 1024px) 100vw, 1024px\">\t\t\t\t\t<\/a>\n\t\t\t\t\t<\/div>\n<\/div>\n\t\t<div class=\"qodef-e-content\">\n\t\t\t<div class=\"qodef-e-top-holder\">\n\t\t\t\t<div class=\"qodef-e-info\">\n\t\t\t\t\t<a itemprop=\"dateCreated\" href=\"https:\/\/orbislog.com\/tr\/2022\/12\" class=\"entry-date \">\n\t13 Aral\u0131k 2022<\/a><div class=\"qodef-info-separator-end\"><\/div><a href=\"https:\/\/orbislog.com\/tr\/category\/infrastructure-tr\" rel=\"tag\">Lojistik<\/a><div class=\"qodef-info-separator-end\"><\/div>\t\t\t\t<\/div>\n\t\t\t<\/div>\n\t\t\t<div class=\"qodef-e-text\">\n\t\t\t\t<h4 itemprop=\"name\" class=\"qodef-e-title entry-title\">\n\t\t\t<a itemprop=\"url\" class=\"qodef-e-title-link\" href=\"https:\/\/orbislog.com\/tr\/konteyner-boyutlari\">\n\t\t\tKonteyner Boyutlar\u0131: Lojistik Operasyonlar\u0131nda Do\u011fru Boyutu Nas\u0131l Se\u00e7ersiniz\t\t\t<\/a>\n\t<\/h4>\n\t\t<p itemprop=\"description\" class=\"qodef-e-excerpt\">Do\u011fru konteyner boyutunu se\u00e7mek, y\u00fck alan\u0131n\u0131 optimize etmenize ve maliyetleri en aza indirmenize yard\u0131mc\u0131 olurken, yanl\u0131\u015f boyut verimsizliklere ve kaynaklar\u0131n bo\u015fa harca<\/p>\n\t\t\t\t\t<\/div>\n\t\t\t<div class=\"qodef-e-bottom-holder\">\n\t\t\t\t\t\t<div class=\"qodef-e-read-more\">\n\t\t<a class=\"qodef-shortcode qodef-m  qodef-button qodef-layout--textual  qodef-html--link\" href=\"https:\/\/orbislog.com\/tr\/konteyner-boyutlari\" target=\"_self\"  >\t\t\t<span class=\"qodef-m-button-icon\"><svg class=\"qodef-svg--plus\" xmlns=\"http:\/\/www.w3.org\/2000\/svg\" xmlns:xlink=\"http:\/\/www.w3.org\/1999\/xlink\" width=\"14\" height=\"14\" viewBox=\"0 0 14 14\"><path class=\"qodef-m-horizontal\" d=\"M0,0H14V2H0Z\" transform=\"translate(0 6)\" \/><path class=\"qodef-m-vertical\" d=\"M0,0H2V14H0Z\" transform=\"translate(6)\" \/><\/svg><\/span>\t\t\t\t<span class=\"qodef-m-button-text\">Read more<\/span>\t<\/a>\t<\/div>\n\t\t\t<\/div>\n\t\t<\/div>\n\t<\/div>\n<\/article>\n<article class=\"qodef-e qodef-blog-item qodef-grid-item qodef-item--full post-9117 post type-post status-publish format-standard has-post-thumbnail hentry category-infrastructure tag-business-tr tag-transit-tr\">\n\t<div class=\"qodef-e-inner\">\n\t\t<div class=\"qodef-e-media\">\n\t\t<div class=\"qodef-e-media-image\">\n\t\t\t\t\t<a itemprop=\"url\" href=\"https:\/\/orbislog.com\/tr\/refeer-container\">\n\t\t\t\t\t<img decoding=\"async\" src=\"https:\/\/orbislog.com\/wp-content\/uploads\/2021\/08\/oject-1400-x-1950-piksel-3.png\" class=\"attachment-full size-full wp-post-image\" alt=\"containers-blue\" \/>\t\t\t\t\t<\/a>\n\t\t\t\t\t<\/div>\n<\/div>\n\t\t<div class=\"qodef-e-content\">\n\t\t\t<div class=\"qodef-e-top-holder\">\n\t\t\t\t<div class=\"qodef-e-info\">\n\t\t\t\t\t<a itemprop=\"dateCreated\" href=\"https:\/\/orbislog.com\/tr\/2021\/08\" class=\"entry-date \">\n\t10 A\u011fustos 2021<\/a><div class=\"qodef-info-separator-end\"><\/div><a href=\"https:\/\/orbislog.com\/category\/infrastructure\" rel=\"tag\">Logistics<\/a><div class=\"qodef-info-separator-end\"><\/div>\t\t\t\t<\/div>\n\t\t\t<\/div>\n\t\t\t<div class=\"qodef-e-text\">\n\t\t\t\t<h4 itemprop=\"name\" class=\"qodef-e-title entry-title\">\n\t\t\t<a itemprop=\"url\" class=\"qodef-e-title-link\" href=\"https:\/\/orbislog.com\/tr\/refeer-container\">\n\t\t\tRefeer Container Nedir?\t\t\t<\/a>\n\t<\/h4>\n\t\t<p itemprop=\"description\" class=\"qodef-e-excerpt\">So\u011futuculu konteyner, bozulabilir mallar\u0131 ta\u015f\u0131mak i\u00e7in kullan\u0131lan bir konteynerdir.<\/p>\n\t\t\t\t\t<\/div>\n\t\t\t<div class=\"qodef-e-bottom-holder\">\n\t\t\t\t\t\t<div class=\"qodef-e-read-more\">\n\t\t<a class=\"qodef-shortcode qodef-m  qodef-button qodef-layout--textual  qodef-html--link\" href=\"https:\/\/orbislog.com\/tr\/refeer-container\" target=\"_self\"  >\t\t\t<span class=\"qodef-m-button-icon\"><svg class=\"qodef-svg--plus\" xmlns=\"http:\/\/www.w3.org\/2000\/svg\" xmlns:xlink=\"http:\/\/www.w3.org\/1999\/xlink\" width=\"14\" height=\"14\" viewBox=\"0 0 14 14\"><path class=\"qodef-m-horizontal\" d=\"M0,0H14V2H0Z\" transform=\"translate(0 6)\" \/><path class=\"qodef-m-vertical\" d=\"M0,0H2V14H0Z\" transform=\"translate(6)\" \/><\/svg><\/span>\t\t\t\t<span class=\"qodef-m-button-text\">Read more<\/span>\t<\/a>\t<\/div>\n\t\t\t<\/div>\n\t\t<\/div>\n\t<\/div>\n<\/article>\n<article class=\"qodef-e qodef-blog-item qodef-grid-item qodef-item--full post-9120 post type-post status-publish format-standard has-post-thumbnail hentry category-infrastructure-tr tag-transport-tr tag-travel-tr\">\n\t<div class=\"qodef-e-inner\">\n\t\t<div class=\"qodef-e-media\">\n\t\t<div class=\"qodef-e-media-image\">\n\t\t\t\t\t<a itemprop=\"url\" href=\"https:\/\/orbislog.com\/tr\/open-top\">\n\t\t\t\t\t<img decoding=\"async\" width=\"1400\" height=\"1954\" src=\"https:\/\/orbislog.com\/wp-content\/uploads\/2021\/08\/water-home-blog-img2.jpg\" class=\"attachment-full size-full wp-post-image\" alt=\"\" srcset=\"https:\/\/orbislog.com\/wp-content\/uploads\/2021\/08\/water-home-blog-img2.jpg 1400w, https:\/\/orbislog.com\/wp-content\/uploads\/2021\/08\/water-home-blog-img2-215x300.jpg 215w, https:\/\/orbislog.com\/wp-content\/uploads\/2021\/08\/water-home-blog-img2-734x1024.jpg 734w, https:\/\/orbislog.com\/wp-content\/uploads\/2021\/08\/water-home-blog-img2-768x1072.jpg 768w, https:\/\/orbislog.com\/wp-content\/uploads\/2021\/08\/water-home-blog-img2-1101x1536.jpg 1101w\" sizes=\"(max-width: 1400px) 100vw, 1400px\">\t\t\t\t\t<\/a>\n\t\t\t\t\t<\/div>\n<\/div>\n\t\t<div class=\"qodef-e-content\">\n\t\t\t<div class=\"qodef-e-top-holder\">\n\t\t\t\t<div class=\"qodef-e-info\">\n\t\t\t\t\t<a itemprop=\"dateCreated\" href=\"https:\/\/orbislog.com\/tr\/2021\/08\" class=\"entry-date \">\n\t10 A\u011fustos 2021<\/a><div class=\"qodef-info-separator-end\"><\/div><a href=\"https:\/\/orbislog.com\/tr\/category\/infrastructure-tr\" rel=\"tag\">Lojistik<\/a><div class=\"qodef-info-separator-end\"><\/div>\t\t\t\t<\/div>\n\t\t\t<\/div>\n\t\t\t<div class=\"qodef-e-text\">\n\t\t\t\t<h4 itemprop=\"name\" class=\"qodef-e-title entry-title\">\n\t\t\t<a itemprop=\"url\" class=\"qodef-e-title-link\" href=\"https:\/\/orbislog.com\/tr\/open-top\">\n\t\t\tOpen Top Konteyner Nedir?\t\t\t<\/a>\n\t<\/h4>\n\t\t<p itemprop=\"description\" class=\"qodef-e-excerpt\">\u00dcst\u00fc a\u00e7\u0131k tasar\u0131m, kargonun kolay y\u00fcklenmesini ve bo\u015falt\u0131lmas\u0131n\u0131 sa\u011flad\u0131\u011f\u0131 i\u00e7in deniz ta\u015f\u0131mac\u0131l\u0131\u011f\u0131 i\u00e7in m\u00fckemmel bir se\u00e7imdir.<\/p>\n\t\t\t\t\t<\/div>\n\t\t\t<div class=\"qodef-e-bottom-holder\">\n\t\t\t\t\t\t<div class=\"qodef-e-read-more\">\n\t\t<a class=\"qodef-shortcode qodef-m  qodef-button qodef-layout--textual  qodef-html--link\" href=\"https:\/\/orbislog.com\/tr\/open-top\" target=\"_self\"  >\t\t\t<span class=\"qodef-m-button-icon\"><svg class=\"qodef-svg--plus\" xmlns=\"http:\/\/www.w3.org\/2000\/svg\" xmlns:xlink=\"http:\/\/www.w3.org\/1999\/xlink\" width=\"14\" height=\"14\" viewBox=\"0 0 14 14\"><path class=\"qodef-m-horizontal\" d=\"M0,0H14V2H0Z\" transform=\"translate(0 6)\" \/><path class=\"qodef-m-vertical\" d=\"M0,0H2V14H0Z\" transform=\"translate(6)\" \/><\/svg><\/span>\t\t\t\t<span class=\"qodef-m-button-text\">Read more<\/span>\t<\/a>\t<\/div>\n\t\t\t<\/div>\n\t\t<\/div>\n\t<\/div>\n<\/article>\n<article class=\"qodef-e qodef-blog-item qodef-grid-item qodef-item--full post-9121 post type-post status-publish format-standard has-post-thumbnail hentry category-infrastructure-tr tag-shipping-tr tag-supplychain-tr\">\n\t<div class=\"qodef-e-inner\">\n\t\t<div class=\"qodef-e-media\">\n\t\t<div class=\"qodef-e-media-image\">\n\t\t\t\t\t<a itemprop=\"url\" href=\"https:\/\/orbislog.com\/tr\/lcl\">\n\t\t\t\t\t<img decoding=\"async\" width=\"1024\" height=\"1426\" src=\"https:\/\/orbislog.com\/wp-content\/uploads\/2024\/04\/LCL-Nedir.jpg\" class=\"attachment-full size-full wp-post-image\" alt=\"LCL Nedir\" srcset=\"https:\/\/orbislog.com\/wp-content\/uploads\/2024\/04\/LCL-Nedir.jpg 1024w, https:\/\/orbislog.com\/wp-content\/uploads\/2024\/04\/LCL-Nedir-215x300.jpg 215w, https:\/\/orbislog.com\/wp-content\/uploads\/2024\/04\/LCL-Nedir-735x1024.jpg 735w, https:\/\/orbislog.com\/wp-content\/uploads\/2024\/04\/LCL-Nedir-768x1070.jpg 768w\" sizes=\"(max-width: 1024px) 100vw, 1024px\" \/>\t\t\t\t\t<\/a>\n\t\t\t\t\t<\/div>\n<\/div>\n\t\t<div class=\"qodef-e-content\">\n\t\t\t<div class=\"qodef-e-top-holder\">\n\t\t\t\t<div class=\"qodef-e-info\">\n\t\t\t\t\t<a itemprop=\"dateCreated\" href=\"https:\/\/orbislog.com\/tr\/2021\/08\" class=\"entry-date \">\n\t10 A\u011fustos 2021<\/a><div class=\"qodef-info-separator-end\"><\/div><a href=\"https:\/\/orbislog.com\/tr\/category\/infrastructure-tr\" rel=\"tag\">Lojistik<\/a><div class=\"qodef-info-separator-end\"><\/div>\t\t\t\t<\/div>\n\t\t\t<\/div>\n\t\t\t<div class=\"qodef-e-text\">\n\t\t\t\t<h4 itemprop=\"name\" class=\"qodef-e-title entry-title\">\n\t\t\t<a itemprop=\"url\" class=\"qodef-e-title-link\" href=\"https:\/\/orbislog.com\/tr\/lcl\">\n\t\t\tLCL Nedir?\t\t\t<\/a>\n\t<\/h4>\n\t\t<p itemprop=\"description\" class=\"qodef-e-excerpt\">Less container Load, nakliye end\u00fcstrisinde bir konteyn\u0131rda birle\u015ftirilen daha k\u00fc\u00e7\u00fck g\u00f6nderileri tan\u0131mlamak i\u00e7in kullan\u0131lan bir terimdir.<\/p>\n\t\t\t\t\t<\/div>\n\t\t\t<div class=\"qodef-e-bottom-holder\">\n\t\t\t\t\t\t<div class=\"qodef-e-read-more\">\n\t\t<a class=\"qodef-shortcode qodef-m  qodef-button qodef-layout--textual  qodef-html--link\" href=\"https:\/\/orbislog.com\/tr\/lcl\" target=\"_self\"  >\t\t\t<span class=\"qodef-m-button-icon\"><svg class=\"qodef-svg--plus\" xmlns=\"http:\/\/www.w3.org\/2000\/svg\" xmlns:xlink=\"http:\/\/www.w3.org\/1999\/xlink\" width=\"14\" height=\"14\" viewBox=\"0 0 14 14\"><path class=\"qodef-m-horizontal\" d=\"M0,0H14V2H0Z\" transform=\"translate(0 6)\" \/><path class=\"qodef-m-vertical\" d=\"M0,0H2V14H0Z\" transform=\"translate(6)\" \/><\/svg><\/span>\t\t\t\t<span class=\"qodef-m-button-text\">Read more<\/span>\t<\/a>\t<\/div>\n\t\t\t<\/div>\n\t\t<\/div>\n\t<\/div>\n<\/article>\n<article class=\"qodef-e qodef-blog-item qodef-grid-item qodef-item--full post-9122 post type-post status-publish format-video has-post-thumbnail hentry category-infrastructure-tr tag-containers-tr post_format-post-format-video\">\n\t<div class=\"qodef-e-inner\">\n\t\t<div class=\"qodef-e-media\">\n\t\t<div class=\"qodef-e-media-image\">\n\t\t\t\t\t<a itemprop=\"url\" href=\"https:\/\/orbislog.com\/tr\/flat-rack\">\n\t\t\t\t\t<img loading=\"lazy\" decoding=\"async\" width=\"1024\" height=\"1426\" src=\"https:\/\/orbislog.com\/wp-content\/uploads\/2024\/04\/Flat-Rack-Nedir.jpg\" class=\"attachment-full size-full wp-post-image\" alt=\"Flat Rack Nedir\" srcset=\"https:\/\/orbislog.com\/wp-content\/uploads\/2024\/04\/Flat-Rack-Nedir.jpg 1024w, https:\/\/orbislog.com\/wp-content\/uploads\/2024\/04\/Flat-Rack-Nedir-215x300.jpg 215w, https:\/\/orbislog.com\/wp-content\/uploads\/2024\/04\/Flat-Rack-Nedir-735x1024.jpg 735w, https:\/\/orbislog.com\/wp-content\/uploads\/2024\/04\/Flat-Rack-Nedir-768x1070.jpg 768w\" sizes=\"(max-width: 1024px) 100vw, 1024px\" \/>\t\t\t\t\t<\/a>\n\t\t\t\t\t<\/div>\n<\/div>\n\t\t<div class=\"qodef-e-content\">\n\t\t\t<div class=\"qodef-e-top-holder\">\n\t\t\t\t<div class=\"qodef-e-info\">\n\t\t\t\t\t<a itemprop=\"dateCreated\" href=\"https:\/\/orbislog.com\/tr\/2021\/08\" class=\"entry-date \">\n\t10 A\u011fustos 2021<\/a><div class=\"qodef-info-separator-end\"><\/div><a href=\"https:\/\/orbislog.com\/tr\/category\/infrastructure-tr\" rel=\"tag\">Lojistik<\/a><div class=\"qodef-info-separator-end\"><\/div>\t\t\t\t<\/div>\n\t\t\t<\/div>\n\t\t\t<div class=\"qodef-e-text\">\n\t\t\t\t<h4 itemprop=\"name\" class=\"qodef-e-title entry-title\">\n\t\t\t<a itemprop=\"url\" class=\"qodef-e-title-link\" href=\"https:\/\/orbislog.com\/tr\/flat-rack\">\n\t\t\tFlat Rack Nedir?\t\t\t<\/a>\n\t<\/h4>\n\t\t<p itemprop=\"description\" class=\"qodef-e-excerpt\">Flat Rack Konteynerler, lojistik ve nakliye sekt\u00f6rlerinde kullan\u0131lan bir palet t\u00fcr\u00fcd\u00fcr.<\/p>\n\t\t\t\t\t<\/div>\n\t\t\t<div class=\"qodef-e-bottom-holder\">\n\t\t\t\t\t\t<div class=\"qodef-e-read-more\">\n\t\t<a class=\"qodef-shortcode qodef-m  qodef-button qodef-layout--textual  qodef-html--link\" href=\"https:\/\/orbislog.com\/tr\/flat-rack\" target=\"_self\"  >\t\t\t<span class=\"qodef-m-button-icon\"><svg class=\"qodef-svg--plus\" xmlns=\"http:\/\/www.w3.org\/2000\/svg\" xmlns:xlink=\"http:\/\/www.w3.org\/1999\/xlink\" width=\"14\" height=\"14\" viewBox=\"0 0 14 14\"><path class=\"qodef-m-horizontal\" d=\"M0,0H14V2H0Z\" transform=\"translate(0 6)\" \/><path class=\"qodef-m-vertical\" d=\"M0,0H2V14H0Z\" transform=\"translate(6)\" \/><\/svg><\/span>\t\t\t\t<span class=\"qodef-m-button-text\">Read more<\/span>\t<\/a>\t<\/div>\n\t\t\t<\/div>\n\t\t<\/div>\n\t<\/div>\n<\/article>\n\t<\/div>\n\t<\/div>\n\t\t\t\t<\/div>\n\t\t\t\t<\/div>\n\t\t\t\t\t<\/div>\n\t\t<\/div>\n\t\t\t\t\t<\/div>\n\t\t<\/section>\n\t\t\t\t<\/div>\n\t\t","protected":false},"excerpt":{"rendered":"<p>Shipping Information Latest Blog Posts From Orbis LS 13 December 2022Logistics Container Sizing 101: How to Choose the Right Size for Your Logistics Operations Choosing the right container size can help you optimize space and minimize costs, while the wrong size can lead to inefficiencies and wasted resources. Read more 10 August 2021Logistics What is [&hellip;]<\/p>\n","protected":false},"author":1,"featured_media":0,"parent":0,"menu_order":0,"comment_status":"closed","ping_status":"closed","template":"page-full-width.php","meta":{"footnotes":""},"class_list":["post-11262","page","type-page","status-publish","hentry"],"_links":{"self":[{"href":"https:\/\/orbislog.com\/tr\/wp-json\/wp\/v2\/pages\/11262","targetHints":{"allow":["GET"]}}],"collection":[{"href":"https:\/\/orbislog.com\/tr\/wp-json\/wp\/v2\/pages"}],"about":[{"href":"https:\/\/orbislog.com\/tr\/wp-json\/wp\/v2\/types\/page"}],"author":[{"embeddable":true,"href":"https:\/\/orbislog.com\/tr\/wp-json\/wp\/v2\/users\/1"}],"replies":[{"embeddable":true,"href":"https:\/\/orbislog.com\/tr\/wp-json\/wp\/v2\/comments?post=11262"}],"version-history":[{"count":2,"href":"https:\/\/orbislog.com\/tr\/wp-json\/wp\/v2\/pages\/11262\/revisions"}],"predecessor-version":[{"id":11327,"href":"https:\/\/orbislog.com\/tr\/wp-json\/wp\/v2\/pages\/11262\/revisions\/11327"}],"wp:attachment":[{"href":"https:\/\/orbislog.com\/tr\/wp-json\/wp\/v2\/media?parent=11262"}],"curies":[{"name":"wp","href":"https:\/\/api.w.org\/{rel}","templated":true}]}}