{"id":10366,"date":"2021-08-09T14:15:05","date_gmt":"2021-08-09T11:15:05","guid":{"rendered":"https:\/\/orbislog.com\/global-network"},"modified":"2025-03-03T14:43:46","modified_gmt":"2025-03-03T11:43:46","slug":"kuresel-agimiz","status":"publish","type":"page","link":"https:\/\/orbislog.com\/tr\/kuresel-agimiz","title":{"rendered":"K\u00fcresel A\u011f\u0131m\u0131z"},"content":{"rendered":"\t\t<div data-elementor-type=\"wp-page\" data-elementor-id=\"10366\" class=\"elementor elementor-10366 elementor-3193\">\n\t\t\t\t\t\t<section class=\"elementor-section elementor-top-section elementor-element elementor-element-b3d5307 elementor-section-boxed elementor-section-height-default elementor-section-height-default qodef-elementor-content-no\" data-id=\"b3d5307\" data-element_type=\"section\" data-e-type=\"section\">\n\t\t\t\t\t\t<div class=\"elementor-container elementor-column-gap-default\">\n\t\t\t\t\t<div class=\"elementor-column elementor-col-25 elementor-top-column elementor-element elementor-element-3ca2b69\" data-id=\"3ca2b69\" data-element_type=\"column\" data-e-type=\"column\">\n\t\t\t<div class=\"elementor-widget-wrap elementor-element-populated\">\n\t\t\t\t\t\t<div class=\"elementor-element elementor-element-a280ae4 elementor-widget elementor-widget-image\" data-id=\"a280ae4\" data-element_type=\"widget\" data-e-type=\"widget\" data-widget_type=\"image.default\">\n\t\t\t\t<div class=\"elementor-widget-container\">\n\t\t\t\t\t\t\t\t\t\t\t\t\t\t\t\t<a href=\"https:\/\/www.newsilkroadnetwork.com\/en\/\" target=\"_blank\" rel=\"noopener\">\n\t\t\t\t\t\t\t<img decoding=\"async\" width=\"150\" height=\"150\" src=\"https:\/\/orbislog.com\/wp-content\/uploads\/2025\/03\/glafamily_logo-150x150.jpeg\" class=\"attachment-thumbnail size-thumbnail wp-image-11402\" alt=\"glafamily_logo\" srcset=\"https:\/\/orbislog.com\/wp-content\/uploads\/2025\/03\/glafamily_logo-150x150.jpeg 150w, https:\/\/orbislog.com\/wp-content\/uploads\/2025\/03\/glafamily_logo.jpeg 200w\" sizes=\"(max-width: 150px) 100vw, 150px\" \/>\t\t\t\t\t\t\t\t<\/a>\n\t\t\t\t\t\t\t\t\t\t\t\t\t\t\t<\/div>\n\t\t\t\t<\/div>\n\t\t\t\t\t<\/div>\n\t\t<\/div>\n\t\t\t\t<div class=\"elementor-column elementor-col-25 elementor-top-column elementor-element elementor-element-95f3c7a\" data-id=\"95f3c7a\" data-element_type=\"column\" data-e-type=\"column\">\n\t\t\t<div class=\"elementor-widget-wrap elementor-element-populated\">\n\t\t\t\t\t\t<div class=\"elementor-element elementor-element-710980d elementor-widget elementor-widget-image\" data-id=\"710980d\" data-element_type=\"widget\" data-e-type=\"widget\" data-widget_type=\"image.default\">\n\t\t\t\t<div class=\"elementor-widget-container\">\n\t\t\t\t\t\t\t\t\t\t\t\t\t\t\t\t<a href=\"https:\/\/www.oognetwork.com\/\" target=\"_blank\" rel=\"noopener\">\n\t\t\t\t\t\t\t<img decoding=\"async\" width=\"150\" height=\"150\" src=\"https:\/\/orbislog.com\/wp-content\/uploads\/2022\/12\/2-1-150x150.png\" class=\"attachment-thumbnail size-thumbnail wp-image-10272\" alt=\"oog\" srcset=\"https:\/\/orbislog.com\/wp-content\/uploads\/2022\/12\/2-1-150x150.png 150w, https:\/\/orbislog.com\/wp-content\/uploads\/2022\/12\/2-1.png 200w\" sizes=\"(max-width: 150px) 100vw, 150px\" \/>\t\t\t\t\t\t\t\t<\/a>\n\t\t\t\t\t\t\t\t\t\t\t\t\t\t\t<\/div>\n\t\t\t\t<\/div>\n\t\t\t\t\t<\/div>\n\t\t<\/div>\n\t\t\t\t<div class=\"elementor-column elementor-col-25 elementor-top-column elementor-element elementor-element-5cbb424\" data-id=\"5cbb424\" data-element_type=\"column\" data-e-type=\"column\">\n\t\t\t<div class=\"elementor-widget-wrap elementor-element-populated\">\n\t\t\t\t\t\t<div class=\"elementor-element elementor-element-9d42afc elementor-widget elementor-widget-image\" data-id=\"9d42afc\" data-element_type=\"widget\" data-e-type=\"widget\" data-widget_type=\"image.default\">\n\t\t\t\t<div class=\"elementor-widget-container\">\n\t\t\t\t\t\t\t\t\t\t\t\t\t\t\t\t<a href=\"https:\/\/www.africalogisticsnetwork.com\/\" target=\"_blank\" rel=\"noopener\">\n\t\t\t\t\t\t\t<img decoding=\"async\" width=\"150\" height=\"150\" src=\"https:\/\/orbislog.com\/wp-content\/uploads\/2022\/12\/4-1-150x150.png\" class=\"attachment-thumbnail size-thumbnail wp-image-10278\" alt=\"africa-logistics-network\" srcset=\"https:\/\/orbislog.com\/wp-content\/uploads\/2022\/12\/4-1-150x150.png 150w, https:\/\/orbislog.com\/wp-content\/uploads\/2022\/12\/4-1.png 200w\" sizes=\"(max-width: 150px) 100vw, 150px\" \/>\t\t\t\t\t\t\t\t<\/a>\n\t\t\t\t\t\t\t\t\t\t\t\t\t\t\t<\/div>\n\t\t\t\t<\/div>\n\t\t\t\t\t<\/div>\n\t\t<\/div>\n\t\t\t\t<div class=\"elementor-column elementor-col-25 elementor-top-column elementor-element elementor-element-7061a87\" data-id=\"7061a87\" data-element_type=\"column\" data-e-type=\"column\">\n\t\t\t<div class=\"elementor-widget-wrap\">\n\t\t\t\t\t\t\t<\/div>\n\t\t<\/div>\n\t\t\t\t\t<\/div>\n\t\t<\/section>\n\t\t\t\t<section class=\"elementor-section elementor-top-section elementor-element elementor-element-1686091 elementor-section-boxed elementor-section-height-default elementor-section-height-default qodef-elementor-content-no\" data-id=\"1686091\" data-element_type=\"section\" data-e-type=\"section\">\n\t\t\t\t\t\t<div class=\"elementor-container elementor-column-gap-default\">\n\t\t\t\t\t<div class=\"elementor-column elementor-col-100 elementor-top-column elementor-element elementor-element-c302fca\" data-id=\"c302fca\" data-element_type=\"column\" data-e-type=\"column\">\n\t\t\t<div class=\"elementor-widget-wrap elementor-element-populated\">\n\t\t\t\t\t\t<div class=\"elementor-element elementor-element-49f5304 elementor-widget elementor-widget-spacer\" data-id=\"49f5304\" data-element_type=\"widget\" data-e-type=\"widget\" data-widget_type=\"spacer.default\">\n\t\t\t\t<div class=\"elementor-widget-container\">\n\t\t\t\t\t\t\t<div class=\"elementor-spacer\">\n\t\t\t<div class=\"elementor-spacer-inner\"><\/div>\n\t\t<\/div>\n\t\t\t\t\t\t<\/div>\n\t\t\t\t<\/div>\n\t\t\t\t\t<\/div>\n\t\t<\/div>\n\t\t\t\t\t<\/div>\n\t\t<\/section>\n\t\t\t\t<\/div>\n\t\t","protected":false},"excerpt":{"rendered":"","protected":false},"author":1,"featured_media":0,"parent":0,"menu_order":0,"comment_status":"closed","ping_status":"closed","template":"page-full-width.php","meta":{"footnotes":""},"class_list":["post-10366","page","type-page","status-publish","hentry"],"_links":{"self":[{"href":"https:\/\/orbislog.com\/tr\/wp-json\/wp\/v2\/pages\/10366","targetHints":{"allow":["GET"]}}],"collection":[{"href":"https:\/\/orbislog.com\/tr\/wp-json\/wp\/v2\/pages"}],"about":[{"href":"https:\/\/orbislog.com\/tr\/wp-json\/wp\/v2\/types\/page"}],"author":[{"embeddable":true,"href":"https:\/\/orbislog.com\/tr\/wp-json\/wp\/v2\/users\/1"}],"replies":[{"embeddable":true,"href":"https:\/\/orbislog.com\/tr\/wp-json\/wp\/v2\/comments?post=10366"}],"version-history":[{"count":7,"href":"https:\/\/orbislog.com\/tr\/wp-json\/wp\/v2\/pages\/10366\/revisions"}],"predecessor-version":[{"id":11407,"href":"https:\/\/orbislog.com\/tr\/wp-json\/wp\/v2\/pages\/10366\/revisions\/11407"}],"wp:attachment":[{"href":"https:\/\/orbislog.com\/tr\/wp-json\/wp\/v2\/media?parent=10366"}],"curies":[{"name":"wp","href":"https:\/\/api.w.org\/{rel}","templated":true}]}}