{"id":11356,"date":"2022-10-25T14:44:38","date_gmt":"2022-10-25T11:44:38","guid":{"rendered":"https:\/\/orbislog.com\/gizlilik-politikasi"},"modified":"2024-09-19T17:20:17","modified_gmt":"2024-09-19T14:20:17","slug":"privacy-cookie-policy","status":"publish","type":"page","link":"https:\/\/orbislog.com\/es\/privacy-cookie-policy","title":{"rendered":"Privacy Terms and Cookie Policy"},"content":{"rendered":"\r\n<p class=\"p1\"><b>Orbis International Transportation and Foreign Trade Inc.<\/b> (\u201cCompany\u201d) operates the website at <b>orbislog.com<\/b> (\u201cWebsite\u201d). The Website requests certain personal information (such as name, email address, etc.) from users (\u201cUsers\u201d) to provide better services. The data collected through the Website is used within the scope of the Website for promotional campaigns or special activities for the User\u2019s account, provided there is explicit consent. Statistical data regarding transactions conducted through the Website or Mobile Application are analyzed and stored.<\/p>\r\n<p class=\"p1\">The Company does not share the information provided to it with third parties without the User\u2019s permission, does not use it for commercial purposes outside of its activities, and does not sell it. For users who consent to the use of cookies on the Website, Google Analytics Remarketing &amp; Demographics and Interest Reporting features are used. You can opt out of Google Analytics for Display Advertising through the Ads Settings, and customize Google Display Network ads. Information provided by Google Analytics is used to customize the Website and any ads on the Website according to Users\u2019 interests. This information may be shared with advertisers as part of audience studies, but it does not include any personal information (such as name, surname, ID number, gender, age, etc.). The information is used to compile and analyze group user trends for advertising purposes. Users are asked for their consent for these processes.<\/p>\r\n<p class=\"p1\">Google and other third-party providers will display Website and Mobile Application ads on publisher sites across the internet. First-party cookies and third-party cookies are used together by the Website and third-party providers, including Google, to collect information about Users\u2019 past visits to the Website in order to optimize and deliver ads.<\/p>\r\n<p class=\"p3\"><b>Cookies<\/b><b><\/b><\/p>\r\n<p class=\"p1\"><b>Orbis International Transportation and Foreign Trade Inc. (Orbis Logistics)<\/b> uses cookies, pixel tags (\u201cpixels\u201d), and local storage technologies to facilitate the use of our website and personalize your experience. We aim to help you understand why these technologies are used and how to control or delete them if you prefer.<\/p>\r\n<p class=\"p4\"><b>What is a Cookie? What is its Purpose and Legal Basis?<\/b><b><\/b><\/p>\r\n<p class=\"p1\">Almost all companies offering products or services through their websites use cookies. We use cookies to provide a better, faster, and safer shopping experience and to develop our products and services according to your requests and needs. A cookie is a small text file stored on your device (e.g., computer or mobile phone) when you visit a website. Cookies may be stored on your device via your browser during your first visit to a website. When you revisit the same website using the same device, your browser checks if there is a cookie registered for the site. If a record exists, it transmits the stored data to the website you are visiting, allowing the website to recognize that you have visited before and adjust its content accordingly. The information obtained through cookies, if allowed, does not include any personal information (such as name, surname, ID number, gender, age, etc.).<\/p>\r\n<p class=\"p1\">Cookies can be classified based on (i) their parties, (ii) their durations, and (iii) their purposes of use. Below, we provide detailed explanations about the cookies used.<\/p>\r\n<table width=\"633\">\r\n<tbody>\r\n<tr>\r\n<td width=\"306\">\r\n<p><strong>\u00c7erez<\/strong><\/p>\r\n<\/td>\r\n<td width=\"327\">\r\n<p><strong>\u00c7erez&#8217;in Tan\u0131m\u0131<\/strong><\/p>\r\n<\/td>\r\n<\/tr>\r\n<tr>\r\n<td width=\"306\">\r\n<p><strong>ORBSUserInfo<\/strong><\/p>\r\n<\/td>\r\n<td width=\"327\">\r\n<p>Sayfa i\u00e7i kod ve uygulamalar\u0131n y\u00f6netimi i\u00e7in konulmu\u015f bir \u00e7erezdir<\/p>\r\n<\/td>\r\n<\/tr>\r\n<tr>\r\n<td width=\"306\">\r\n<p>orbislog.comMemberInfo<\/p>\r\n<\/td>\r\n<td width=\"327\">\r\n<p>\u00dcye giri\u015f i\u015flemleri i\u00e7in kullan\u0131lmaktad\u0131r.<\/p>\r\n<\/td>\r\n<\/tr>\r\n<\/tbody>\r\n<\/table>\r\n<p><strong>\u00a0<\/strong><\/p>\r\n<p class=\"p1\"><b>Category 1 &#8211; \u201cStatistics\u201d Cookies<\/b><b><\/b><\/p>\r\n<p class=\"p3\">These cookies collect information about how visitors use the website. For example, they help us understand which pages are most frequently visited and whether visitors receive error messages from web pages. These cookies do not collect information that identifies a visitor; they collect information anonymously. These cookies are only used with the user\u2019s consent.<\/p>\r\n<p>&nbsp;<\/p>\r\n<table width=\"633\">\r\n<tbody>\r\n<tr>\r\n<td width=\"302\">\r\n<p>\u00c7erez<\/p>\r\n<\/td>\r\n<td width=\"331\">\r\n<p>\u00c7erez&#8217;in Tan\u0131m\u0131<\/p>\r\n<\/td>\r\n<\/tr>\r\n<tr>\r\n<td width=\"302\">\r\n<p><strong>_ga<\/strong><\/p>\r\n<\/td>\r\n<td width=\"331\">\r\n<p>Google Universal Analytics ile ili\u015fkisi olan bir \u00e7erezdir. Bu \u00e7erez, istemci tan\u0131mlay\u0131c\u0131s\u0131 olarak rastgele olu\u015fturulmu\u015f bir numara atayarak benzersiz kullan\u0131c\u0131lar\u0131 ay\u0131rmak i\u00e7in kullan\u0131l\u0131r. Sitelerin analiz raporlar\u0131 i\u00e7in ziyaret\u00e7i, oturum ve kampanya verilerini hesaplamak i\u00e7in kullan\u0131l\u0131r.\u00a0<\/p>\r\n<\/td>\r\n<\/tr>\r\n<tr>\r\n<td width=\"302\">\r\n<p>_gat<\/p>\r\n<\/td>\r\n<td width=\"331\">\r\n<p>Google Universal Analytics ile ili\u015fkilidir &#8211; y\u00fcksek trafik alanlar\u0131ndaki verilerin toplanmas\u0131n\u0131 s\u0131n\u0131rlar<\/p>\r\n<\/td>\r\n<\/tr>\r\n<tr>\r\n<td width=\"302\">\r\n<p>_gid<\/p>\r\n<\/td>\r\n<td width=\"331\">\r\n<p>24 saatlik bir kullan\u0131c\u0131 analiti\u011fi depolamas\u0131 yapmaktad\u0131r.<\/p>\r\n<\/td>\r\n<\/tr>\r\n<\/tbody>\r\n<\/table>\r\n<p><strong>\u00a0<\/strong><\/p>\r\n<p class=\"p1\"><b>Category 2: Targeting\/Advertising Cookies<\/b><b><\/b><\/p>\r\n<p class=\"p3\">These cookies are used to deliver advertisements relevant to your interests and to measure the effectiveness of advertising campaigns and the frequency of ads. They are typically placed by advertising networks with the website operator\u2019s permission. By remembering the websites you visit, these cookies share this information with other organizations, such as third-party advertisers. Often, cookies link to other advertising sites for targeting purposes. These cookies are not managed by Orbis directly but are based on users\u2019 prior consent for targeting. These cookies are only used with the user\u2019s consent.<\/p>\r\n<p>&nbsp;<\/p>\r\n<table width=\"633\">\r\n<tbody>\r\n<tr>\r\n<td width=\"347\">\r\n<p>\u00c7erez<\/p>\r\n<\/td>\r\n<td width=\"286\">\r\n<p>\u00c7erez&#8217;in Tan\u0131m\u0131<\/p>\r\n<\/td>\r\n<\/tr>\r\n<tr>\r\n<td width=\"347\">\r\n<p>Fr, Fbp,tr<\/p>\r\n<\/td>\r\n<td width=\"286\">\r\n<p>Facebook taraf\u0131ndan sa\u011flanan \u00e7erezler olup, reklam ama\u00e7l\u0131 kullan\u0131lan \u00e7erezlerdir<\/p>\r\n<\/td>\r\n<\/tr>\r\n<tr>\r\n<td width=\"347\">\r\n<p>Ads<\/p>\r\n<\/td>\r\n<td width=\"286\">\r\n<p>Google Adwords \u00e7erezi olup ziyaret\u00e7i datas\u0131 vermektedir.<\/p>\r\n<\/td>\r\n<\/tr>\r\n<\/tbody>\r\n<\/table>\r\n<p class=\"p1\"><b>Retention Period and Data Sharing<\/b><b><\/b><\/p>\r\n<p class=\"p3\">To fulfill the purposes outlined in this Privacy Notice, your personal data may be shared with the Company\u2019s business partners, public institutions, and organizations, as well as service providers within the country or, with your consent, abroad for data storage purposes. These third parties may also process your data. Cookies are retained for varying durations, as indicated in the relevant categories above.<\/p>\r\n<p class=\"p1\"><b>Your Rights Under the Law<\/b><b><\/b><\/p>\r\n<p class=\"p3\">Under the Turkish Law on the Protection of Personal Data (Law No. 6698), you have the right to:<\/p>\r\n<p class=\"p4\">\u2022Learn whether your personal data is being processed,<\/p>\r\n<p class=\"p4\">\u2022Request information if your personal data has been processed,<\/p>\r\n<p class=\"p4\">\u2022Learn the purpose of processing your personal data and whether it is used in accordance with the stated purposes,<\/p>\r\n<p class=\"p4\">\u2022Know the third parties to whom your personal data has been transferred, either domestically or abroad,<\/p>\r\n<p class=\"p4\">\u2022Request the correction of incomplete or incorrect personal data, and request that the third parties to whom the data was transferred be informed of this correction,<\/p>\r\n<p class=\"p4\">\u2022Request the deletion or destruction of your personal data in the event that the reasons for its processing are no longer valid, even if it was processed in accordance with the law and other legal provisions, and request that the third parties to whom the data was transferred be informed of this action,<\/p>\r\n<p class=\"p4\">\u2022Object to any unfavorable outcomes derived from the exclusive analysis of processed data through automated systems,<\/p>\r\n<p class=\"p4\">\u2022Demand compensation if you suffer damage due to the unlawful processing of your personal data.<\/p>\r\n","protected":false},"excerpt":{"rendered":"<p>Orbis International Transportation and Foreign Trade Inc. (\u201cCompany\u201d) operates the website at orbislog.com (\u201cWebsite\u201d). The Website requests certain personal information (such as name, email address, etc.) from users (\u201cUsers\u201d) to provide better services. The data collected through the Website is used within the scope of the Website for promotional campaigns or special activities for the [&hellip;]<\/p>\n","protected":false},"author":1,"featured_media":0,"parent":0,"menu_order":0,"comment_status":"closed","ping_status":"closed","template":"","meta":{"footnotes":""},"class_list":["post-11356","page","type-page","status-publish","hentry"],"_links":{"self":[{"href":"https:\/\/orbislog.com\/es\/wp-json\/wp\/v2\/pages\/11356","targetHints":{"allow":["GET"]}}],"collection":[{"href":"https:\/\/orbislog.com\/es\/wp-json\/wp\/v2\/pages"}],"about":[{"href":"https:\/\/orbislog.com\/es\/wp-json\/wp\/v2\/types\/page"}],"author":[{"embeddable":true,"href":"https:\/\/orbislog.com\/es\/wp-json\/wp\/v2\/users\/1"}],"replies":[{"embeddable":true,"href":"https:\/\/orbislog.com\/es\/wp-json\/wp\/v2\/comments?post=11356"}],"version-history":[{"count":2,"href":"https:\/\/orbislog.com\/es\/wp-json\/wp\/v2\/pages\/11356\/revisions"}],"predecessor-version":[{"id":11362,"href":"https:\/\/orbislog.com\/es\/wp-json\/wp\/v2\/pages\/11356\/revisions\/11362"}],"wp:attachment":[{"href":"https:\/\/orbislog.com\/es\/wp-json\/wp\/v2\/media?parent=11356"}],"curies":[{"name":"wp","href":"https:\/\/api.w.org\/{rel}","templated":true}]}}