{"id":10443,"date":"2021-08-05T12:15:02","date_gmt":"2021-08-05T09:15:02","guid":{"rendered":"https:\/\/orbislog.com\/sea-freight"},"modified":"2023-03-09T11:14:22","modified_gmt":"2023-03-09T08:14:22","slug":"transporte-maritimo","status":"publish","type":"page","link":"https:\/\/orbislog.com\/es\/transporte-maritimo","title":{"rendered":"Transporte Mar\u00edtimo"},"content":{"rendered":"\t\t<div data-elementor-type=\"wp-page\" data-elementor-id=\"10443\" class=\"elementor elementor-10443 elementor-2219\">\n\t\t\t\t\t\t<section class=\"elementor-section elementor-top-section elementor-element elementor-element-1e0c9ff elementor-section-full_width elementor-section-height-default elementor-section-height-default qodef-elementor-content-no\" data-id=\"1e0c9ff\" data-element_type=\"section\" data-e-type=\"section\" data-settings=\"{&quot;background_background&quot;:&quot;classic&quot;}\">\n\t\t\t\t\t\t<div class=\"elementor-container elementor-column-gap-no\">\n\t\t\t\t\t<div class=\"elementor-column elementor-col-100 elementor-top-column elementor-element elementor-element-3c100a0\" data-id=\"3c100a0\" data-element_type=\"column\" data-e-type=\"column\">\n\t\t\t<div class=\"elementor-widget-wrap elementor-element-populated\">\n\t\t\t\t\t\t<div class=\"elementor-element elementor-element-0fa4b25 elementor-widget elementor-widget-slider_revolution\" data-id=\"0fa4b25\" data-element_type=\"widget\" data-e-type=\"widget\" data-widget_type=\"slider_revolution.default\">\n\t\t\t\t<div class=\"elementor-widget-container\">\n\t\t\t\t\t\n\t\t<div class=\"wp-block-themepunch-revslider\">\n\t\t\t<!-- START Maritime Transport ES REVOLUTION SLIDER 6.7.38 --><p class=\"rs-p-wp-fix\"><\/p>\n\t\t\t<rs-module-wrap id=\"rev_slider_19_1_wrapper\" data-source=\"gallery\" style=\"visibility:hidden;background:transparent;padding:0;\">\n\t\t\t\t<rs-module id=\"rev_slider_19_1\" style=\"\" data-version=\"6.7.38\">\n\t\t\t\t\t<rs-slides style=\"overflow: hidden; position: absolute;\">\n\t\t\t\t\t\t<rs-slide style=\"position: absolute;\" data-key=\"rs-80\" data-title=\"Slide\" data-thumb=\"\/\/orbislog.com\/wp-content\/uploads\/2021\/08\/water-home-slider-img-1-1-50x100.jpg\" data-in=\"o:0;\" data-out=\"a:false;\">\n\t\t\t\t\t\t\t<img fetchpriority=\"high\" decoding=\"async\" src=\"\/\/orbislog.com\/wp-content\/plugins\/revslider\/sr6\/assets\/assets\/dummy.png\" alt=\"m\" title=\"water-home-slider-img-1\" width=\"1920\" height=\"1100\" class=\"rev-slidebg tp-rs-img rs-lazyload\" data-lazyload=\"\/\/orbislog.com\/wp-content\/uploads\/2021\/08\/water-home-slider-img-1-1.jpg\" data-bg=\"p:left bottom;\" data-no-retina>\n<!---->\t\t\t\t\t<\/rs-slide>\n\t\t\t\t\t\t<rs-slide style=\"position: absolute;\" data-key=\"rs-81\" data-title=\"Slide\" data-thumb=\"\/\/orbislog.com\/wp-content\/uploads\/2021\/08\/water-home-slider-img-2-50x100.jpg\" data-in=\"o:0;\" data-out=\"a:false;\">\n\t\t\t\t\t\t\t<img decoding=\"async\" src=\"\/\/orbislog.com\/wp-content\/plugins\/revslider\/sr6\/assets\/assets\/dummy.png\" alt=\"m\" title=\"water-home-slider-img-2\" width=\"1920\" height=\"1100\" class=\"rev-slidebg tp-rs-img rs-lazyload\" data-lazyload=\"\/\/orbislog.com\/wp-content\/uploads\/2021\/08\/water-home-slider-img-2.jpg\" data-bg=\"p:left top;\" data-no-retina>\n<!---->\t\t\t\t\t<\/rs-slide>\n\t\t\t\t\t\t<rs-slide style=\"position: absolute;\" data-key=\"rs-82\" data-title=\"Slide\" data-thumb=\"\/\/orbislog.com\/wp-content\/uploads\/2021\/08\/water-home-slider-img-3-50x100.jpg\" data-in=\"o:0;\" data-out=\"a:false;\">\n\t\t\t\t\t\t\t<img decoding=\"async\" src=\"\/\/orbislog.com\/wp-content\/plugins\/revslider\/sr6\/assets\/assets\/dummy.png\" alt=\"m\" title=\"water-home-slider-img-3\" width=\"1920\" height=\"1100\" class=\"rev-slidebg tp-rs-img rs-lazyload\" data-lazyload=\"\/\/orbislog.com\/wp-content\/uploads\/2021\/08\/water-home-slider-img-3.jpg\" data-bg=\"p:left bottom;\" data-no-retina>\n<!---->\t\t\t\t\t<\/rs-slide>\n\t\t\t\t\t<\/rs-slides>\n\t\t\t\t\t<rs-static-layers><!--\n\n\t\t\t\t\t\t\t--><rs-layer\n\t\t\t\t\t\t\t\tid=\"slider-19-slide-19-layer-1\" \n\t\t\t\t\t\t\t\tclass=\"rs-layer-static\"\n\t\t\t\t\t\t\t\tdata-type=\"text\"\n\t\t\t\t\t\t\t\tdata-xy=\"x:c;y:m;yo:0,0,-10px,-96px;\"\n\t\t\t\t\t\t\t\tdata-text=\"w:normal;s:65,57,57,42;l:72,64,64,49;ls:-1px;fw:700;\"\n\t\t\t\t\t\t\t\tdata-dim=\"w:900px,895px,523px,270px;\"\n\t\t\t\t\t\t\t\tdata-basealign=\"slide\"\n\t\t\t\t\t\t\t\tdata-rsp_o=\"off\"\n\t\t\t\t\t\t\t\tdata-rsp_bd=\"off\"\n\t\t\t\t\t\t\t\tdata-onslides=\"s:1;\"\n\t\t\t\t\t\t\t\tdata-frame_0=\"x:50;\"\n\t\t\t\t\t\t\t\tdata-frame_1=\"e:power3.out;sp:1000;\"\n\t\t\t\t\t\t\t\tdata-frame_999=\"o:0;st:w;sp:0;sR:1500;\"\n\t\t\t\t\t\t\t\tstyle=\"z-index:10;font-family:'Sarabun';\"\n\t\t\t\t\t\t\t>Rentable en comparaci\u00f3n con otros m\u00e9todos \n\t\t\t\t\t\t\t<\/rs-layer><!--\n\n\t\t\t\t\t\t\t--><rs-layer\n\t\t\t\t\t\t\t\tid=\"slider-19-slide-19-layer-2\" \n\t\t\t\t\t\t\t\tclass=\"rs-layer-static\"\n\t\t\t\t\t\t\t\tdata-type=\"text\"\n\t\t\t\t\t\t\t\tdata-xy=\"x:c;y:m;yo:120px,100px,151px,83px;\"\n\t\t\t\t\t\t\t\tdata-text=\"w:normal;s:18;l:26;\"\n\t\t\t\t\t\t\t\tdata-dim=\"w:900px,900px,462px,270px;\"\n\t\t\t\t\t\t\t\tdata-basealign=\"slide\"\n\t\t\t\t\t\t\t\tdata-rsp_o=\"off\"\n\t\t\t\t\t\t\t\tdata-rsp_bd=\"off\"\n\t\t\t\t\t\t\t\tdata-onslides=\"s:1;\"\n\t\t\t\t\t\t\t\tdata-frame_0=\"x:50;\"\n\t\t\t\t\t\t\t\tdata-frame_1=\"e:power3.out;sp:1000;\"\n\t\t\t\t\t\t\t\tdata-frame_999=\"o:0;st:w;sp:0;sR:1500;\"\n\t\t\t\t\t\t\t\tstyle=\"z-index:8;font-family:'Sarabun';\"\n\t\t\t\t\t\t\t>Con el transporte mar\u00edtimo se trasladan grandes cantidades de mercanc\u00edas utilizando buques de carga. \n\t\t\t\t\t\t\t<\/rs-layer><!--\n\n\t\t\t\t\t\t\t--><a\n\t\t\t\t\t\t\t\tid=\"slider-19-slide-19-layer-5\" \n\t\t\t\t\t\t\t\tclass=\"rs-layer rev-btn rs-layer-static\"\n\t\t\t\t\t\t\t\thref=\"https:\/\/orbislog.com\/es\/formulario-de-cotizacion\" target=\"_self\"\n\t\t\t\t\t\t\t\tdata-type=\"button\"\n\t\t\t\t\t\t\t\tdata-xy=\"x:c;y:b;yo:184px,144px,170px,75px;\"\n\t\t\t\t\t\t\t\tdata-text=\"w:normal;s:17,15,14,15;l:20,18,15,23;ls:1,0,0,0;a:center;\"\n\t\t\t\t\t\t\t\tdata-dim=\"w:300px,277px,258px,242px;h:42px,39px,36px,44px;minh:0px,none,none,none;\"\n\t\t\t\t\t\t\t\tdata-rsp_o=\"off\"\n\t\t\t\t\t\t\t\tdata-rsp_bd=\"off\"\n\t\t\t\t\t\t\t\tdata-onslides=\"s:1;\"\n\t\t\t\t\t\t\t\tdata-padding=\"t:12,11,10,11;r:35,33,31,30;b:12,11,10,11;l:35,33,31,30;\"\n\t\t\t\t\t\t\t\tdata-border=\"bor:30px,30px,30px,30px;\"\n\t\t\t\t\t\t\t\tdata-frame_0=\"x:0,0px,0px,0px;y:0,0px,0px,0px;\"\n\t\t\t\t\t\t\t\tdata-frame_1=\"x:0,0px,0px,0px;y:0,0px,0px,0px;\"\n\t\t\t\t\t\t\t\tdata-frame_999=\"o:0;st:w;sp:0;sR:2200;\"\n\t\t\t\t\t\t\t\tdata-frame_hover=\"c:#000;bgc:#fff;bor:30px,30px,30px,30px;sp:200;\"\n\t\t\t\t\t\t\t\tstyle=\"z-index:11;background-color:rgba(215,25,32,0.75);font-family:'Roboto';text-transform:uppercase;\"\n\t\t\t\t\t\t\t>Pedir presupuesto  <i class=\"fa-chevron-right\"><\/i> \n\t\t\t\t\t\t\t<\/a><!--\n\t\t\t\t\t--><\/rs-static-layers>\n\t\t\t\t<\/rs-module>\n\t\t\t\t<script>\n\t\t\t\t\tsetREVStartSize({c: 'rev_slider_19_1',rl:[1240,1024,778,480],el:[900,768,960,720],gw:[1400,1100,600,300],gh:[900,768,960,720],type:'standard',justify:'',layout:'fullscreen',offsetContainer:'',offset:'',mh:\"0\"});if (window.RS_MODULES!==undefined && window.RS_MODULES.modules!==undefined && window.RS_MODULES.modules[\"revslider191\"]!==undefined) {window.RS_MODULES.modules[\"revslider191\"].once = false;window.revapi19 = undefined;if (window.RS_MODULES.checkMinimal!==undefined) window.RS_MODULES.checkMinimal()}\n\t\t\t\t<\/script>\n\t\t\t<\/rs-module-wrap>\n\t\t\t<!-- END REVOLUTION SLIDER -->\n<\/div>\n\n\t\t\t\t\t\t<\/div>\n\t\t\t\t<\/div>\n\t\t\t\t\t<\/div>\n\t\t<\/div>\n\t\t\t\t\t<\/div>\n\t\t<\/section>\n\t\t\t\t<section class=\"elementor-section elementor-top-section elementor-element elementor-element-08be16a elementor-section-full_width elementor-section-height-default elementor-section-height-default qodef-elementor-content-no\" data-id=\"08be16a\" data-element_type=\"section\" data-e-type=\"section\">\n\t\t\t\t\t\t<div class=\"elementor-container elementor-column-gap-no\">\n\t\t\t\t\t<div class=\"elementor-column elementor-col-100 elementor-top-column elementor-element elementor-element-5683368\" data-id=\"5683368\" data-element_type=\"column\" data-e-type=\"column\">\n\t\t\t<div class=\"elementor-widget-wrap elementor-element-populated\">\n\t\t\t\t\t\t<div class=\"elementor-element elementor-element-ce270d2 elementor-widget elementor-widget-globefarer_core_section_title\" data-id=\"ce270d2\" data-element_type=\"widget\" data-e-type=\"widget\" data-widget_type=\"globefarer_core_section_title.default\">\n\t\t\t\t<div class=\"elementor-widget-container\">\n\t\t\t\t\t<div class=\"qodef-shortcode qodef-m  qodef-section-title qodef-alignment--left   qodef-appear-animation--no\">\n\t\t\t<h2 class=\"qodef-m-title\" >\n\t\t\t\t\tM\u00e1s del 90% del comercio mundial se realiza por mar.\t\t\t<\/h2>\n\t\t<\/div>\n\t\t\t\t<\/div>\n\t\t\t\t<\/div>\n\t\t\t\t<div class=\"elementor-element elementor-element-77db457 elementor-widget elementor-widget-text-editor\" data-id=\"77db457\" data-element_type=\"widget\" data-e-type=\"widget\" data-widget_type=\"text-editor.default\">\n\t\t\t\t<div class=\"elementor-widget-container\">\n\t\t\t\t\t\t\t\t\t<p>M\u00e1s del 90% del comercio mundial se realiza por mar y en algunos pa\u00edses este porcentaje es incluso mayor. Por regla general, para los env\u00edos que pesen m\u00e1s de 100 kg o que consten de varias cajas se utilizar\u00e1 el transporte mar\u00edtimo. Se aplican algunas restricciones adicionales a determinadas mercanc\u00edas de un pa\u00eds a otro, pero la mayor\u00eda de los art\u00edculos est\u00e1n permitidos.<\/p><p>\u00bfDesea enviar mercanc\u00edas al extranjero o importar productos de gran calidad a su pa\u00eds? Nuestra empresa puede ayudarle. El mar\u00edtimo es el modo de transporte m\u00e1s com\u00fan para el traslado de mercanc\u00edas. Comparado con el transporte a\u00e9reo, tiene unos costes bajos y un plazo de entrega largo. El transporte mar\u00edtimo tambi\u00e9n contamina menos con polvo y ruido, y es bueno para el medio ambiente.<\/p><p>\u00a0 <br \/>Hemos creado nuestro propio equipo de especialistas experimentados para ofrecerle un servicio con el nivel de calidad que se merece. Nuestros equipos operacionales est\u00e1n formados para manipular todo tipo de cargas, incluidas las mercanc\u00edas peligrosas, sobredimensionadas, perecederas, delicadas, fr\u00e1giles y de alto valor. Ofrecemos servicios de transporte mar\u00edtimo semanalmente desde los principales puertos mar\u00edtimos y desde puertos m\u00e1s peque\u00f1os a trav\u00e9s de buques de enlace y conexiones por carretera o ferrocarril.<\/p>\t\t\t\t\t\t\t\t<\/div>\n\t\t\t\t<\/div>\n\t\t\t\t\t<\/div>\n\t\t<\/div>\n\t\t\t\t\t<\/div>\n\t\t<\/section>\n\t\t\t\t<section class=\"elementor-section elementor-top-section elementor-element elementor-element-cd8d0ec elementor-section-boxed elementor-section-height-default elementor-section-height-default qodef-elementor-content-no\" data-id=\"cd8d0ec\" data-element_type=\"section\" data-e-type=\"section\">\n\t\t\t\t\t\t<div class=\"elementor-container elementor-column-gap-default\">\n\t\t\t\t\t<div class=\"elementor-column elementor-col-100 elementor-top-column elementor-element elementor-element-c521e44\" data-id=\"c521e44\" data-element_type=\"column\" data-e-type=\"column\">\n\t\t\t<div class=\"elementor-widget-wrap elementor-element-populated\">\n\t\t\t\t\t\t<div class=\"elementor-element elementor-element-4f47200 elementor-widget elementor-widget-spacer\" data-id=\"4f47200\" data-element_type=\"widget\" data-e-type=\"widget\" data-widget_type=\"spacer.default\">\n\t\t\t\t<div class=\"elementor-widget-container\">\n\t\t\t\t\t\t\t<div class=\"elementor-spacer\">\n\t\t\t<div class=\"elementor-spacer-inner\"><\/div>\n\t\t<\/div>\n\t\t\t\t\t\t<\/div>\n\t\t\t\t<\/div>\n\t\t\t\t<div class=\"elementor-element elementor-element-769349a elementor-widget elementor-widget-globefarer_core_tabbed_info\" data-id=\"769349a\" data-element_type=\"widget\" data-e-type=\"widget\" data-widget_type=\"globefarer_core_tabbed_info.default\">\n\t\t\t\t<div class=\"elementor-widget-container\">\n\t\t\t\t\t<div class=\"qodef-shortcode qodef-m  qodef-tabbed-info qodef-layout--standard\">\n\t\t\t<ul class=\"qodef-m-navigation\">\n\t\t\t\t\t\t\t\t\t\t\t<li>\n\t<a href=\"qodef-tab--93b2e5e\">\n\t\t\tFCL (Full Container Load)\t<\/a>\n<\/li>\n\t\t\t\t\t\t\t\t\t\t\t<li>\n\t<a href=\"qodef-tab--08887a2\">\n\t\t\tLCL (Carga Inferior a Un Contenedor)\t<\/a>\n<\/li>\n\t\t\t\t\t\t\t\t\t\t\t<li>\n\t<a href=\"qodef-tab--88e6bad\">\n\t\t\tContenedor Reefer\t<\/a>\n<\/li>\n\t\t\t\t\t\t\t\t\t\t\t<li>\n\t<a href=\"qodef-tab--ecdb426\">\n\t\t\tContenedores Especiales\t<\/a>\n<\/li>\n\t\t\t\t\t<\/ul>\n\t\t\t\t\t\t\t\t<div class=\"qodef-m-content\" id=\"qodef-tab--93b2e5e\">\n\t<div class=\"qodef-m-content-left\">\n\t\t\t<div class=\"qodef-m-image\">\n\t\t<img loading=\"lazy\" decoding=\"async\" width=\"1200\" height=\"900\" src=\"https:\/\/orbislog.com\/wp-content\/uploads\/2022\/12\/reefer-container_Refrigirated-20ft.jpg\" class=\"attachment-full size-full\" alt=\"reefer-container-transporte-mar\u00edtimo\" srcset=\"https:\/\/orbislog.com\/wp-content\/uploads\/2022\/12\/reefer-container_Refrigirated-20ft.jpg 1200w, https:\/\/orbislog.com\/wp-content\/uploads\/2022\/12\/reefer-container_Refrigirated-20ft-300x225.jpg 300w, https:\/\/orbislog.com\/wp-content\/uploads\/2022\/12\/reefer-container_Refrigirated-20ft-1024x768.jpg 1024w, https:\/\/orbislog.com\/wp-content\/uploads\/2022\/12\/reefer-container_Refrigirated-20ft-768x576.jpg 768w\" sizes=\"(max-width: 1200px) 100vw, 1200px\" \/>\t<\/div>\n\t<\/div>\n\t<div class=\"qodef-m-content-right\">\n\t\t\t<h2 class=\"qodef-m-title\">\n\t\tUn contenedor totalmente tuyo en el transporte mar\u00edtimo\t<\/h2>\n\t<p class=\"qodef-m-text\">\n\t\tFull Container Load (FCL) es un t\u00e9rmino del transporte mar\u00edtimo que indica que el expedidor tiene carga suficiente para llenar un contenedor completo. Es decir, si un exportador tiene mercanc\u00edas para llenar un contenedor completo, reserva un FCL (Full Container Load) para cargarlas dentro. En una carga FCL, toda la mercanc\u00eda en el contenedor es propiedad de un mismo expedidor. Si la carga de un contenedor completo pertenece a un solo expedidor, no es necesario que el contenedor est\u00e9 totalmente cargado.\t<\/p>\n\t<a class=\"qodef-shortcode qodef-m qodef-m-button qodef-button qodef-layout--textual  qodef-html--link\" href=\"https:\/\/orbislog.com\/es\/contactenos\" target=\"_self\"  >\t\t\t<span class=\"qodef-m-button-icon\"><svg class=\"qodef-svg--plus\" xmlns=\"http:\/\/www.w3.org\/2000\/svg\" xmlns:xlink=\"http:\/\/www.w3.org\/1999\/xlink\" width=\"14\" height=\"14\" viewBox=\"0 0 14 14\"><path class=\"qodef-m-horizontal\" d=\"M0,0H14V2H0Z\" transform=\"translate(0 6)\" \/><path class=\"qodef-m-vertical\" d=\"M0,0H2V14H0Z\" transform=\"translate(6)\" \/><\/svg><\/span>\t\t\t\t<span class=\"qodef-m-button-text\">M\u00e1s informaci\u00f3n<br \/> sobre nuestros servicios.<\/span>\t<\/a>\t<\/div>\n<\/div>\n\t\t\t\t\t\t\t\t<div class=\"qodef-m-content\" id=\"qodef-tab--08887a2\">\n\t<div class=\"qodef-m-content-left\">\n\t\t\t<div class=\"qodef-m-image\">\n\t\t<img loading=\"lazy\" decoding=\"async\" width=\"2560\" height=\"1923\" src=\"https:\/\/orbislog.com\/wp-content\/uploads\/2022\/12\/LCL-container-2-scaled.jpg\" class=\"attachment-full size-full\" alt=\"LCL-container\" srcset=\"https:\/\/orbislog.com\/wp-content\/uploads\/2022\/12\/LCL-container-2-scaled.jpg 2560w, https:\/\/orbislog.com\/wp-content\/uploads\/2022\/12\/LCL-container-2-300x225.jpg 300w, https:\/\/orbislog.com\/wp-content\/uploads\/2022\/12\/LCL-container-2-1024x769.jpg 1024w, https:\/\/orbislog.com\/wp-content\/uploads\/2022\/12\/LCL-container-2-768x577.jpg 768w, https:\/\/orbislog.com\/wp-content\/uploads\/2022\/12\/LCL-container-2-1536x1154.jpg 1536w, https:\/\/orbislog.com\/wp-content\/uploads\/2022\/12\/LCL-container-2-2048x1538.jpg 2048w\" sizes=\"(max-width: 2560px) 100vw, 2560px\" \/>\t<\/div>\n\t<\/div>\n\t<div class=\"qodef-m-content-right\">\n\t\t\t<h2 class=\"qodef-m-title\">\n\t\tAs\u00ed ahorrar\u00eda en gastos de env\u00edo\t<\/h2>\n\t<p class=\"qodef-m-text\">\n\t\tLCL (Carga inferior a un contenedor) es un t\u00e9rmino del transporte utilizado para describir cargas de contenedores compuestas por m\u00faltiples pedidos o mercanc\u00edas. Cuando se env\u00eda un peque\u00f1o volumen de mercanc\u00edas por portacontenedores, resulta m\u00e1s econ\u00f3mico combinar su entrega con otros pedidos.\t<\/p>\n\t<a class=\"qodef-shortcode qodef-m qodef-m-button qodef-button qodef-layout--textual  qodef-html--link\" href=\"https:\/\/orbislog.com\/es\/contactenos\" target=\"_self\"  >\t\t\t<span class=\"qodef-m-button-icon\"><svg class=\"qodef-svg--plus\" xmlns=\"http:\/\/www.w3.org\/2000\/svg\" xmlns:xlink=\"http:\/\/www.w3.org\/1999\/xlink\" width=\"14\" height=\"14\" viewBox=\"0 0 14 14\"><path class=\"qodef-m-horizontal\" d=\"M0,0H14V2H0Z\" transform=\"translate(0 6)\" \/><path class=\"qodef-m-vertical\" d=\"M0,0H2V14H0Z\" transform=\"translate(6)\" \/><\/svg><\/span>\t\t\t\t<span class=\"qodef-m-button-text\">M\u00e1s informaci\u00f3n<br \/> sobre nuestros servicios.<\/span>\t<\/a>\t<\/div>\n<\/div>\n\t\t\t\t\t\t\t\t<div class=\"qodef-m-content\" id=\"qodef-tab--88e6bad\">\n\t<div class=\"qodef-m-content-left\">\n\t\t\t<div class=\"qodef-m-image\">\n\t\t<img loading=\"lazy\" decoding=\"async\" width=\"1200\" height=\"900\" src=\"https:\/\/orbislog.com\/wp-content\/uploads\/2022\/12\/reefer-container_Refrigirated-20ft.jpg\" class=\"attachment-full size-full\" alt=\"reefer-container\" srcset=\"https:\/\/orbislog.com\/wp-content\/uploads\/2022\/12\/reefer-container_Refrigirated-20ft.jpg 1200w, https:\/\/orbislog.com\/wp-content\/uploads\/2022\/12\/reefer-container_Refrigirated-20ft-300x225.jpg 300w, https:\/\/orbislog.com\/wp-content\/uploads\/2022\/12\/reefer-container_Refrigirated-20ft-1024x768.jpg 1024w, https:\/\/orbislog.com\/wp-content\/uploads\/2022\/12\/reefer-container_Refrigirated-20ft-768x576.jpg 768w\" sizes=\"(max-width: 1200px) 100vw, 1200px\" \/>\t<\/div>\n\t<\/div>\n\t<div class=\"qodef-m-content-right\">\n\t\t\t<h2 class=\"qodef-m-title\">\n\t\tContenedor de transporte equipado con un generador\t<\/h2>\n\t<p class=\"qodef-m-text\">\n\t\tContenedor reefer es la abreviatura de contenedor refrigerado. A veces, incluso se abrevia m\u00e1s: contenedor RF. Un contenedor reefer es un tipo de contenedor que mantiene la mercanc\u00eda a una temperatura regulada y fresca. Los reefers son esenciales para el comercio mundial de alimentos (fruta, carne, pescado, verduras, productos l\u00e1cteos), otros productos no alimentarios como los farmac\u00e9uticos y tambi\u00e9n flores.\t<\/p>\n\t<a class=\"qodef-shortcode qodef-m qodef-m-button qodef-button qodef-layout--textual  qodef-html--link\" href=\"https:\/\/orbislog.com\/es\/contactenos\" target=\"_self\"  >\t\t\t<span class=\"qodef-m-button-icon\"><svg class=\"qodef-svg--plus\" xmlns=\"http:\/\/www.w3.org\/2000\/svg\" xmlns:xlink=\"http:\/\/www.w3.org\/1999\/xlink\" width=\"14\" height=\"14\" viewBox=\"0 0 14 14\"><path class=\"qodef-m-horizontal\" d=\"M0,0H14V2H0Z\" transform=\"translate(0 6)\" \/><path class=\"qodef-m-vertical\" d=\"M0,0H2V14H0Z\" transform=\"translate(6)\" \/><\/svg><\/span>\t\t\t\t<span class=\"qodef-m-button-text\">M\u00e1s informaci\u00f3n<br \/> sobre nuestros servicios.<\/span>\t<\/a>\t<\/div>\n<\/div>\n\t\t\t\t\t\t\t\t<div class=\"qodef-m-content\" id=\"qodef-tab--ecdb426\">\n\t<div class=\"qodef-m-content-left\">\n\t\t\t<div class=\"qodef-m-image\">\n\t\t<img loading=\"lazy\" decoding=\"async\" width=\"2560\" height=\"1920\" src=\"https:\/\/orbislog.com\/wp-content\/uploads\/2022\/12\/flat-rack-container_sea_AdobeStock_297113687-scaled-1.jpeg\" class=\"attachment-full size-full\" alt=\"truck-cargo\" srcset=\"https:\/\/orbislog.com\/wp-content\/uploads\/2022\/12\/flat-rack-container_sea_AdobeStock_297113687-scaled-1.jpeg 2560w, https:\/\/orbislog.com\/wp-content\/uploads\/2022\/12\/flat-rack-container_sea_AdobeStock_297113687-scaled-1-300x225.jpeg 300w, https:\/\/orbislog.com\/wp-content\/uploads\/2022\/12\/flat-rack-container_sea_AdobeStock_297113687-scaled-1-1024x768.jpeg 1024w, https:\/\/orbislog.com\/wp-content\/uploads\/2022\/12\/flat-rack-container_sea_AdobeStock_297113687-scaled-1-768x576.jpeg 768w, https:\/\/orbislog.com\/wp-content\/uploads\/2022\/12\/flat-rack-container_sea_AdobeStock_297113687-scaled-1-1536x1152.jpeg 1536w, https:\/\/orbislog.com\/wp-content\/uploads\/2022\/12\/flat-rack-container_sea_AdobeStock_297113687-scaled-1-2048x1536.jpeg 2048w\" sizes=\"(max-width: 2560px) 100vw, 2560px\" \/>\t<\/div>\n\t<\/div>\n\t<div class=\"qodef-m-content-right\">\n\t\t\t<h2 class=\"qodef-m-title\">\n\t\tEn el transporte de mercanc\u00edas se utilizan distintos contenedores\t<\/h2>\n\t<p class=\"qodef-m-text\">\n\t\tEstos contenedores deben seleccionarse en funci\u00f3n de la cantidad de carga transportada y del espacio libre de cada contenedor. A la hora de elegir un contenedor, es importante tener en cuenta la eficacia con la que este aprovecha el espacio disponible, ya que cualquier mercanc\u00eda da\u00f1ada durante el transporte reduce la eficacia global de todo el proceso. Estos soportes pueden ser \u00fatiles para muchas industrias diferentes, entre las cuales la restauraci\u00f3n y el comercio minorista. Seg\u00fan sus necesidades, puede elegir entre contenedores open top, flat rack, plataforma o ISO.\t<\/p>\n\t<a class=\"qodef-shortcode qodef-m qodef-m-button qodef-button qodef-layout--textual  qodef-html--link\" href=\"https:\/\/orbislog.com\/es\/contactenos\" target=\"_self\"  >\t\t\t<span class=\"qodef-m-button-icon\"><svg class=\"qodef-svg--plus\" xmlns=\"http:\/\/www.w3.org\/2000\/svg\" xmlns:xlink=\"http:\/\/www.w3.org\/1999\/xlink\" width=\"14\" height=\"14\" viewBox=\"0 0 14 14\"><path class=\"qodef-m-horizontal\" d=\"M0,0H14V2H0Z\" transform=\"translate(0 6)\" \/><path class=\"qodef-m-vertical\" d=\"M0,0H2V14H0Z\" transform=\"translate(6)\" \/><\/svg><\/span>\t\t\t\t<span class=\"qodef-m-button-text\">M\u00e1s informaci\u00f3n<br \/> sobre nuestros servicios.<\/span>\t<\/a>\t<\/div>\n<\/div>\n\t\t\t<\/div>\n\t\t\t\t<\/div>\n\t\t\t\t<\/div>\n\t\t\t\t\t<\/div>\n\t\t<\/div>\n\t\t\t\t\t<\/div>\n\t\t<\/section>\n\t\t\t\t<section class=\"elementor-section elementor-top-section elementor-element elementor-element-0d644f2 elementor-section-full_width qodef-elementor-content-grid elementor-section-height-default elementor-section-height-default\" data-id=\"0d644f2\" data-element_type=\"section\" data-e-type=\"section\">\n\t\t\t\t\t\t<div class=\"elementor-container elementor-column-gap-no\">\n\t\t\t\t\t<div class=\"elementor-column elementor-col-100 elementor-top-column elementor-element elementor-element-abb305d\" data-id=\"abb305d\" data-element_type=\"column\" data-e-type=\"column\">\n\t\t\t<div class=\"elementor-widget-wrap\">\n\t\t\t\t\t\t\t<\/div>\n\t\t<\/div>\n\t\t\t\t\t<\/div>\n\t\t<\/section>\n\t\t\t\t<section class=\"elementor-section elementor-top-section elementor-element elementor-element-dc6e6ab elementor-section-boxed elementor-section-height-default elementor-section-height-default qodef-elementor-content-no\" data-id=\"dc6e6ab\" data-element_type=\"section\" data-e-type=\"section\">\n\t\t\t\t\t\t<div class=\"elementor-container elementor-column-gap-default\">\n\t\t\t\t\t<div class=\"elementor-column elementor-col-100 elementor-top-column elementor-element elementor-element-7b87439\" data-id=\"7b87439\" data-element_type=\"column\" data-e-type=\"column\">\n\t\t\t<div class=\"elementor-widget-wrap elementor-element-populated\">\n\t\t\t\t\t\t<div class=\"elementor-element elementor-element-3e89c39 elementor-widget elementor-widget-text-editor\" data-id=\"3e89c39\" data-element_type=\"widget\" data-e-type=\"widget\" data-widget_type=\"text-editor.default\">\n\t\t\t\t<div class=\"elementor-widget-container\">\n\t\t\t\t\t\t\t\t\t<p><span style=\"text-align: center; background-color: #ffffff;\">Para obtener informaci\u00f3n detallada, puede contactarnos en\u00a0<\/span><a style=\"background-color: #ffffff; text-align: center; cursor: none !important;\" href=\"https:\/\/www.linkedin.com\/company\/orbis-logistics-solutions\/\" target=\"_blank\" rel=\"noopener\">LinkedIn<\/a><span style=\"text-align: center; background-color: #ffffff;\">\u00a0o en nuestra p\u00e1gina de\u00a0<\/span><a style=\"background-color: #ffffff; text-align: center; cursor: none !important;\" href=\"https:\/\/orbislog.com\/es\/get-in-touch\">contacto<\/a><span style=\"text-align: center; background-color: #ffffff;\">.<\/span><\/p>\t\t\t\t\t\t\t\t<\/div>\n\t\t\t\t<\/div>\n\t\t\t\t\t<\/div>\n\t\t<\/div>\n\t\t\t\t\t<\/div>\n\t\t<\/section>\n\t\t\t\t<\/div>\n\t\t","protected":false},"excerpt":{"rendered":"<p>M\u00e1s del 90% del comercio mundial se realiza por mar. M\u00e1s del 90% del comercio mundial se realiza por mar y en algunos pa\u00edses este porcentaje es incluso mayor. Por regla general, para los env\u00edos que pesen m\u00e1s de 100 kg o que consten de varias cajas se utilizar\u00e1 el transporte mar\u00edtimo. Se aplican algunas [&hellip;]<\/p>\n","protected":false},"author":1,"featured_media":0,"parent":0,"menu_order":0,"comment_status":"closed","ping_status":"closed","template":"page-full-width.php","meta":{"footnotes":""},"class_list":["post-10443","page","type-page","status-publish","hentry"],"_links":{"self":[{"href":"https:\/\/orbislog.com\/es\/wp-json\/wp\/v2\/pages\/10443","targetHints":{"allow":["GET"]}}],"collection":[{"href":"https:\/\/orbislog.com\/es\/wp-json\/wp\/v2\/pages"}],"about":[{"href":"https:\/\/orbislog.com\/es\/wp-json\/wp\/v2\/types\/page"}],"author":[{"embeddable":true,"href":"https:\/\/orbislog.com\/es\/wp-json\/wp\/v2\/users\/1"}],"replies":[{"embeddable":true,"href":"https:\/\/orbislog.com\/es\/wp-json\/wp\/v2\/comments?post=10443"}],"version-history":[{"count":11,"href":"https:\/\/orbislog.com\/es\/wp-json\/wp\/v2\/pages\/10443\/revisions"}],"predecessor-version":[{"id":11076,"href":"https:\/\/orbislog.com\/es\/wp-json\/wp\/v2\/pages\/10443\/revisions\/11076"}],"wp:attachment":[{"href":"https:\/\/orbislog.com\/es\/wp-json\/wp\/v2\/media?parent=10443"}],"curies":[{"name":"wp","href":"https:\/\/api.w.org\/{rel}","templated":true}]}}