{"id":10405,"date":"2022-10-31T09:49:39","date_gmt":"2022-10-31T06:49:39","guid":{"rendered":"https:\/\/orbislog.com\/land-transport"},"modified":"2023-03-09T11:11:28","modified_gmt":"2023-03-09T08:11:28","slug":"transporte-terrestre","status":"publish","type":"page","link":"https:\/\/orbislog.com\/es\/transporte-terrestre","title":{"rendered":"Transporte Terrestre"},"content":{"rendered":"\t\t<div data-elementor-type=\"wp-page\" data-elementor-id=\"10405\" class=\"elementor elementor-10405 elementor-8424\">\n\t\t\t\t\t\t<section class=\"elementor-section elementor-top-section elementor-element elementor-element-1e0c9ff elementor-section-full_width elementor-section-height-default elementor-section-height-default qodef-elementor-content-no\" data-id=\"1e0c9ff\" data-element_type=\"section\" data-e-type=\"section\" data-settings=\"{&quot;background_background&quot;:&quot;classic&quot;}\">\n\t\t\t\t\t\t<div class=\"elementor-container elementor-column-gap-no\">\n\t\t\t\t\t<div class=\"elementor-column elementor-col-100 elementor-top-column elementor-element elementor-element-3c100a0\" data-id=\"3c100a0\" data-element_type=\"column\" data-e-type=\"column\">\n\t\t\t<div class=\"elementor-widget-wrap elementor-element-populated\">\n\t\t\t\t\t\t<div class=\"elementor-element elementor-element-0fa4b25 elementor-widget elementor-widget-slider_revolution\" data-id=\"0fa4b25\" data-element_type=\"widget\" data-e-type=\"widget\" data-widget_type=\"slider_revolution.default\">\n\t\t\t\t<div class=\"elementor-widget-container\">\n\t\t\t\t\t\n\t\t<div class=\"wp-block-themepunch-revslider\">\n\t\t\t<!-- START Land Transport ES REVOLUTION SLIDER 6.7.38 --><p class=\"rs-p-wp-fix\"><\/p>\n\t\t\t<rs-module-wrap id=\"rev_slider_21_1_wrapper\" data-source=\"gallery\" style=\"visibility:hidden;background:transparent;padding:0;\">\n\t\t\t\t<rs-module id=\"rev_slider_21_1\" style=\"\" data-version=\"6.7.38\">\n\t\t\t\t\t<rs-slides style=\"overflow: hidden; position: absolute;\">\n\t\t\t\t\t\t<rs-slide style=\"position: absolute;\" data-key=\"rs-85\" data-title=\"Slide\" data-thumb=\"\/\/orbislog.com\/wp-content\/uploads\/2021\/08\/about-us-testimonials-bg-img-50x100.jpg\" data-in=\"o:0;\" data-out=\"a:false;\">\n\t\t\t\t\t\t\t<img fetchpriority=\"high\" decoding=\"async\" src=\"\/\/orbislog.com\/wp-content\/plugins\/revslider\/sr6\/assets\/assets\/dummy.png\" alt=\"d\" title=\"about-us-testimonials-bg-img\" width=\"2560\" height=\"1067\" class=\"rev-slidebg tp-rs-img rs-lazyload\" data-lazyload=\"\/\/orbislog.com\/wp-content\/uploads\/2021\/08\/about-us-testimonials-bg-img.jpg\" data-bg=\"p:left bottom;\" data-no-retina>\n<!---->\t\t\t\t\t<\/rs-slide>\n\t\t\t\t\t\t<rs-slide style=\"position: absolute;\" data-key=\"rs-86\" data-title=\"Slide\" data-thumb=\"\/\/orbislog.com\/wp-content\/uploads\/2021\/08\/main-home-rev-slide-1-1-50x100.jpg\" data-in=\"o:0;\" data-out=\"a:false;\">\n\t\t\t\t\t\t\t<img decoding=\"async\" src=\"\/\/orbislog.com\/wp-content\/plugins\/revslider\/sr6\/assets\/assets\/dummy.png\" alt=\"\" class=\"rev-slidebg tp-rs-img rs-lazyload\" data-lazyload=\"\/\/orbislog.com\/wp-content\/uploads\/2021\/08\/main-home-rev-slide-1-1.jpg\" data-bg=\"p:left top;\" data-no-retina>\n<!---->\t\t\t\t\t<\/rs-slide>\n\t\t\t\t\t<\/rs-slides>\n\t\t\t\t\t<rs-static-layers><!--\n\n\t\t\t\t\t\t\t--><rs-layer\n\t\t\t\t\t\t\t\tid=\"slider-21-slide-21-layer-1\" \n\t\t\t\t\t\t\t\tclass=\"rs-layer-static\"\n\t\t\t\t\t\t\t\tdata-type=\"text\"\n\t\t\t\t\t\t\t\tdata-xy=\"x:c;y:m;yo:0,0,-10px,-50px;\"\n\t\t\t\t\t\t\t\tdata-text=\"w:normal;s:65,57,57,42;l:72,64,64,49;ls:-1px;fw:700;\"\n\t\t\t\t\t\t\t\tdata-dim=\"w:900px,895px,532px,270px;\"\n\t\t\t\t\t\t\t\tdata-basealign=\"slide\"\n\t\t\t\t\t\t\t\tdata-rsp_o=\"off\"\n\t\t\t\t\t\t\t\tdata-rsp_bd=\"off\"\n\t\t\t\t\t\t\t\tdata-onslides=\"s:1;\"\n\t\t\t\t\t\t\t\tdata-frame_0=\"x:50;\"\n\t\t\t\t\t\t\t\tdata-frame_1=\"e:power3.out;sp:1000;\"\n\t\t\t\t\t\t\t\tdata-frame_999=\"o:0;st:w;sp:0;sR:3940;\"\n\t\t\t\t\t\t\t\tstyle=\"z-index:5;font-family:'Sarabun';\"\n\t\t\t\t\t\t\t>Estable, flexible, seguro y pr\u00e1ctico \n\t\t\t\t\t\t\t<\/rs-layer><!--\n\n\t\t\t\t\t\t\t--><rs-layer\n\t\t\t\t\t\t\t\tid=\"slider-21-slide-21-layer-2\" \n\t\t\t\t\t\t\t\tclass=\"rs-layer-static\"\n\t\t\t\t\t\t\t\tdata-type=\"text\"\n\t\t\t\t\t\t\t\tdata-xy=\"x:c;y:m;yo:143px,100px,151px,125px;\"\n\t\t\t\t\t\t\t\tdata-text=\"w:normal;s:18;l:26;\"\n\t\t\t\t\t\t\t\tdata-dim=\"w:900px,900px,462px,270px;\"\n\t\t\t\t\t\t\t\tdata-basealign=\"slide\"\n\t\t\t\t\t\t\t\tdata-rsp_o=\"off\"\n\t\t\t\t\t\t\t\tdata-rsp_bd=\"off\"\n\t\t\t\t\t\t\t\tdata-onslides=\"s:1;\"\n\t\t\t\t\t\t\t\tdata-frame_0=\"x:50;\"\n\t\t\t\t\t\t\t\tdata-frame_1=\"e:power3.out;sp:1000;\"\n\t\t\t\t\t\t\t\tdata-frame_999=\"o:0;st:w;sp:0;sR:3940;\"\n\t\t\t\t\t\t\t\tstyle=\"z-index:4;font-family:'Sarabun';\"\n\t\t\t\t\t\t\t>El transporte terrestre de mercanc\u00edas es el m\u00e1s importante entre pa\u00edses vecinos y dentro del propio pa\u00eds. \n\t\t\t\t\t\t\t<\/rs-layer><!--\n\n\t\t\t\t\t\t\t--><a\n\t\t\t\t\t\t\t\tid=\"slider-21-slide-21-layer-3\" \n\t\t\t\t\t\t\t\tclass=\"rs-layer rev-btn rs-layer-static\"\n\t\t\t\t\t\t\t\thref=\"https:\/\/orbislog.com\/es\/formulario-de-cotizacion\" target=\"_self\"\n\t\t\t\t\t\t\t\tdata-type=\"button\"\n\t\t\t\t\t\t\t\tdata-xy=\"x:c;y:b;yo:184px,144px,170px,75px;\"\n\t\t\t\t\t\t\t\tdata-text=\"w:normal;s:17,15,14,15;l:20,18,15,23;ls:1,0,0,0;a:center;\"\n\t\t\t\t\t\t\t\tdata-dim=\"w:300px,277px,258px,242px;h:42px,39px,36px,44px;minh:0px,none,none,none;\"\n\t\t\t\t\t\t\t\tdata-rsp_o=\"off\"\n\t\t\t\t\t\t\t\tdata-rsp_bd=\"off\"\n\t\t\t\t\t\t\t\tdata-onslides=\"s:1;\"\n\t\t\t\t\t\t\t\tdata-padding=\"t:12,11,10,11;r:35,33,31,30;b:12,11,10,11;l:35,33,31,30;\"\n\t\t\t\t\t\t\t\tdata-border=\"bor:30px,30px,30px,30px;\"\n\t\t\t\t\t\t\t\tdata-frame_0=\"x:0,0px,0px,0px;y:0,0px,0px,0px;\"\n\t\t\t\t\t\t\t\tdata-frame_1=\"x:0,0px,0px,0px;y:0,0px,0px,0px;\"\n\t\t\t\t\t\t\t\tdata-frame_999=\"o:0;st:w;sp:0;sR:4650;\"\n\t\t\t\t\t\t\t\tdata-frame_hover=\"c:#000;bgc:#fff;bor:30px,30px,30px,30px;sp:200;\"\n\t\t\t\t\t\t\t\tstyle=\"z-index:8;background-color:rgba(215,25,32,0.75);font-family:'Roboto';text-transform:uppercase;\"\n\t\t\t\t\t\t\t>Pedir presupuesto <i class=\"fa-chevron-right\"><\/i> \n\t\t\t\t\t\t\t<\/a><!--\n\t\t\t\t\t--><\/rs-static-layers>\n\t\t\t\t<\/rs-module>\n\t\t\t\t<script>\n\t\t\t\t\tsetREVStartSize({c: 'rev_slider_21_1',rl:[1240,1024,778,480],el:[900,768,960,720],gw:[1400,1100,600,300],gh:[900,768,960,720],type:'standard',justify:'',layout:'fullscreen',offsetContainer:'',offset:'',mh:\"0\"});if (window.RS_MODULES!==undefined && window.RS_MODULES.modules!==undefined && window.RS_MODULES.modules[\"revslider211\"]!==undefined) {window.RS_MODULES.modules[\"revslider211\"].once = false;window.revapi21 = undefined;if (window.RS_MODULES.checkMinimal!==undefined) window.RS_MODULES.checkMinimal()}\n\t\t\t\t<\/script>\n\t\t\t<\/rs-module-wrap>\n\t\t\t<!-- END REVOLUTION SLIDER -->\n<\/div>\n\n\t\t\t\t\t\t<\/div>\n\t\t\t\t<\/div>\n\t\t\t\t\t<\/div>\n\t\t<\/div>\n\t\t\t\t\t<\/div>\n\t\t<\/section>\n\t\t\t\t<section class=\"elementor-section elementor-top-section elementor-element elementor-element-08be16a elementor-section-full_width elementor-section-height-default elementor-section-height-default qodef-elementor-content-no\" data-id=\"08be16a\" data-element_type=\"section\" data-e-type=\"section\">\n\t\t\t\t\t\t<div class=\"elementor-container elementor-column-gap-no\">\n\t\t\t\t\t<div class=\"elementor-column elementor-col-100 elementor-top-column elementor-element elementor-element-5683368\" data-id=\"5683368\" data-element_type=\"column\" data-e-type=\"column\">\n\t\t\t<div class=\"elementor-widget-wrap elementor-element-populated\">\n\t\t\t\t\t\t<div class=\"elementor-element elementor-element-ce270d2 elementor-widget elementor-widget-globefarer_core_section_title\" data-id=\"ce270d2\" data-element_type=\"widget\" data-e-type=\"widget\" data-widget_type=\"globefarer_core_section_title.default\">\n\t\t\t\t<div class=\"elementor-widget-container\">\n\t\t\t\t\t<div class=\"qodef-shortcode qodef-m  qodef-section-title qodef-alignment--left   qodef-appear-animation--no\">\n\t\t\t<h2 class=\"qodef-m-title\" >\n\t\t\t\t\tCon nuestros servicios de transporte terrestre, le ayudamos a satisfacer sus necesidades de distribuci\u00f3n.\t\t\t<\/h2>\n\t\t<p class=\"qodef-m-text\" style=\"margin-top: 30px\">\u00bfEst\u00e1 buscando una empresa confiable para el transporte terrestre? No pierda el tiempo yendo de una empresa a otra. Nuestro equipo trabaja duro para proporcionar a cada cliente una experiencia de transporte de primera calidad. Trabajaremos con usted para que pueda llegar a su destino final de manera f\u00e1cil y c\u00f3moda. Con nuestros servicios de transporte terrestre, le ayudamos a satisfacer sus necesidades de distribuci\u00f3n.<\/p>\n\t<\/div>\n\t\t\t\t<\/div>\n\t\t\t\t<\/div>\n\t\t\t\t\t<\/div>\n\t\t<\/div>\n\t\t\t\t\t<\/div>\n\t\t<\/section>\n\t\t\t\t<section class=\"elementor-section elementor-top-section elementor-element elementor-element-84b0a14 elementor-section-full_width qodef-elementor-content-grid elementor-section-height-default elementor-section-height-default\" data-id=\"84b0a14\" data-element_type=\"section\" data-e-type=\"section\">\n\t\t\t\t\t\t<div class=\"elementor-container elementor-column-gap-no\">\n\t\t\t\t\t<div class=\"elementor-column elementor-col-100 elementor-top-column elementor-element elementor-element-360b3a6\" data-id=\"360b3a6\" data-element_type=\"column\" data-e-type=\"column\">\n\t\t\t<div class=\"elementor-widget-wrap elementor-element-populated\">\n\t\t\t\t\t\t<div class=\"elementor-element elementor-element-aae0843 elementor-widget elementor-widget-globefarer_core_tabbed_info\" data-id=\"aae0843\" data-element_type=\"widget\" data-e-type=\"widget\" data-widget_type=\"globefarer_core_tabbed_info.default\">\n\t\t\t\t<div class=\"elementor-widget-container\">\n\t\t\t\t\t<div class=\"qodef-shortcode qodef-m  qodef-tabbed-info qodef-layout--standard\">\n\t\t\t<ul class=\"qodef-m-navigation\">\n\t\t\t\t\t\t\t\t\t\t\t<li>\n\t<a href=\"qodef-tab--93b2e5e\">\n\t\t\tLTL (Less Than Truck Load)\t<\/a>\n<\/li>\n\t\t\t\t\t\t\t\t\t\t\t<li>\n\t<a href=\"qodef-tab--08887a2\">\n\t\t\tFTL (Cami\u00f3n Completo)\t<\/a>\n<\/li>\n\t\t\t\t\t\t\t\t\t\t\t<li>\n\t<a href=\"qodef-tab--88e6bad\">\n\t\t\tCami\u00f3n Frigo\t<\/a>\n<\/li>\n\t\t\t\t\t<\/ul>\n\t\t\t\t\t\t\t\t<div class=\"qodef-m-content\" id=\"qodef-tab--93b2e5e\">\n\t<div class=\"qodef-m-content-left\">\n\t\t\t<div class=\"qodef-m-image\">\n\t\t<img decoding=\"async\" width=\"2560\" height=\"2560\" src=\"https:\/\/orbislog.com\/wp-content\/uploads\/2022\/12\/Land-Transport_LTL_iStock-669637916-scaled.jpg\" class=\"attachment-full size-full\" alt=\"warehousing\" srcset=\"https:\/\/orbislog.com\/wp-content\/uploads\/2022\/12\/Land-Transport_LTL_iStock-669637916-scaled.jpg 2560w, https:\/\/orbislog.com\/wp-content\/uploads\/2022\/12\/Land-Transport_LTL_iStock-669637916-300x300.jpg 300w, https:\/\/orbislog.com\/wp-content\/uploads\/2022\/12\/Land-Transport_LTL_iStock-669637916-1024x1024.jpg 1024w, https:\/\/orbislog.com\/wp-content\/uploads\/2022\/12\/Land-Transport_LTL_iStock-669637916-150x150.jpg 150w, https:\/\/orbislog.com\/wp-content\/uploads\/2022\/12\/Land-Transport_LTL_iStock-669637916-768x768.jpg 768w, https:\/\/orbislog.com\/wp-content\/uploads\/2022\/12\/Land-Transport_LTL_iStock-669637916-1536x1536.jpg 1536w, https:\/\/orbislog.com\/wp-content\/uploads\/2022\/12\/Land-Transport_LTL_iStock-669637916-2048x2048.jpg 2048w, https:\/\/orbislog.com\/wp-content\/uploads\/2022\/12\/Land-Transport_LTL_iStock-669637916-650x650.jpg 650w, https:\/\/orbislog.com\/wp-content\/uploads\/2022\/12\/Land-Transport_LTL_iStock-669637916-1300x1300.jpg 1300w\" sizes=\"(max-width: 2560px) 100vw, 2560px\" \/>\t<\/div>\n\t<\/div>\n\t<div class=\"qodef-m-content-right\">\n\t\t\t<h2 class=\"qodef-m-title\">\n\t\tCreamos una ruta multiparada para una mayor eficiencia en el transporte terrestre\t<\/h2>\n\t<p class=\"qodef-m-text\">\n\t\tLess than Truck Load (LTL) es un servicio de env\u00edo para cargas o cantidades de mercanc\u00eda relativamente peque\u00f1as. Los env\u00edos de carga LTL consisten en el env\u00edo de varios productos en una ruta con m\u00faltiples paradas, creada con el fin de obtener una mayor eficiencia en el traslado y reducir los costes. Los gastos de env\u00edo se basan en el espacio utilizado, la clase de art\u00edculos que se env\u00edan y los lugares de recogida y destino. Un servicio ch\u00e1rter completo pone a su disposici\u00f3n un avi\u00f3n entero para sus mercanc\u00edas. Si se elige esta opci\u00f3n, los horarios de salida ser\u00e1n m\u00e1s flexibles, ya que el espacio no se comparte con nadie. Los clientes pueden utilizar el servicio compartido para completar la capacidad de carga del avi\u00f3n, lo que resulta \u00fatil cuando sus mercanc\u00edas no tienen un volumen suficiente para llenarlo del todo.\t<\/p>\n\t<a class=\"qodef-shortcode qodef-m qodef-m-button qodef-button qodef-layout--textual  qodef-html--link\" href=\"https:\/\/orbislog.com\/es\/contactenos\" target=\"_self\"  >\t\t\t<span class=\"qodef-m-button-icon\"><svg class=\"qodef-svg--plus\" xmlns=\"http:\/\/www.w3.org\/2000\/svg\" xmlns:xlink=\"http:\/\/www.w3.org\/1999\/xlink\" width=\"14\" height=\"14\" viewBox=\"0 0 14 14\"><path class=\"qodef-m-horizontal\" d=\"M0,0H14V2H0Z\" transform=\"translate(0 6)\" \/><path class=\"qodef-m-vertical\" d=\"M0,0H2V14H0Z\" transform=\"translate(6)\" \/><\/svg><\/span>\t\t\t\t<span class=\"qodef-m-button-text\">M\u00e1s informaci\u00f3n<br \/> sobre nuestros servicios<\/span>\t<\/a>\t<\/div>\n<\/div>\n\t\t\t\t\t\t\t\t<div class=\"qodef-m-content\" id=\"qodef-tab--08887a2\">\n\t<div class=\"qodef-m-content-left\">\n\t\t\t<div class=\"qodef-m-image\">\n\t\t<img decoding=\"async\" width=\"2560\" height=\"1575\" src=\"https:\/\/orbislog.com\/wp-content\/uploads\/2022\/12\/Land-Transport_FTL-iStock-507714312-scaled.jpg\" class=\"attachment-full size-full\" alt=\"truck-transportat,on-Transporte-Terrestre\" srcset=\"https:\/\/orbislog.com\/wp-content\/uploads\/2022\/12\/Land-Transport_FTL-iStock-507714312-scaled.jpg 2560w, https:\/\/orbislog.com\/wp-content\/uploads\/2022\/12\/Land-Transport_FTL-iStock-507714312-300x185.jpg 300w, https:\/\/orbislog.com\/wp-content\/uploads\/2022\/12\/Land-Transport_FTL-iStock-507714312-1024x630.jpg 1024w, https:\/\/orbislog.com\/wp-content\/uploads\/2022\/12\/Land-Transport_FTL-iStock-507714312-768x473.jpg 768w, https:\/\/orbislog.com\/wp-content\/uploads\/2022\/12\/Land-Transport_FTL-iStock-507714312-1536x945.jpg 1536w, https:\/\/orbislog.com\/wp-content\/uploads\/2022\/12\/Land-Transport_FTL-iStock-507714312-2048x1260.jpg 2048w\" sizes=\"(max-width: 2560px) 100vw, 2560px\" \/>\t<\/div>\n\t<\/div>\n\t<div class=\"qodef-m-content-right\">\n\t\t\t<h2 class=\"qodef-m-title\">\n\t\tUn servicio de env\u00edo exclusivo de un \u00fanico expedidor\t<\/h2>\n\t<p class=\"qodef-m-text\">\n\t\tFTL es una abreviatura del sector para la carga completa de un cami\u00f3n o una carga de un \u00fanico expedidor a una \u00fanica ubicaci\u00f3n. Las cargas completas son la mejor opci\u00f3n para env\u00edos en los que el tiempo es un factor crucial, hasta el punto de que a menudo es la opci\u00f3n por defecto en los env\u00edos urgentes. Con la opci\u00f3n FTL, su env\u00edo viajar\u00e1 desde el punto A hasta el punto B en la ruta m\u00e1s eficiente. Para ello, las mercanc\u00edas se \u00abconsolidan\u00bb dentro de un almac\u00e9n en distintas fases: recepci\u00f3n, almacenaje, preparaci\u00f3n de pedidos y env\u00edo de mercanc\u00edas.\t<\/p>\n\t<a class=\"qodef-shortcode qodef-m qodef-m-button qodef-button qodef-layout--textual  qodef-html--link\" href=\"https:\/\/orbislog.com\/es\/contactenos\" target=\"_self\"  >\t\t\t<span class=\"qodef-m-button-icon\"><svg class=\"qodef-svg--plus\" xmlns=\"http:\/\/www.w3.org\/2000\/svg\" xmlns:xlink=\"http:\/\/www.w3.org\/1999\/xlink\" width=\"14\" height=\"14\" viewBox=\"0 0 14 14\"><path class=\"qodef-m-horizontal\" d=\"M0,0H14V2H0Z\" transform=\"translate(0 6)\" \/><path class=\"qodef-m-vertical\" d=\"M0,0H2V14H0Z\" transform=\"translate(6)\" \/><\/svg><\/span>\t\t\t\t<span class=\"qodef-m-button-text\">M\u00e1s informaci\u00f3n<br \/> sobre nuestros servicios<\/span>\t<\/a>\t<\/div>\n<\/div>\n\t\t\t\t\t\t\t\t<div class=\"qodef-m-content\" id=\"qodef-tab--88e6bad\">\n\t<div class=\"qodef-m-content-left\">\n\t\t\t<div class=\"qodef-m-image\">\n\t\t<img decoding=\"async\" src=\"https:\/\/orbislog.com\/wp-content\/uploads\/2022\/11\/oject-600-x-440-piksel-600-x-320-piksel-500-x-320-piksel-6-1.png\" class=\"attachment-full size-full\" alt=\"refeer-container\" \/>\t<\/div>\n\t<\/div>\n\t<div class=\"qodef-m-content-right\">\n\t\t\t<h2 class=\"qodef-m-title\">\n\t\tServicio de camiones refrigerados para sus mercanc\u00edas\t<\/h2>\n\t<p class=\"qodef-m-text\">\n\t\tEn el mundo del transporte refrigerado no existe margen de error. Cuando se hace uso de un servicio de camiones refrigerados, la recogida y la entrega deben ser puntuales. Ofrecemos servicios fiables de transporte refrigerado con equipos modernos y conductores experimentados. Desde carne y marisco hasta productos qu\u00edmicos y farmac\u00e9uticos, disponemos de un sistema de transporte refrigerado para entregar sus mercanc\u00edas tal y como las espera, en todo momento.\t<\/p>\n\t<a class=\"qodef-shortcode qodef-m qodef-m-button qodef-button qodef-layout--textual  qodef-html--link\" href=\"https:\/\/orbislog.com\/es\/contactenos\" target=\"_self\"  >\t\t\t<span class=\"qodef-m-button-icon\"><svg class=\"qodef-svg--plus\" xmlns=\"http:\/\/www.w3.org\/2000\/svg\" xmlns:xlink=\"http:\/\/www.w3.org\/1999\/xlink\" width=\"14\" height=\"14\" viewBox=\"0 0 14 14\"><path class=\"qodef-m-horizontal\" d=\"M0,0H14V2H0Z\" transform=\"translate(0 6)\" \/><path class=\"qodef-m-vertical\" d=\"M0,0H2V14H0Z\" transform=\"translate(6)\" \/><\/svg><\/span>\t\t\t\t<span class=\"qodef-m-button-text\">M\u00e1s informaci\u00f3n<br \/> sobre nuestros servicios<\/span>\t<\/a>\t<\/div>\n<\/div>\n\t\t\t<\/div>\n\t\t\t\t<\/div>\n\t\t\t\t<\/div>\n\t\t\t\t\t<\/div>\n\t\t<\/div>\n\t\t\t\t\t<\/div>\n\t\t<\/section>\n\t\t\t\t<section class=\"elementor-section elementor-top-section elementor-element elementor-element-c8c7ada elementor-section-boxed elementor-section-height-default elementor-section-height-default qodef-elementor-content-no\" data-id=\"c8c7ada\" data-element_type=\"section\" data-e-type=\"section\">\n\t\t\t\t\t\t<div class=\"elementor-container elementor-column-gap-default\">\n\t\t\t\t\t<div class=\"elementor-column elementor-col-100 elementor-top-column elementor-element elementor-element-c6f20d3\" data-id=\"c6f20d3\" data-element_type=\"column\" data-e-type=\"column\">\n\t\t\t<div class=\"elementor-widget-wrap elementor-element-populated\">\n\t\t\t\t\t\t<div class=\"elementor-element elementor-element-32746bb elementor-widget elementor-widget-text-editor\" data-id=\"32746bb\" data-element_type=\"widget\" data-e-type=\"widget\" data-widget_type=\"text-editor.default\">\n\t\t\t\t<div class=\"elementor-widget-container\">\n\t\t\t\t\t\t\t\t\t<p>Para obtener informaci\u00f3n detallada, puede contactarnos en <a href=\"https:\/\/www.linkedin.com\/company\/orbis-logistics-solutions\/\" target=\"_blank\" rel=\"noopener\">LinkedIn<\/a> o en nuestra p\u00e1gina de <a href=\"https:\/\/orbislog.com\/es\/get-in-touch\">contacto<\/a>.<\/p>\t\t\t\t\t\t\t\t<\/div>\n\t\t\t\t<\/div>\n\t\t\t\t\t<\/div>\n\t\t<\/div>\n\t\t\t\t\t<\/div>\n\t\t<\/section>\n\t\t\t\t<section class=\"elementor-section elementor-top-section elementor-element elementor-element-cc49190 elementor-section-boxed elementor-section-height-default elementor-section-height-default qodef-elementor-content-no\" data-id=\"cc49190\" data-element_type=\"section\" data-e-type=\"section\">\n\t\t\t\t\t\t<div class=\"elementor-container elementor-column-gap-default\">\n\t\t\t\t\t<div class=\"elementor-column elementor-col-100 elementor-top-column elementor-element elementor-element-2df1777\" data-id=\"2df1777\" data-element_type=\"column\" data-e-type=\"column\">\n\t\t\t<div class=\"elementor-widget-wrap\">\n\t\t\t\t\t\t\t<\/div>\n\t\t<\/div>\n\t\t\t\t\t<\/div>\n\t\t<\/section>\n\t\t\t\t<\/div>\n\t\t","protected":false},"excerpt":{"rendered":"<p>Con nuestros servicios de transporte terrestre, le ayudamos a satisfacer sus necesidades de distribuci\u00f3n. \u00bfEst\u00e1 buscando una empresa confiable para el transporte terrestre? No pierda el tiempo yendo de una empresa a otra. Nuestro equipo trabaja duro para proporcionar a cada cliente una experiencia de transporte de primera calidad. Trabajaremos con usted para que pueda [&hellip;]<\/p>\n","protected":false},"author":1,"featured_media":0,"parent":0,"menu_order":0,"comment_status":"closed","ping_status":"closed","template":"page-full-width.php","meta":{"footnotes":""},"class_list":["post-10405","page","type-page","status-publish","hentry"],"_links":{"self":[{"href":"https:\/\/orbislog.com\/es\/wp-json\/wp\/v2\/pages\/10405","targetHints":{"allow":["GET"]}}],"collection":[{"href":"https:\/\/orbislog.com\/es\/wp-json\/wp\/v2\/pages"}],"about":[{"href":"https:\/\/orbislog.com\/es\/wp-json\/wp\/v2\/types\/page"}],"author":[{"embeddable":true,"href":"https:\/\/orbislog.com\/es\/wp-json\/wp\/v2\/users\/1"}],"replies":[{"embeddable":true,"href":"https:\/\/orbislog.com\/es\/wp-json\/wp\/v2\/comments?post=10405"}],"version-history":[{"count":13,"href":"https:\/\/orbislog.com\/es\/wp-json\/wp\/v2\/pages\/10405\/revisions"}],"predecessor-version":[{"id":11070,"href":"https:\/\/orbislog.com\/es\/wp-json\/wp\/v2\/pages\/10405\/revisions\/11070"}],"wp:attachment":[{"href":"https:\/\/orbislog.com\/es\/wp-json\/wp\/v2\/media?parent=10405"}],"curies":[{"name":"wp","href":"https:\/\/api.w.org\/{rel}","templated":true}]}}