{"id":10380,"date":"2022-10-31T11:12:11","date_gmt":"2022-10-31T08:12:11","guid":{"rendered":"https:\/\/orbislog.com\/air-freight"},"modified":"2023-03-09T11:21:37","modified_gmt":"2023-03-09T08:21:37","slug":"transporte-aereo","status":"publish","type":"page","link":"https:\/\/orbislog.com\/es\/transporte-aereo","title":{"rendered":"Transporte A\u00e9reo"},"content":{"rendered":"\t\t<div data-elementor-type=\"wp-page\" data-elementor-id=\"10380\" class=\"elementor elementor-10380 elementor-8428\">\n\t\t\t\t\t\t<section class=\"elementor-section elementor-top-section elementor-element elementor-element-1e0c9ff elementor-section-full_width elementor-section-height-default elementor-section-height-default qodef-elementor-content-no\" data-id=\"1e0c9ff\" data-element_type=\"section\" data-e-type=\"section\" data-settings=\"{&quot;background_background&quot;:&quot;classic&quot;}\">\n\t\t\t\t\t\t<div class=\"elementor-container elementor-column-gap-no\">\n\t\t\t\t\t<div class=\"elementor-column elementor-col-100 elementor-top-column elementor-element elementor-element-3c100a0\" data-id=\"3c100a0\" data-element_type=\"column\" data-e-type=\"column\">\n\t\t\t<div class=\"elementor-widget-wrap elementor-element-populated\">\n\t\t\t\t\t\t<div class=\"elementor-element elementor-element-0fa4b25 elementor-widget elementor-widget-slider_revolution\" data-id=\"0fa4b25\" data-element_type=\"widget\" data-e-type=\"widget\" data-widget_type=\"slider_revolution.default\">\n\t\t\t\t<div class=\"elementor-widget-container\">\n\t\t\t\t\t\n\t\t<div class=\"wp-block-themepunch-revslider\">\n\t\t\t<!-- START Air Freight ES REVOLUTION SLIDER 6.7.38 --><p class=\"rs-p-wp-fix\"><\/p>\n\t\t\t<rs-module-wrap id=\"rev_slider_20_1_wrapper\" data-source=\"gallery\" style=\"visibility:hidden;background:transparent;padding:0;\">\n\t\t\t\t<rs-module id=\"rev_slider_20_1\" style=\"\" data-version=\"6.7.38\">\n\t\t\t\t\t<rs-slides style=\"overflow: hidden; position: absolute;\">\n\t\t\t\t\t\t<rs-slide style=\"position: absolute;\" data-key=\"rs-83\" data-title=\"Slide\" data-thumb=\"\/\/orbislog.com\/wp-content\/uploads\/2022\/11\/air-services1-50x100.png\" data-anim=\"ms:1970;\" data-in=\"o:0;\" data-out=\"a:false;\">\n\t\t\t\t\t\t\t<img fetchpriority=\"high\" decoding=\"async\" src=\"\/\/orbislog.com\/wp-content\/plugins\/revslider\/sr6\/assets\/assets\/dummy.png\" alt=\"air-transport\" title=\"air-services1\" width=\"1920\" height=\"1280\" class=\"rev-slidebg tp-rs-img rs-lazyload\" data-lazyload=\"\/\/orbislog.com\/wp-content\/uploads\/2022\/11\/air-services1.png\" data-bg=\"p:left bottom;\" data-no-retina>\n<!---->\t\t\t\t\t<\/rs-slide>\n\t\t\t\t\t\t<rs-slide style=\"position: absolute;\" data-key=\"rs-84\" data-title=\"Slide\" data-thumb=\"\/\/orbislog.com\/wp-content\/uploads\/2021\/08\/air-blog-img1-50x100.jpg\" data-anim=\"ms:1970;\" data-in=\"o:0;\" data-out=\"a:false;\">\n\t\t\t\t\t\t\t<img decoding=\"async\" src=\"\/\/orbislog.com\/wp-content\/plugins\/revslider\/sr6\/assets\/assets\/dummy.png\" alt=\"s\" title=\"air-blog-img1\" width=\"1400\" height=\"715\" class=\"rev-slidebg tp-rs-img rs-lazyload\" data-lazyload=\"\/\/orbislog.com\/wp-content\/uploads\/2021\/08\/air-blog-img1.jpg\" data-bg=\"p:left top;\" data-no-retina>\n<!---->\t\t\t\t\t<\/rs-slide>\n\t\t\t\t\t<\/rs-slides>\n\t\t\t\t\t<rs-static-layers><!--\n\n\t\t\t\t\t\t\t--><rs-layer\n\t\t\t\t\t\t\t\tid=\"slider-20-slide-20-layer-1\" \n\t\t\t\t\t\t\t\tclass=\"rs-layer-static\"\n\t\t\t\t\t\t\t\tdata-type=\"text\"\n\t\t\t\t\t\t\t\tdata-xy=\"x:c;y:m;yo:0,0,-10px,-50px;\"\n\t\t\t\t\t\t\t\tdata-text=\"w:normal;s:65,57,57,42;l:72,64,64,49;ls:-1px;fw:700;\"\n\t\t\t\t\t\t\t\tdata-dim=\"w:900px,895px,523px,270px;\"\n\t\t\t\t\t\t\t\tdata-basealign=\"slide\"\n\t\t\t\t\t\t\t\tdata-rsp_o=\"off\"\n\t\t\t\t\t\t\t\tdata-rsp_bd=\"off\"\n\t\t\t\t\t\t\t\tdata-onslides=\"s:1;\"\n\t\t\t\t\t\t\t\tdata-frame_0=\"x:50;\"\n\t\t\t\t\t\t\t\tdata-frame_1=\"sp:650;\"\n\t\t\t\t\t\t\t\tdata-frame_999=\"o:0;st:w;sp:0;sR:4200;\"\n\t\t\t\t\t\t\t\tstyle=\"z-index:5;font-family:'Sarabun';\"\n\t\t\t\t\t\t\t>La opci\u00f3n que tiene en cuenta el factor tiempo \n\t\t\t\t\t\t\t<\/rs-layer><!--\n\n\t\t\t\t\t\t\t--><rs-layer\n\t\t\t\t\t\t\t\tid=\"slider-20-slide-20-layer-2\" \n\t\t\t\t\t\t\t\tclass=\"rs-layer-static\"\n\t\t\t\t\t\t\t\tdata-type=\"text\"\n\t\t\t\t\t\t\t\tdata-xy=\"x:c;y:m;yo:143px,100px,151px,125px;\"\n\t\t\t\t\t\t\t\tdata-text=\"w:normal;s:18;l:26;\"\n\t\t\t\t\t\t\t\tdata-dim=\"w:900px,900px,462px,270px;\"\n\t\t\t\t\t\t\t\tdata-basealign=\"slide\"\n\t\t\t\t\t\t\t\tdata-rsp_o=\"off\"\n\t\t\t\t\t\t\t\tdata-rsp_bd=\"off\"\n\t\t\t\t\t\t\t\tdata-onslides=\"s:1;\"\n\t\t\t\t\t\t\t\tdata-frame_0=\"x:50;\"\n\t\t\t\t\t\t\t\tdata-frame_1=\"sp:650;\"\n\t\t\t\t\t\t\t\tdata-frame_999=\"o:0;st:w;sp:0;sR:4210;\"\n\t\t\t\t\t\t\t\tstyle=\"z-index:4;font-family:'Sarabun';\"\n\t\t\t\t\t\t\t>El transporte a\u00e9reo es una valiosa opci\u00f3n para coordinar env\u00edos urgentes a casi cualquier lugar del mundo. \n\t\t\t\t\t\t\t<\/rs-layer><!--\n\n\t\t\t\t\t\t\t--><a\n\t\t\t\t\t\t\t\tid=\"slider-20-slide-20-layer-3\" \n\t\t\t\t\t\t\t\tclass=\"rs-layer rev-btn rs-layer-static\"\n\t\t\t\t\t\t\t\thref=\"https:\/\/orbislog.com\/es\/formulario-de-cotizacion\" target=\"_self\"\n\t\t\t\t\t\t\t\tdata-type=\"button\"\n\t\t\t\t\t\t\t\tdata-xy=\"x:c;y:b;yo:184px,144px,170px,75px;\"\n\t\t\t\t\t\t\t\tdata-text=\"w:normal;s:17,15,14,15;l:20,18,15,23;ls:1,0,0,0;a:center;\"\n\t\t\t\t\t\t\t\tdata-dim=\"w:300px,277px,258px,242px;h:42px,39px,36px,44px;minh:0px,none,none,none;\"\n\t\t\t\t\t\t\t\tdata-rsp_o=\"off\"\n\t\t\t\t\t\t\t\tdata-rsp_bd=\"off\"\n\t\t\t\t\t\t\t\tdata-onslides=\"s:1;\"\n\t\t\t\t\t\t\t\tdata-padding=\"t:12,11,10,11;r:35,33,31,30;b:12,11,10,11;l:35,33,31,30;\"\n\t\t\t\t\t\t\t\tdata-border=\"bor:30px,30px,30px,30px;\"\n\t\t\t\t\t\t\t\tdata-frame_0=\"x:0,0px,0px,0px;y:0,0px,0px,0px;\"\n\t\t\t\t\t\t\t\tdata-frame_1=\"x:0,0px,0px,0px;y:0,0px,0px,0px;sp:410;\"\n\t\t\t\t\t\t\t\tdata-frame_999=\"o:0;st:w;sp:0;sR:4440;\"\n\t\t\t\t\t\t\t\tdata-frame_hover=\"c:#000;bgc:#fff;bor:30px,30px,30px,30px;sp:200;\"\n\t\t\t\t\t\t\t\tstyle=\"z-index:8;background-color:#d71920;font-family:'Roboto';text-transform:uppercase;\"\n\t\t\t\t\t\t\t>Pedir presupuesto <i class=\"fa-chevron-right\"><\/i> \n\t\t\t\t\t\t\t<\/a><!--\n\t\t\t\t\t--><\/rs-static-layers>\n\t\t\t\t<\/rs-module>\n\t\t\t\t<script>\n\t\t\t\t\tsetREVStartSize({c: 'rev_slider_20_1',rl:[1240,1024,778,480],el:[900,768,960,720],gw:[1400,1100,600,300],gh:[900,768,960,720],type:'standard',justify:'',layout:'fullscreen',offsetContainer:'',offset:'',mh:\"0\"});if (window.RS_MODULES!==undefined && window.RS_MODULES.modules!==undefined && window.RS_MODULES.modules[\"revslider201\"]!==undefined) {window.RS_MODULES.modules[\"revslider201\"].once = false;window.revapi20 = undefined;if (window.RS_MODULES.checkMinimal!==undefined) window.RS_MODULES.checkMinimal()}\n\t\t\t\t<\/script>\n\t\t\t<\/rs-module-wrap>\n\t\t\t<!-- END REVOLUTION SLIDER -->\n<\/div>\n\n\t\t\t\t\t\t<\/div>\n\t\t\t\t<\/div>\n\t\t\t\t\t<\/div>\n\t\t<\/div>\n\t\t\t\t\t<\/div>\n\t\t<\/section>\n\t\t\t\t<section class=\"elementor-section elementor-top-section elementor-element elementor-element-08be16a elementor-section-full_width elementor-section-height-default elementor-section-height-default qodef-elementor-content-no\" data-id=\"08be16a\" data-element_type=\"section\" data-e-type=\"section\">\n\t\t\t\t\t\t<div class=\"elementor-container elementor-column-gap-no\">\n\t\t\t\t\t<div class=\"elementor-column elementor-col-100 elementor-top-column elementor-element elementor-element-5683368\" data-id=\"5683368\" data-element_type=\"column\" data-e-type=\"column\">\n\t\t\t<div class=\"elementor-widget-wrap elementor-element-populated\">\n\t\t\t\t\t\t<div class=\"elementor-element elementor-element-ce270d2 elementor-widget elementor-widget-globefarer_core_section_title\" data-id=\"ce270d2\" data-element_type=\"widget\" data-e-type=\"widget\" data-widget_type=\"globefarer_core_section_title.default\">\n\t\t\t\t<div class=\"elementor-widget-container\">\n\t\t\t\t\t<div class=\"qodef-shortcode qodef-m  qodef-section-title qodef-alignment--left   qodef-appear-animation--no\">\n\t\t\t<h2 class=\"qodef-m-title\" >\n\t\t\t\t\tOfrecemos servicios de transporte a\u00e9reo que se adaptan a sus necesidades.\t\t\t<\/h2>\n\t\t<\/div>\n\t\t\t\t<\/div>\n\t\t\t\t<\/div>\n\t\t\t\t<div class=\"elementor-element elementor-element-5d8a34f elementor-widget elementor-widget-text-editor\" data-id=\"5d8a34f\" data-element_type=\"widget\" data-e-type=\"widget\" data-widget_type=\"text-editor.default\">\n\t\t\t\t<div class=\"elementor-widget-container\">\n\t\t\t\t\t\t\t\t\t<p>El transporte a\u00e9reo es el env\u00edo de mercanc\u00edas a trav\u00e9s de una compa\u00f1\u00eda a\u00e9rea. Los servicios de transporte a\u00e9reo son la mejor opci\u00f3n cuando se trata de trasladar env\u00edos urgentes por todo el mundo. El transporte a\u00e9reo de mercanc\u00edas utiliza las mismas rutas que las compa\u00f1\u00edas a\u00e9reas comerciales o de pasajeros.<\/p><p>Durante muchos a\u00f1os, nuestra empresa ha utilizado el transporte a\u00e9reo para realizar env\u00edos por todo el mundo y somos capaces de ofrecer servicios de alta calidad gracias a la moderna tecnolog\u00eda que nos permite optimizar el tiempo empleado en la entrega, garantizando una respuesta m\u00e1s r\u00e1pida a las solicitudes de los clientes.<\/p><p>Nuestros especialistas en log\u00edstica utilizan sistemas tecnol\u00f3gicos que procesan sus pedidos a cualquier hora del d\u00eda. Estamos preparados para ofrecerle los servicios m\u00e1s adecuados en los pa\u00edses europeos, americanos y asi\u00e1ticos, analizando las peticiones y necesidades del cargador antes del env\u00edo y teniendo en cuenta las caracter\u00edsticas de los productos.<\/p>\t\t\t\t\t\t\t\t<\/div>\n\t\t\t\t<\/div>\n\t\t\t\t\t<\/div>\n\t\t<\/div>\n\t\t\t\t\t<\/div>\n\t\t<\/section>\n\t\t\t\t<section class=\"elementor-section elementor-top-section elementor-element elementor-element-945dedf elementor-section-full_width qodef-elementor-content-grid elementor-section-height-default elementor-section-height-default\" data-id=\"945dedf\" data-element_type=\"section\" data-e-type=\"section\">\n\t\t\t\t\t\t<div class=\"elementor-container elementor-column-gap-no\">\n\t\t\t\t\t<div class=\"elementor-column elementor-col-100 elementor-top-column elementor-element elementor-element-6e410f0\" data-id=\"6e410f0\" data-element_type=\"column\" data-e-type=\"column\">\n\t\t\t<div class=\"elementor-widget-wrap elementor-element-populated\">\n\t\t\t\t\t\t<div class=\"elementor-element elementor-element-166e35d elementor-widget elementor-widget-globefarer_core_tabbed_info\" data-id=\"166e35d\" data-element_type=\"widget\" data-e-type=\"widget\" data-widget_type=\"globefarer_core_tabbed_info.default\">\n\t\t\t\t<div class=\"elementor-widget-container\">\n\t\t\t\t\t<div class=\"qodef-shortcode qodef-m  qodef-tabbed-info qodef-layout--standard\">\n\t\t\t<ul class=\"qodef-m-navigation\">\n\t\t\t\t\t\t\t\t\t\t\t<li>\n\t<a href=\"qodef-tab--93b2e5e\">\n\t\t\tFletamento\t<\/a>\n<\/li>\n\t\t\t\t\t\t\t\t\t\t\t<li>\n\t<a href=\"qodef-tab--08887a2\">\n\t\t\tConsolidaci\u00f3n\t<\/a>\n<\/li>\n\t\t\t\t\t\t\t\t\t\t\t<li>\n\t<a href=\"qodef-tab--88e6bad\">\n\t\t\tTransporte Frigor\u00edfico \t<\/a>\n<\/li>\n\t\t\t\t\t<\/ul>\n\t\t\t\t\t\t\t\t<div class=\"qodef-m-content\" id=\"qodef-tab--93b2e5e\">\n\t<div class=\"qodef-m-content-left\">\n\t\t\t<div class=\"qodef-m-image\">\n\t\t<img decoding=\"async\" width=\"612\" height=\"408\" src=\"https:\/\/orbislog.com\/wp-content\/uploads\/2022\/12\/Frigo-Cargo_istockphoto-141247128-612x612-1.jpg\" class=\"attachment-full size-full\" alt=\"fish-freeze-transporte-a\u00e9reo\" srcset=\"https:\/\/orbislog.com\/wp-content\/uploads\/2022\/12\/Frigo-Cargo_istockphoto-141247128-612x612-1.jpg 612w, https:\/\/orbislog.com\/wp-content\/uploads\/2022\/12\/Frigo-Cargo_istockphoto-141247128-612x612-1-300x200.jpg 300w\" sizes=\"(max-width: 612px) 100vw, 612px\" \/>\t<\/div>\n\t<\/div>\n\t<div class=\"qodef-m-content-right\">\n\t\t\t<h2 class=\"qodef-m-title\">\n\t\tPuede utilizar el avi\u00f3n entero para su mercanc\u00eda\t<\/h2>\n\t<p class=\"qodef-m-text\">\n\t\tLos servicios de fletamento total y compartido consisten en organizar aeronaves que transportan exclusivamente grandes vol\u00famenes de mercanc\u00edas o cargas sobredimensionadas. Esta opci\u00f3n ofrece al expedidor un cierto grado de flexibilidad con respecto a las horas de salida y garantiza un transporte de carga a\u00e9rea r\u00e1pido y seguro. Un servicio ch\u00e1rter completo pone a su disposici\u00f3n un avi\u00f3n entero para sus mercanc\u00edas. Si se elige esta opci\u00f3n, los horarios de salida ser\u00e1n m\u00e1s flexibles, ya que el espacio no se comparte con nadie. Los clientes pueden utilizar el servicio compartido para completar la capacidad de carga del avi\u00f3n, lo que resulta \u00fatil cuando sus mercanc\u00edas no tienen un volumen suficiente para llenarlo del todo.\t<\/p>\n\t<a class=\"qodef-shortcode qodef-m qodef-m-button qodef-button qodef-layout--textual  qodef-html--link\" href=\"https:\/\/orbislog.com\/es\/contactenos\" target=\"_self\"  >\t\t\t<span class=\"qodef-m-button-icon\"><svg class=\"qodef-svg--plus\" xmlns=\"http:\/\/www.w3.org\/2000\/svg\" xmlns:xlink=\"http:\/\/www.w3.org\/1999\/xlink\" width=\"14\" height=\"14\" viewBox=\"0 0 14 14\"><path class=\"qodef-m-horizontal\" d=\"M0,0H14V2H0Z\" transform=\"translate(0 6)\" \/><path class=\"qodef-m-vertical\" d=\"M0,0H2V14H0Z\" transform=\"translate(6)\" \/><\/svg><\/span>\t\t\t\t<span class=\"qodef-m-button-text\">M\u00e1s informaci\u00f3n<br \/> sobre nuestros servicios<\/span>\t<\/a>\t<\/div>\n<\/div>\n\t\t\t\t\t\t\t\t<div class=\"qodef-m-content\" id=\"qodef-tab--08887a2\">\n\t<div class=\"qodef-m-content-left\">\n\t\t\t<div class=\"qodef-m-image\">\n\t\t<img loading=\"lazy\" decoding=\"async\" width=\"2560\" height=\"1714\" src=\"https:\/\/orbislog.com\/wp-content\/uploads\/2022\/12\/Consolidation_air-freight-17666-scaled.jpg\" class=\"attachment-full size-full\" alt=\"logistics-services-cheap\" srcset=\"https:\/\/orbislog.com\/wp-content\/uploads\/2022\/12\/Consolidation_air-freight-17666-scaled.jpg 2560w, https:\/\/orbislog.com\/wp-content\/uploads\/2022\/12\/Consolidation_air-freight-17666-300x201.jpg 300w, https:\/\/orbislog.com\/wp-content\/uploads\/2022\/12\/Consolidation_air-freight-17666-1024x685.jpg 1024w, https:\/\/orbislog.com\/wp-content\/uploads\/2022\/12\/Consolidation_air-freight-17666-768x514.jpg 768w, https:\/\/orbislog.com\/wp-content\/uploads\/2022\/12\/Consolidation_air-freight-17666-1536x1028.jpg 1536w, https:\/\/orbislog.com\/wp-content\/uploads\/2022\/12\/Consolidation_air-freight-17666-2048x1371.jpg 2048w\" sizes=\"(max-width: 2560px) 100vw, 2560px\" \/>\t<\/div>\n\t<\/div>\n\t<div class=\"qodef-m-content-right\">\n\t\t\t<h2 class=\"qodef-m-title\">\n\t\tEnv\u00edos m\u00faltiples de distintos clientes en un solo flete\t<\/h2>\n\t<p class=\"qodef-m-text\">\n\t\tLa consolidaci\u00f3n de carga es una estrategia log\u00edstica por la que un transportista combina varios env\u00edos de distintos clientes del mismo pa\u00eds en un \u00fanico contenedor, con el fin de ofrecer tarifas de transporte m\u00e1s convenientes. Para ello, las mercanc\u00edas se \u00abconsolidan\u00bb dentro de un almac\u00e9n en distintas fases: recepci\u00f3n, almacenaje, preparaci\u00f3n de pedidos y env\u00edo de mercanc\u00edas.\nTo do this, the goods are \u201cconsolidated\u201d within a warehouse at different stages: receipt, storage, preparation of orders and shipment of goods.\t<\/p>\n\t<a class=\"qodef-shortcode qodef-m qodef-m-button qodef-button qodef-layout--textual  qodef-html--link\" href=\"https:\/\/orbislog.com\/es\/contactenos\" target=\"_self\"  >\t\t\t<span class=\"qodef-m-button-icon\"><svg class=\"qodef-svg--plus\" xmlns=\"http:\/\/www.w3.org\/2000\/svg\" xmlns:xlink=\"http:\/\/www.w3.org\/1999\/xlink\" width=\"14\" height=\"14\" viewBox=\"0 0 14 14\"><path class=\"qodef-m-horizontal\" d=\"M0,0H14V2H0Z\" transform=\"translate(0 6)\" \/><path class=\"qodef-m-vertical\" d=\"M0,0H2V14H0Z\" transform=\"translate(6)\" \/><\/svg><\/span>\t\t\t\t<span class=\"qodef-m-button-text\">M\u00e1s informaci\u00f3n<br \/> sobre nuestros servicios<\/span>\t<\/a>\t<\/div>\n<\/div>\n\t\t\t\t\t\t\t\t<div class=\"qodef-m-content\" id=\"qodef-tab--88e6bad\">\n\t<div class=\"qodef-m-content-left\">\n\t\t\t<div class=\"qodef-m-image\">\n\t\t<img loading=\"lazy\" decoding=\"async\" width=\"612\" height=\"408\" src=\"https:\/\/orbislog.com\/wp-content\/uploads\/2022\/12\/Frigo-Cargo_istockphoto-141247128-612x612-1.jpg\" class=\"attachment-full size-full\" alt=\"fish-freeze\" srcset=\"https:\/\/orbislog.com\/wp-content\/uploads\/2022\/12\/Frigo-Cargo_istockphoto-141247128-612x612-1.jpg 612w, https:\/\/orbislog.com\/wp-content\/uploads\/2022\/12\/Frigo-Cargo_istockphoto-141247128-612x612-1-300x200.jpg 300w\" sizes=\"(max-width: 612px) 100vw, 612px\" \/>\t<\/div>\n\t<\/div>\n\t<div class=\"qodef-m-content-right\">\n\t\t\t<h2 class=\"qodef-m-title\">\n\t\tTransporte refrigerado para sus productos perecederos\t<\/h2>\n\t<p class=\"qodef-m-text\">\n\t\tEl transporte frigor\u00edfico, tambi\u00e9n conocido como refrigerado, es el transporte de mercanc\u00edas perecederas. Las mercanc\u00edas se cargan en un veh\u00edculo de temperatura controlada, con el objetivo de mantenerlas fr\u00edas durante todo el transporte.\t<\/p>\n\t<a class=\"qodef-shortcode qodef-m qodef-m-button qodef-button qodef-layout--textual  qodef-html--link\" href=\"https:\/\/orbislog.com\/es\/contactenos\" target=\"_self\"  >\t\t\t<span class=\"qodef-m-button-icon\"><svg class=\"qodef-svg--plus\" xmlns=\"http:\/\/www.w3.org\/2000\/svg\" xmlns:xlink=\"http:\/\/www.w3.org\/1999\/xlink\" width=\"14\" height=\"14\" viewBox=\"0 0 14 14\"><path class=\"qodef-m-horizontal\" d=\"M0,0H14V2H0Z\" transform=\"translate(0 6)\" \/><path class=\"qodef-m-vertical\" d=\"M0,0H2V14H0Z\" transform=\"translate(6)\" \/><\/svg><\/span>\t\t\t\t<span class=\"qodef-m-button-text\">M\u00e1s informaci\u00f3n<br \/> sobre nuestros servicios<\/span>\t<\/a>\t<\/div>\n<\/div>\n\t\t\t<\/div>\n\t\t\t\t<\/div>\n\t\t\t\t<\/div>\n\t\t\t\t\t<\/div>\n\t\t<\/div>\n\t\t\t\t\t<\/div>\n\t\t<\/section>\n\t\t\t\t<section class=\"elementor-section elementor-top-section elementor-element elementor-element-ad689ca elementor-section-boxed elementor-section-height-default elementor-section-height-default qodef-elementor-content-no\" data-id=\"ad689ca\" data-element_type=\"section\" data-e-type=\"section\">\n\t\t\t\t\t\t<div class=\"elementor-container elementor-column-gap-default\">\n\t\t\t\t\t<div class=\"elementor-column elementor-col-100 elementor-top-column elementor-element elementor-element-77c1212\" data-id=\"77c1212\" data-element_type=\"column\" data-e-type=\"column\">\n\t\t\t<div class=\"elementor-widget-wrap elementor-element-populated\">\n\t\t\t\t\t\t<div class=\"elementor-element elementor-element-a2d72f4 elementor-widget elementor-widget-spacer\" data-id=\"a2d72f4\" data-element_type=\"widget\" data-e-type=\"widget\" data-widget_type=\"spacer.default\">\n\t\t\t\t<div class=\"elementor-widget-container\">\n\t\t\t\t\t\t\t<div class=\"elementor-spacer\">\n\t\t\t<div class=\"elementor-spacer-inner\"><\/div>\n\t\t<\/div>\n\t\t\t\t\t\t<\/div>\n\t\t\t\t<\/div>\n\t\t\t\t<div class=\"elementor-element elementor-element-9a747cb elementor-widget elementor-widget-spacer\" data-id=\"9a747cb\" data-element_type=\"widget\" data-e-type=\"widget\" data-widget_type=\"spacer.default\">\n\t\t\t\t<div class=\"elementor-widget-container\">\n\t\t\t\t\t\t\t<div class=\"elementor-spacer\">\n\t\t\t<div class=\"elementor-spacer-inner\"><\/div>\n\t\t<\/div>\n\t\t\t\t\t\t<\/div>\n\t\t\t\t<\/div>\n\t\t\t\t\t<\/div>\n\t\t<\/div>\n\t\t\t\t\t<\/div>\n\t\t<\/section>\n\t\t\t\t<section class=\"elementor-section elementor-top-section elementor-element elementor-element-7c3fe4a elementor-section-boxed elementor-section-height-default elementor-section-height-default qodef-elementor-content-no\" data-id=\"7c3fe4a\" data-element_type=\"section\" data-e-type=\"section\">\n\t\t\t\t\t\t<div class=\"elementor-container elementor-column-gap-default\">\n\t\t\t\t\t<div class=\"elementor-column elementor-col-100 elementor-top-column elementor-element elementor-element-5473c49\" data-id=\"5473c49\" data-element_type=\"column\" data-e-type=\"column\">\n\t\t\t<div class=\"elementor-widget-wrap elementor-element-populated\">\n\t\t\t\t\t\t<div class=\"elementor-element elementor-element-dba10bb elementor-widget elementor-widget-text-editor\" data-id=\"dba10bb\" data-element_type=\"widget\" data-e-type=\"widget\" data-widget_type=\"text-editor.default\">\n\t\t\t\t<div class=\"elementor-widget-container\">\n\t\t\t\t\t\t\t\t\t<p>Para obtener informaci\u00f3n detallada, puede contactarnos en\u00a0<a href=\"https:\/\/www.linkedin.com\/company\/orbis-logistics-solutions\/\" target=\"_blank\" rel=\"noopener\">LinkedIn\u00a0<\/a>o en nuestra p\u00e1gina de\u00a0<a href=\"https:\/\/orbislog.com\/es\/get-in-touch\" target=\"_blank\" rel=\"noopener\">contacto<\/a>.<\/p><p>\u00a0<\/p>\t\t\t\t\t\t\t\t<\/div>\n\t\t\t\t<\/div>\n\t\t\t\t\t<\/div>\n\t\t<\/div>\n\t\t\t\t\t<\/div>\n\t\t<\/section>\n\t\t\t\t<\/div>\n\t\t","protected":false},"excerpt":{"rendered":"<p>Ofrecemos servicios de transporte a\u00e9reo que se adaptan a sus necesidades. El transporte a\u00e9reo es el env\u00edo de mercanc\u00edas a trav\u00e9s de una compa\u00f1\u00eda a\u00e9rea. Los servicios de transporte a\u00e9reo son la mejor opci\u00f3n cuando se trata de trasladar env\u00edos urgentes por todo el mundo. El transporte a\u00e9reo de mercanc\u00edas utiliza las mismas rutas que [&hellip;]<\/p>\n","protected":false},"author":1,"featured_media":0,"parent":0,"menu_order":0,"comment_status":"closed","ping_status":"closed","template":"page-full-width.php","meta":{"footnotes":""},"class_list":["post-10380","page","type-page","status-publish","hentry"],"_links":{"self":[{"href":"https:\/\/orbislog.com\/es\/wp-json\/wp\/v2\/pages\/10380","targetHints":{"allow":["GET"]}}],"collection":[{"href":"https:\/\/orbislog.com\/es\/wp-json\/wp\/v2\/pages"}],"about":[{"href":"https:\/\/orbislog.com\/es\/wp-json\/wp\/v2\/types\/page"}],"author":[{"embeddable":true,"href":"https:\/\/orbislog.com\/es\/wp-json\/wp\/v2\/users\/1"}],"replies":[{"embeddable":true,"href":"https:\/\/orbislog.com\/es\/wp-json\/wp\/v2\/comments?post=10380"}],"version-history":[{"count":4,"href":"https:\/\/orbislog.com\/es\/wp-json\/wp\/v2\/pages\/10380\/revisions"}],"predecessor-version":[{"id":11081,"href":"https:\/\/orbislog.com\/es\/wp-json\/wp\/v2\/pages\/10380\/revisions\/11081"}],"wp:attachment":[{"href":"https:\/\/orbislog.com\/es\/wp-json\/wp\/v2\/media?parent=10380"}],"curies":[{"name":"wp","href":"https:\/\/api.w.org\/{rel}","templated":true}]}}