{"id":10369,"date":"2021-08-06T14:15:13","date_gmt":"2021-08-06T11:15:13","guid":{"rendered":"https:\/\/orbislog.com\/about-us"},"modified":"2023-03-21T12:07:53","modified_gmt":"2023-03-21T09:07:53","slug":"sobre-nosotros","status":"publish","type":"page","link":"https:\/\/orbislog.com\/es\/sobre-nosotros","title":{"rendered":"Sobre Nosotros"},"content":{"rendered":"\t\t<div data-elementor-type=\"wp-page\" data-elementor-id=\"10369\" class=\"elementor elementor-10369 elementor-2602\">\n\t\t\t\t\t\t<section class=\"elementor-section elementor-top-section elementor-element elementor-element-a08fa98 elementor-section-full_width elementor-section-height-default elementor-section-height-default qodef-elementor-content-no\" data-id=\"a08fa98\" data-element_type=\"section\" data-e-type=\"section\">\n\t\t\t\t\t\t<div class=\"elementor-container elementor-column-gap-no\">\n\t\t\t\t\t<div class=\"elementor-column elementor-col-100 elementor-top-column elementor-element elementor-element-b29518e\" data-id=\"b29518e\" data-element_type=\"column\" data-e-type=\"column\">\n\t\t\t<div class=\"elementor-widget-wrap elementor-element-populated\">\n\t\t\t\t\t\t<div class=\"elementor-element elementor-element-397d9ef elementor-widget elementor-widget-text-editor\" data-id=\"397d9ef\" data-element_type=\"widget\" data-e-type=\"widget\" data-widget_type=\"text-editor.default\">\n\t\t\t\t<div class=\"elementor-widget-container\">\n\t\t\t\t\t\t\t\t\t<p>Nuestra empresa, fundada en 2017, dispone de un equipo experto, joven y din\u00e1mico y ofrece servicios de transporte y almacenaje de contenedores desde Turqu\u00eda a todos los puertos. En 2022, Orbis Logistics abri\u00f3 una nueva oficina en el Reino Unido. Nuestro personal, especializado y profesional, est\u00e1 preparado para ayudarle en todos los aspectos relacionados con la importaci\u00f3n y exportaci\u00f3n. A medida que su empresa crece, le guiaremos a lo largo de todo el proceso, para que pueda tomar las decisiones correctas en materia de log\u00edstica.<\/p><p class=\"MsoNormal\"><span lang=\"ES\">Ofrecemos una gama completa de servicios de alta calidad en los \u00e1mbitos del transporte internacional, el env\u00edo de mercanc\u00edas y la log\u00edstica. Gracias a nuestros servicios de valor a\u00f1adido y nuestra experiencia, ofrecemos soluciones a medida que satisfacen los requisitos espec\u00edficos de sus mercanc\u00edas o env\u00edos. Supervisamos constantemente la calidad de nuestros servicios, para que usted pueda confiar en nosotros como su socio ideal durante todo el proceso de preparaci\u00f3n de un env\u00edo internacional.<\/span><\/p>\t\t\t\t\t\t\t\t<\/div>\n\t\t\t\t<\/div>\n\t\t\t\t\t<\/div>\n\t\t<\/div>\n\t\t\t\t\t<\/div>\n\t\t<\/section>\n\t\t\t\t<section class=\"elementor-section elementor-top-section elementor-element elementor-element-94e4a01 elementor-section-full_width elementor-section-height-min-height elementor-section-content-middle qodef-elementor-content-grid elementor-section-height-default elementor-section-items-middle\" data-id=\"94e4a01\" data-element_type=\"section\" data-e-type=\"section\" data-settings=\"{&quot;background_background&quot;:&quot;classic&quot;}\">\n\t\t\t\t\t\t<div class=\"elementor-container elementor-column-gap-no\">\n\t\t\t\t\t<div class=\"elementor-column elementor-col-100 elementor-top-column elementor-element elementor-element-8d3e40f\" data-id=\"8d3e40f\" data-element_type=\"column\" data-e-type=\"column\">\n\t\t\t<div class=\"elementor-widget-wrap elementor-element-populated\">\n\t\t\t\t\t\t<div class=\"elementor-element elementor-element-3956164 elementor-widget__width-initial elementor-widget-tablet__width-initial elementor-widget-mobile__width-inherit elementor-widget elementor-widget-globefarer_core_testimonials_list\" data-id=\"3956164\" data-element_type=\"widget\" data-e-type=\"widget\" data-widget_type=\"globefarer_core_testimonials_list.default\">\n\t\t\t\t<div class=\"elementor-widget-container\">\n\t\t\t\t\t<div class=\"qodef-shortcode qodef-m  qodef-testimonials-list qodef-skin--light qodef-grid qodef-swiper-container  qodef-gutter--normal qodef-col-num--1 qodef-item-layout--info-below qodef-responsive--predefined\" data-options=\"{&quot;slidesPerView&quot;:&quot;1&quot;,&quot;spaceBetween&quot;:30,&quot;loop&quot;:false,&quot;autoplay&quot;:false,&quot;speed&quot;:&quot;&quot;,&quot;speedAnimation&quot;:&quot;&quot;,&quot;slideAnimation&quot;:&quot;&quot;,&quot;outsideNavigation&quot;:&quot;yes&quot;,&quot;unique&quot;:427}\">\n\t<div class=\"qodef-m-icon\" style=\"color: #FFFFFF\">\n\t<svg class=\"qodef-svg--quote\" xmlns=\"http:\/\/www.w3.org\/2000\/svg\" width=\"75.172\" height=\"62.462\" viewBox=\"0 0 75.172 62.462\"><g transform=\"translate(-762.938 -1079.129)\"><g transform=\"translate(763.438 1079.634)\"><g><path d=\"M808.7,1141.091H837.61v-27.657H824.424a1.159,1.159,0,0,1-1.149-1.17v-2.83c0-10.565,3.98-16.034,11.832-16.261v-13.538c-10.007.106-17.7,3.274-22.865,9.421-5.278,6.275-7.954,14.69-7.954,25.01A89.185,89.185,0,0,0,808.7,1141.091Zm-40.631,0h28.921v-27.657H783.574a1.159,1.159,0,0,1-1.15-1.17v-2.83c0-10.57,4.056-16.039,12.06-16.262v-13.537c-10.01.105-17.739,3.275-22.984,9.424-5.351,6.277-8.063,14.691-8.063,25.008A84.046,84.046,0,0,0,768.065,1141.091Z\" transform=\"translate(-763.438 -1079.634)\" \/><\/g><\/g><\/g><\/svg><\/div>\n\n\t<div class=\"swiper-wrapper\">\n\t\t<div class=\"qodef-e swiper-slide \">\n\t<div class=\"qodef-e-inner\">\n\t\t\t<h2 itemprop=\"description\" class=\"qodef-e-text\">Tenemos la capacidad de transportar y entregar a destino sus mercanc\u00edas gracias a nuestra red mundial de agentes, socios y afiliados.<\/h2>\n\t\t<div class=\"qodef-e-content\">\n\t\t\t\t\t\t\t\t<\/div>\n\t<\/div>\n<\/div>\n\t<\/div>\n\t<\/div>\n\t\t\t\t<\/div>\n\t\t\t\t<\/div>\n\t\t\t\t\t<\/div>\n\t\t<\/div>\n\t\t\t\t\t<\/div>\n\t\t<\/section>\n\t\t\t\t<section class=\"elementor-section elementor-top-section elementor-element elementor-element-a70f5ba qodef-elementor-content-grid qodef-custom-cursor-section elementor-section-boxed elementor-section-height-default elementor-section-height-default\" data-id=\"a70f5ba\" data-element_type=\"section\" data-e-type=\"section\" data-settings=\"{&quot;background_background&quot;:&quot;classic&quot;}\">\n\t\t\t\t\t\t<div class=\"elementor-container elementor-column-gap-no\">\n\t\t\t\t\t<div class=\"elementor-column elementor-col-33 elementor-top-column elementor-element elementor-element-0b0f330\" data-id=\"0b0f330\" data-element_type=\"column\" data-e-type=\"column\">\n\t\t\t<div class=\"elementor-widget-wrap elementor-element-populated\">\n\t\t\t\t\t\t<div class=\"elementor-element elementor-element-4bfd6f2 elementor-widget elementor-widget-globefarer_core_counter\" data-id=\"4bfd6f2\" data-element_type=\"widget\" data-e-type=\"widget\" data-widget_type=\"globefarer_core_counter.default\">\n\t\t\t\t<div class=\"elementor-widget-container\">\n\t\t\t\t\t<div class=\"qodef-shortcode qodef-m  qodef-counter qodef-layout--simple\" data-start-digit=\"3\" data-end-digit=\"2017\" data-step-digit=\"100\" data-step-delay=\"60\" style=\"border-left: 1px solid;border-color: #1B1B1B;padding-left: 40px\">\n\t<div class=\"qodef-m-content\">\n\t\t\t<h6 class=\"qodef-m-title\" style=\"color: #FFFFFF\">\n\t\t\t\t\tDesde\t\t\t<\/h6>\n\t\t\t<\/div>\n\t<div class=\"qodef-m-digit-wrapper\">\n\t\t<span class=\"qodef-m-digit\" style=\"color: #FFFFFF\"><\/span>\n\t<\/div>\n<\/div>\n\t\t\t\t<\/div>\n\t\t\t\t<\/div>\n\t\t\t\t\t<\/div>\n\t\t<\/div>\n\t\t\t\t<div class=\"elementor-column elementor-col-33 elementor-top-column elementor-element elementor-element-dc3d413\" data-id=\"dc3d413\" data-element_type=\"column\" data-e-type=\"column\">\n\t\t\t<div class=\"elementor-widget-wrap elementor-element-populated\">\n\t\t\t\t\t\t<div class=\"elementor-element elementor-element-cd442eb elementor-widget elementor-widget-globefarer_core_counter\" data-id=\"cd442eb\" data-element_type=\"widget\" data-e-type=\"widget\" data-widget_type=\"globefarer_core_counter.default\">\n\t\t\t\t<div class=\"elementor-widget-container\">\n\t\t\t\t\t<div class=\"qodef-shortcode qodef-m  qodef-counter qodef-layout--simple\" data-end-digit=\"4\" data-step-digit=\"1670\" data-step-delay=\"670\" style=\"border-left: 1px solid;border-color: #1B1B1B;padding-left: 40px\">\n\t<div class=\"qodef-m-content\">\n\t\t\t<h6 class=\"qodef-m-title\" style=\"color: #FFFFFF\">\n\t\t\t\t\tOficinas en todo el mundo\t\t\t<\/h6>\n\t\t\t<\/div>\n\t<div class=\"qodef-m-digit-wrapper\">\n\t\t<span class=\"qodef-m-digit\" style=\"color: #FFFFFF\"><\/span>\n\t<\/div>\n<\/div>\n\t\t\t\t<\/div>\n\t\t\t\t<\/div>\n\t\t\t\t\t<\/div>\n\t\t<\/div>\n\t\t\t\t<div class=\"elementor-column elementor-col-33 elementor-top-column elementor-element elementor-element-1349140\" data-id=\"1349140\" data-element_type=\"column\" data-e-type=\"column\">\n\t\t\t<div class=\"elementor-widget-wrap elementor-element-populated\">\n\t\t\t\t\t\t<div class=\"elementor-element elementor-element-180d238 elementor-widget elementor-widget-globefarer_core_counter\" data-id=\"180d238\" data-element_type=\"widget\" data-e-type=\"widget\" data-widget_type=\"globefarer_core_counter.default\">\n\t\t\t\t<div class=\"elementor-widget-container\">\n\t\t\t\t\t<div class=\"qodef-shortcode qodef-m  qodef-counter qodef-layout--simple\" data-start-digit=\"3\" data-end-digit=\"+6000\" data-step-digit=\"90\" data-step-delay=\"60\" style=\"border-left: 1px solid;border-color: #1B1B1B;padding-left: 40px\">\n\t<div class=\"qodef-m-content\">\n\t\t\t<h6 class=\"qodef-m-title\" style=\"color: #FFFFFF\">\n\t\t\t\t\tN\u00famero de TEU\t\t\t<\/h6>\n\t\t\t<\/div>\n\t<div class=\"qodef-m-digit-wrapper\">\n\t\t<span class=\"qodef-m-digit\" style=\"color: #FFFFFF\"><\/span>\n\t<\/div>\n<\/div>\n\t\t\t\t<\/div>\n\t\t\t\t<\/div>\n\t\t\t\t\t<\/div>\n\t\t<\/div>\n\t\t\t\t\t<\/div>\n\t\t<\/section>\n\t\t\t\t<section class=\"elementor-section elementor-top-section elementor-element elementor-element-6126ec6 elementor-section-full_width qodef-elementor-content-grid elementor-section-height-default elementor-section-height-default\" data-id=\"6126ec6\" data-element_type=\"section\" data-e-type=\"section\" data-settings=\"{&quot;background_background&quot;:&quot;classic&quot;}\">\n\t\t\t\t\t\t<div class=\"elementor-container elementor-column-gap-no\">\n\t\t\t\t\t<div class=\"elementor-column elementor-col-100 elementor-top-column elementor-element elementor-element-111948d\" data-id=\"111948d\" data-element_type=\"column\" data-e-type=\"column\">\n\t\t\t<div class=\"elementor-widget-wrap elementor-element-populated\">\n\t\t\t\t\t\t<div class=\"elementor-element elementor-element-d1b2694 elementor-widget elementor-widget-globefarer_core_divided_image_info\" data-id=\"d1b2694\" data-element_type=\"widget\" data-e-type=\"widget\" data-widget_type=\"globefarer_core_divided_image_info.default\">\n\t\t\t\t<div class=\"elementor-widget-container\">\n\t\t\t\t\t<div class=\"qodef-shortcode qodef-m  qodef-divided-image-info qodef-layout--image-right qodef-separator--on qodef-vertically-centered--on qodef-breakpoint--1024 qodef-appear-animation--no \">\n\t<div class=\"qodef-m-content\" style=\"margin-top: 0px;padding-left: 0px;padding-right: 4%\">\n\t\t\t<h2 itemprop=\"name\" class=\"qodef-m-title\" style=\"margin-bottom: 29px\">\n\tCubrimos todas sus necesidades, desde el principio hasta el final\t<\/h2>\n\t<p class=\"qodef-m-text\" >\n\t\tA trav\u00e9s de un asesoramiento independiente e identificando la mejor opci\u00f3n para usted. Los servicios se contratan\t<\/p>\n\t<a class=\"qodef-shortcode qodef-m qodef-m-button qodef-button qodef-layout--textual  qodef-html--link\" href=\"https:\/\/orbislog.com\/es\/contactenos\" target=\"_self\"  >\t\t\t<span class=\"qodef-m-button-icon\"><svg class=\"qodef-svg--plus\" xmlns=\"http:\/\/www.w3.org\/2000\/svg\" xmlns:xlink=\"http:\/\/www.w3.org\/1999\/xlink\" width=\"14\" height=\"14\" viewBox=\"0 0 14 14\"><path class=\"qodef-m-horizontal\" d=\"M0,0H14V2H0Z\" transform=\"translate(0 6)\" \/><path class=\"qodef-m-vertical\" d=\"M0,0H2V14H0Z\" transform=\"translate(6)\" \/><\/svg><\/span>\t\t\t\t<span class=\"qodef-m-button-text\">M\u00e1s informaci\u00f3n<br \/> sobre nuestros servicios.<\/span>\t<\/a><\/div>\n\t<div class=\"qodef-m-image\" style=\"width: 63%;padding-left: 5.8%;padding-right: 0px\">\n\t\t<img decoding=\"async\" src=\"https:\/\/orbislog.com\/wp-content\/uploads\/2022\/11\/oject-600-x-440-piksel-600-x-320-piksel.png\" class=\"attachment-full size-full\" alt=\"sea-freight\" \/>\t<\/div>\n<\/div>\n\t\t\t\t<\/div>\n\t\t\t\t<\/div>\n\t\t\t\t\t<\/div>\n\t\t<\/div>\n\t\t\t\t\t<\/div>\n\t\t<\/section>\n\t\t\t\t<section class=\"elementor-section elementor-top-section elementor-element elementor-element-8dfbf02 elementor-section-boxed elementor-section-height-default elementor-section-height-default qodef-elementor-content-no\" data-id=\"8dfbf02\" data-element_type=\"section\" data-e-type=\"section\">\n\t\t\t\t\t\t<div class=\"elementor-container elementor-column-gap-default\">\n\t\t\t\t\t<div class=\"elementor-column elementor-col-100 elementor-top-column elementor-element elementor-element-c9ba654\" data-id=\"c9ba654\" data-element_type=\"column\" data-e-type=\"column\">\n\t\t\t<div class=\"elementor-widget-wrap elementor-element-populated\">\n\t\t\t\t\t\t<div class=\"elementor-element elementor-element-8e9ae73 elementor-widget elementor-widget-heading\" data-id=\"8e9ae73\" data-element_type=\"widget\" data-e-type=\"widget\" data-widget_type=\"heading.default\">\n\t\t\t\t<div class=\"elementor-widget-container\">\n\t\t\t\t\t<h2 class=\"elementor-heading-title elementor-size-default\">Nuestros Socios<\/h2>\t\t\t\t<\/div>\n\t\t\t\t<\/div>\n\t\t\t\t\t<\/div>\n\t\t<\/div>\n\t\t\t\t\t<\/div>\n\t\t<\/section>\n\t\t\t\t<section class=\"elementor-section elementor-top-section elementor-element elementor-element-c049271 elementor-section-boxed elementor-section-height-default elementor-section-height-default qodef-elementor-content-no\" data-id=\"c049271\" data-element_type=\"section\" data-e-type=\"section\">\n\t\t\t\t\t\t<div class=\"elementor-container elementor-column-gap-wider\">\n\t\t\t\t\t<div class=\"elementor-column elementor-col-33 elementor-top-column elementor-element elementor-element-2009325\" data-id=\"2009325\" data-element_type=\"column\" data-e-type=\"column\">\n\t\t\t<div class=\"elementor-widget-wrap elementor-element-populated\">\n\t\t\t\t\t\t<div class=\"elementor-element elementor-element-2e3b441 elementor-widget elementor-widget-image\" data-id=\"2e3b441\" data-element_type=\"widget\" data-e-type=\"widget\" data-widget_type=\"image.default\">\n\t\t\t\t<div class=\"elementor-widget-container\">\n\t\t\t\t\t\t\t\t\t\t\t\t\t\t\t<img fetchpriority=\"high\" decoding=\"async\" width=\"500\" height=\"500\" src=\"https:\/\/orbislog.com\/wp-content\/uploads\/2022\/11\/Partner-03.png\" class=\"attachment-large size-large wp-image-8974\" alt=\"\" srcset=\"https:\/\/orbislog.com\/wp-content\/uploads\/2022\/11\/Partner-03.png 500w, https:\/\/orbislog.com\/wp-content\/uploads\/2022\/11\/Partner-03-300x300.png 300w, https:\/\/orbislog.com\/wp-content\/uploads\/2022\/11\/Partner-03-150x150.png 150w\" sizes=\"(max-width: 500px) 100vw, 500px\">\t\t\t\t\t\t\t\t\t\t\t\t\t\t\t<\/div>\n\t\t\t\t<\/div>\n\t\t\t\t\t<\/div>\n\t\t<\/div>\n\t\t\t\t<div class=\"elementor-column elementor-col-33 elementor-top-column elementor-element elementor-element-26db3e3\" data-id=\"26db3e3\" data-element_type=\"column\" data-e-type=\"column\">\n\t\t\t<div class=\"elementor-widget-wrap elementor-element-populated\">\n\t\t\t\t\t\t<div class=\"elementor-element elementor-element-855dc52 elementor-widget elementor-widget-image\" data-id=\"855dc52\" data-element_type=\"widget\" data-e-type=\"widget\" data-widget_type=\"image.default\">\n\t\t\t\t<div class=\"elementor-widget-container\">\n\t\t\t\t\t\t\t\t\t\t\t\t\t\t\t<img decoding=\"async\" width=\"500\" height=\"500\" src=\"https:\/\/orbislog.com\/wp-content\/uploads\/2022\/11\/Partner-04-1.png\" class=\"attachment-large size-large wp-image-8990\" alt=\"\" srcset=\"https:\/\/orbislog.com\/wp-content\/uploads\/2022\/11\/Partner-04-1.png 500w, https:\/\/orbislog.com\/wp-content\/uploads\/2022\/11\/Partner-04-1-300x300.png 300w, https:\/\/orbislog.com\/wp-content\/uploads\/2022\/11\/Partner-04-1-150x150.png 150w\" sizes=\"(max-width: 500px) 100vw, 500px\">\t\t\t\t\t\t\t\t\t\t\t\t\t\t\t<\/div>\n\t\t\t\t<\/div>\n\t\t\t\t\t<\/div>\n\t\t<\/div>\n\t\t\t\t<div class=\"elementor-column elementor-col-33 elementor-top-column elementor-element elementor-element-c5eea29\" data-id=\"c5eea29\" data-element_type=\"column\" data-e-type=\"column\">\n\t\t\t<div class=\"elementor-widget-wrap elementor-element-populated\">\n\t\t\t\t\t\t<div class=\"elementor-element elementor-element-49137b5 elementor-widget elementor-widget-image\" data-id=\"49137b5\" data-element_type=\"widget\" data-e-type=\"widget\" data-widget_type=\"image.default\">\n\t\t\t\t<div class=\"elementor-widget-container\">\n\t\t\t\t\t\t\t\t\t\t\t\t\t\t\t<img decoding=\"async\" width=\"500\" height=\"500\" src=\"https:\/\/orbislog.com\/wp-content\/uploads\/2022\/11\/Partner-01.png\" class=\"attachment-large size-large wp-image-8968\" alt=\"\" srcset=\"https:\/\/orbislog.com\/wp-content\/uploads\/2022\/11\/Partner-01.png 500w, https:\/\/orbislog.com\/wp-content\/uploads\/2022\/11\/Partner-01-300x300.png 300w, https:\/\/orbislog.com\/wp-content\/uploads\/2022\/11\/Partner-01-150x150.png 150w\" sizes=\"(max-width: 500px) 100vw, 500px\">\t\t\t\t\t\t\t\t\t\t\t\t\t\t\t<\/div>\n\t\t\t\t<\/div>\n\t\t\t\t\t<\/div>\n\t\t<\/div>\n\t\t\t\t\t<\/div>\n\t\t<\/section>\n\t\t\t\t<section class=\"elementor-section elementor-top-section elementor-element elementor-element-49011cb elementor-section-boxed elementor-section-height-default elementor-section-height-default qodef-elementor-content-no\" data-id=\"49011cb\" data-element_type=\"section\" data-e-type=\"section\">\n\t\t\t\t\t\t<div class=\"elementor-container elementor-column-gap-default\">\n\t\t\t\t\t<div class=\"elementor-column elementor-col-33 elementor-top-column elementor-element elementor-element-7d29447\" data-id=\"7d29447\" data-element_type=\"column\" data-e-type=\"column\">\n\t\t\t<div class=\"elementor-widget-wrap elementor-element-populated\">\n\t\t\t\t\t\t<div class=\"elementor-element elementor-element-c223f5b elementor-widget elementor-widget-image\" data-id=\"c223f5b\" data-element_type=\"widget\" data-e-type=\"widget\" data-widget_type=\"image.default\">\n\t\t\t\t<div class=\"elementor-widget-container\">\n\t\t\t\t\t\t\t\t\t\t\t\t\t\t\t<img loading=\"lazy\" decoding=\"async\" width=\"500\" height=\"500\" src=\"https:\/\/orbislog.com\/wp-content\/uploads\/2022\/11\/Partner-05-1.png\" class=\"attachment-large size-large wp-image-8980\" alt=\"\" srcset=\"https:\/\/orbislog.com\/wp-content\/uploads\/2022\/11\/Partner-05-1.png 500w, https:\/\/orbislog.com\/wp-content\/uploads\/2022\/11\/Partner-05-1-300x300.png 300w, https:\/\/orbislog.com\/wp-content\/uploads\/2022\/11\/Partner-05-1-150x150.png 150w\" sizes=\"(max-width: 500px) 100vw, 500px\">\t\t\t\t\t\t\t\t\t\t\t\t\t\t\t<\/div>\n\t\t\t\t<\/div>\n\t\t\t\t\t<\/div>\n\t\t<\/div>\n\t\t\t\t<div class=\"elementor-column elementor-col-33 elementor-top-column elementor-element elementor-element-bef0878\" data-id=\"bef0878\" data-element_type=\"column\" data-e-type=\"column\">\n\t\t\t<div class=\"elementor-widget-wrap elementor-element-populated\">\n\t\t\t\t\t\t<div class=\"elementor-element elementor-element-6a801b3 elementor-widget elementor-widget-image\" data-id=\"6a801b3\" data-element_type=\"widget\" data-e-type=\"widget\" data-widget_type=\"image.default\">\n\t\t\t\t<div class=\"elementor-widget-container\">\n\t\t\t\t\t\t\t\t\t\t\t\t\t\t\t<img loading=\"lazy\" decoding=\"async\" width=\"500\" height=\"500\" src=\"https:\/\/orbislog.com\/wp-content\/uploads\/2022\/11\/Partner-02.png\" class=\"attachment-large size-large wp-image-8971\" alt=\"\" srcset=\"https:\/\/orbislog.com\/wp-content\/uploads\/2022\/11\/Partner-02.png 500w, https:\/\/orbislog.com\/wp-content\/uploads\/2022\/11\/Partner-02-300x300.png 300w, https:\/\/orbislog.com\/wp-content\/uploads\/2022\/11\/Partner-02-150x150.png 150w\" sizes=\"(max-width: 500px) 100vw, 500px\">\t\t\t\t\t\t\t\t\t\t\t\t\t\t\t<\/div>\n\t\t\t\t<\/div>\n\t\t\t\t\t<\/div>\n\t\t<\/div>\n\t\t\t\t<div class=\"elementor-column elementor-col-33 elementor-top-column elementor-element elementor-element-d37b274\" data-id=\"d37b274\" data-element_type=\"column\" data-e-type=\"column\">\n\t\t\t<div class=\"elementor-widget-wrap elementor-element-populated\">\n\t\t\t\t\t\t<div class=\"elementor-element elementor-element-db4c77a elementor-widget elementor-widget-image\" data-id=\"db4c77a\" data-element_type=\"widget\" data-e-type=\"widget\" data-widget_type=\"image.default\">\n\t\t\t\t<div class=\"elementor-widget-container\">\n\t\t\t\t\t\t\t\t\t\t\t\t\t\t\t<img loading=\"lazy\" decoding=\"async\" width=\"500\" height=\"500\" src=\"https:\/\/orbislog.com\/wp-content\/uploads\/2022\/11\/Partner-06-1.png\" class=\"attachment-large size-large wp-image-8986\" alt=\"\" srcset=\"https:\/\/orbislog.com\/wp-content\/uploads\/2022\/11\/Partner-06-1.png 500w, https:\/\/orbislog.com\/wp-content\/uploads\/2022\/11\/Partner-06-1-300x300.png 300w, https:\/\/orbislog.com\/wp-content\/uploads\/2022\/11\/Partner-06-1-150x150.png 150w\" sizes=\"(max-width: 500px) 100vw, 500px\">\t\t\t\t\t\t\t\t\t\t\t\t\t\t\t<\/div>\n\t\t\t\t<\/div>\n\t\t\t\t\t<\/div>\n\t\t<\/div>\n\t\t\t\t\t<\/div>\n\t\t<\/section>\n\t\t\t\t<\/div>\n\t\t","protected":false},"excerpt":{"rendered":"<p>Nuestra empresa, fundada en 2017, dispone de un equipo experto, joven y din\u00e1mico y ofrece servicios de transporte y almacenaje de contenedores desde Turqu\u00eda a todos los puertos. En 2022, Orbis Logistics abri\u00f3 una nueva oficina en el Reino Unido. Nuestro personal, especializado y profesional, est\u00e1 preparado para ayudarle en todos los aspectos relacionados con [&hellip;]<\/p>\n","protected":false},"author":1,"featured_media":0,"parent":0,"menu_order":0,"comment_status":"closed","ping_status":"closed","template":"page-full-width.php","meta":{"footnotes":""},"class_list":["post-10369","page","type-page","status-publish","hentry"],"_links":{"self":[{"href":"https:\/\/orbislog.com\/es\/wp-json\/wp\/v2\/pages\/10369","targetHints":{"allow":["GET"]}}],"collection":[{"href":"https:\/\/orbislog.com\/es\/wp-json\/wp\/v2\/pages"}],"about":[{"href":"https:\/\/orbislog.com\/es\/wp-json\/wp\/v2\/types\/page"}],"author":[{"embeddable":true,"href":"https:\/\/orbislog.com\/es\/wp-json\/wp\/v2\/users\/1"}],"replies":[{"embeddable":true,"href":"https:\/\/orbislog.com\/es\/wp-json\/wp\/v2\/comments?post=10369"}],"version-history":[{"count":1,"href":"https:\/\/orbislog.com\/es\/wp-json\/wp\/v2\/pages\/10369\/revisions"}],"predecessor-version":[{"id":11086,"href":"https:\/\/orbislog.com\/es\/wp-json\/wp\/v2\/pages\/10369\/revisions\/11086"}],"wp:attachment":[{"href":"https:\/\/orbislog.com\/es\/wp-json\/wp\/v2\/media?parent=10369"}],"curies":[{"name":"wp","href":"https:\/\/api.w.org\/{rel}","templated":true}]}}